{"id":48433,"date":"2024-03-04T13:01:24","date_gmt":"2024-03-04T13:01:24","guid":{"rendered":"https:\/\/pfkeepers.com\/produto\/seachem-purigen-filter-resin-100ml\/"},"modified":"2026-04-18T23:50:32","modified_gmt":"2026-04-18T23:50:32","slug":"seachem-purigen-filter-resin-100ml","status":"publish","type":"product","link":"https:\/\/pfkeepers.com\/english\/product\/seachem-purigen-filter-resin-100ml\/","title":{"rendered":"Seachem Purigen 100ml"},"content":{"rendered":"<p>Purigen\u00ae \u00e9 um adsorvente sint\u00e9tico premium diferente de qualquer outro produto de filtra\u00e7\u00e3o. N\u00e3o \u00e9 uma mistura de trocadores de \u00edons ou adsorventes, mas um pol\u00edmero sint\u00e9tico macroporoso \u00fanico que remove impurezas sol\u00faveis e insol\u00faveis da \u00e1gua a uma taxa e capacidade que excede todos os outros produtos concorrentes em mais de 500%. Purigen\u00ae controla a am\u00f4nia, nitritos e nitratos removendo res\u00edduos org\u00e2nicos nitrogenados que, de outra forma, liberariam esses compostos prejudiciais. O impacto de Purigen em oligoelementos \u00e9 m\u00ednimo. Aumenta significativamente o redox. Ele d\u00e1 brilho \u00e0 \u00e1gua com uma clareza incompar\u00e1vel. Purigen\u00ae escurece progressivamente \u00e0 medida que se exaure e \u00e9 facilmente renovado tratando com alvejante. Purigen\u00ae \u00e9 projetado para uso marinho e de \u00e1gua doce.<\/p>\n<p>Purigen\u00ae remove impurezas sol\u00faveis e insol\u00faveis da \u00e1gua a uma taxa e capacidade que excede todos os outros produtos concorrentes em mais de 500%.<\/p>\n<p>Purigen\u00ae \u00e9 a resina de filtra\u00e7\u00e3o org\u00e2nica de maior capacidade do mercado. Nenhum outro produto pode se comparar \u00e0 sua capacidade de limpar a turva\u00e7\u00e3o e polir a \u00e1gua com uma clareza incompar\u00e1vel. Ao contr\u00e1rio de outros produtos no mercado que s\u00e3o resinas de troca i\u00f4nica simples, Purigen\u00ae \u00e9 especificamente projetado para ser uma resina de elimina\u00e7\u00e3o org\u00e2nica. Quando as resinas de troca i\u00f4nica s\u00e3o preenchidas por metais e outros contaminantes, Purigen\u00ae mal come\u00e7ou a atingir seu potencial. Purigen\u00ae geralmente ignora compostos elementares simples, tendo uma extrema afinidade com compostos org\u00e2nicos nitrogenados. A principal fonte de compostos nitrogenados em um aqu\u00e1rio s\u00e3o os res\u00edduos. Peixes, corais e at\u00e9 plantas produzem res\u00edduos nitrogenados. Purigen\u00ae remove esses res\u00edduos de forma mais r\u00e1pida e completa do que qualquer outra coisa no mercado.<\/p>\n<p>Tamanhos: 100 mL, 250 mL, 500 mL, 1 L, 2 L, 4 L<\/p>\n<p>Enx\u00e1g\u00fce antes de usar. Use em uma bolsa de filtro de malha fina (180 m\u00edcrons ou menos), como Seachem\u2019s The Bag \u2122. Para melhores resultados, Purigen\u00ae deve ser colocado de forma a maximizar o fluxo de \u00e1gua atrav\u00e9s dele. Ele pode ser usado em um filtro canister, c\u00e2mara de m\u00eddia, filtro de caixa ou qualquer \u00e1rea de alto fluxo de um filtro de gotejamento. Cada 250 mL trata at\u00e9 1.000 L (250 gal\u00f5es americanos) por at\u00e9 seis meses. A exaust\u00e3o \u00e9 indicada por uma descolora\u00e7\u00e3o pronunciada das contas para marrom escuro ou preto.<\/p>\n<p>Regenera\u00e7\u00e3o<br \/>\nMergulhe em uma solu\u00e7\u00e3o de \u00e1gua sanit\u00e1ria 1: 1 por 24 horas em um recipiente n\u00e3o met\u00e1lico em uma \u00e1rea bem ventilada e longe do alcance das crian\u00e7as. Use lix\u00edvia dom\u00e9stica normal com hipoclorito a 8,25% (sem perfume, sem corantes, n\u00e3o use lix\u00edvia anti-salpicos). Enx\u00e1g\u00fce bem e deixe de molho por 8 horas com uma solu\u00e7\u00e3o contendo 4 colheres de sopa de Prime\u00ae, ou desclorador equivalente por x\u00edcara de \u00e1gua. Enxague bem. Para uso em \u00e1gua doce, deixe de molho por 4 horas com uma solu\u00e7\u00e3o contendo 2 colheres de sopa de tamp\u00e3o por x\u00edcara de \u00e1gua (Discus Buffer\u00ae, Neutral Regulator\u00ae). A cor original e toda a atividade devem agora ser restauradas e o Purigen\u00ae est\u00e1 pronto para ser reutilizado. Cuidado: alguns produtos de revestimento viscoso podem sujar permanentemente o Purigen\u00ae e dificultar a regenera\u00e7\u00e3o. N\u00e3o reutilize se o odor de alvejante \/ cloro for detect\u00e1vel. Em caso de d\u00favida, mergulhe as contas em uma pequena quantidade de \u00e1gua e teste o cloro residual com um kit de teste de cloro.<\/p>","protected":false},"excerpt":{"rendered":"<p>Purigen\u00ae \u00e9 um adsorvente sint\u00e9tico premium diferente de qualquer outro produto de filtra\u00e7\u00e3o. N\u00e3o \u00e9 uma mistura de trocadores de \u00edons ou adsorventes, mas um pol\u00edmero sint\u00e9tico macroporoso \u00fanico que remove impurezas sol\u00faveis e insol\u00faveis da \u00e1gua a uma taxa e capacidade que excede todos os outros produtos concorrentes em mais de 500%. Purigen\u00ae controla &hellip;<\/p>\n<p class=\"read-more\"> <a class=\"\" href=\"https:\/\/pfkeepers.com\/english\/product\/seachem-purigen-filter-resin-100ml\/\"> <span class=\"screen-reader-text\">Seachem Purigen 100ml<\/span> Read More &raquo;<\/a><\/p>","protected":false},"featured_media":48434,"template":"","meta":{"site-sidebar-layout":"default","site-content-layout":"","ast-site-content-layout":"default","site-content-style":"default","site-sidebar-style":"default","ast-global-header-display":"","ast-banner-title-visibility":"","ast-main-header-display":"","ast-hfb-above-header-display":"","ast-hfb-below-header-display":"","ast-hfb-mobile-header-display":"","site-post-title":"","ast-breadcrumbs-content":"","ast-featured-img":"","footer-sml-layout":"","theme-transparent-header-meta":"default","adv-header-id-meta":"","stick-header-meta":"","header-above-stick-meta":"","header-main-stick-meta":"","header-below-stick-meta":"","astra-migrate-meta-layouts":"set"},"product_cat":[1583],"product_tag":[1037],"_links":{"self":[{"href":"https:\/\/pfkeepers.com\/english\/wp-json\/wp\/v2\/product\/48433"}],"collection":[{"href":"https:\/\/pfkeepers.com\/english\/wp-json\/wp\/v2\/product"}],"about":[{"href":"https:\/\/pfkeepers.com\/english\/wp-json\/wp\/v2\/types\/product"}],"wp:featuredmedia":[{"embeddable":true,"href":"https:\/\/pfkeepers.com\/english\/wp-json\/wp\/v2\/media\/48434"}],"wp:attachment":[{"href":"https:\/\/pfkeepers.com\/english\/wp-json\/wp\/v2\/media?parent=48433"}],"wp:term":[{"taxonomy":"product_cat","embeddable":true,"href":"https:\/\/pfkeepers.com\/english\/wp-json\/wp\/v2\/product_cat?post=48433"},{"taxonomy":"product_tag","embeddable":true,"href":"https:\/\/pfkeepers.com\/english\/wp-json\/wp\/v2\/product_tag?post=48433"}],"curies":[{"name":"wp","href":"https:\/\/api.w.org\/{rel}","templated":true}]}}