{"id":48417,"date":"2024-03-04T13:00:55","date_gmt":"2024-03-04T13:00:55","guid":{"rendered":"https:\/\/pfkeepers.com\/produto\/fluval-spec-freshwater-aquarium-kit-60l\/"},"modified":"2026-04-18T02:35:04","modified_gmt":"2026-04-18T02:35:04","slug":"fluval-spec-freshwater-aquarium-kit-60l","status":"publish","type":"product","link":"https:\/\/pfkeepers.com\/english\/product\/fluval-spec-freshwater-aquarium-kit-60l\/","title":{"rendered":"Fluval Freshwater Aquarium Kit 60L"},"content":{"rendered":"<p>O aqu\u00e1rio SPEC da FLUVAL tem uma ilumina\u00e7\u00e3o LED 7000 K de alto desempenho, que gera uma ilumina\u00e7\u00e3o 20% mais brilhamte para cores ais marcantes e maior crescimento das plantas. Esta gama de aqu\u00e1rios tem ainda um poderoso sistema de filtragem em 3 est\u00e1gios, com materiais de filtro mec\u00e2nico, qu\u00edmico e biol\u00f3gico de grandes dimens\u00f5es, que garante a qualidade ideal da \u00e1gua do aqu\u00e1rio.<\/p>\n<p>FLUVAL SPEC 60 L<br \/>\nLuz LED de alto desempenho 7000 K melhora o crescimento das plantas e real\u00e7a as cores dos peixes;<br \/>\nLuz LED com interruptor de ilumina\u00e7\u00e3o diurna e noturna;<br \/>\nPoderoso sistema de filtragem de tr\u00eas est\u00e1gios;<br \/>\nDesign elegante em forma de colmeia, que esconde a zona de filtragem e a linha de \u00e1gua;<br \/>\nTampa multifuncional.<br \/>\nINCLUI<br \/>\nAqu\u00e1rio de vidro com tampa;<br \/>\nSistema de ilumina\u00e7\u00e3o LED;<br \/>\nTransformador seguro e de baixa tens\u00e3o;<br \/>\nBloco de filtro de espuma de al\u00e7a FLUVAL;<br \/>\nMaterial de filtro de carv\u00e3o ativado FLUVAL;<br \/>\nFLUVAL Biomax.<\/p>","protected":false},"excerpt":{"rendered":"<p>O aqu\u00e1rio SPEC da FLUVAL tem uma ilumina\u00e7\u00e3o LED 7000 K de alto desempenho, que gera uma ilumina\u00e7\u00e3o 20% mais brilhamte para cores ais marcantes e maior crescimento das plantas. Esta gama de aqu\u00e1rios tem ainda um poderoso sistema de filtragem em 3 est\u00e1gios, com materiais de filtro mec\u00e2nico, qu\u00edmico e biol\u00f3gico de grandes dimens\u00f5es, &hellip;<\/p>\n<p class=\"read-more\"> <a class=\"\" href=\"https:\/\/pfkeepers.com\/english\/product\/fluval-spec-freshwater-aquarium-kit-60l\/\"> <span class=\"screen-reader-text\">Fluval Freshwater Aquarium Kit 60L<\/span> Read More &raquo;<\/a><\/p>","protected":false},"featured_media":48418,"template":"","meta":{"site-sidebar-layout":"default","site-content-layout":"","ast-site-content-layout":"default","site-content-style":"default","site-sidebar-style":"default","ast-global-header-display":"","ast-banner-title-visibility":"","ast-main-header-display":"","ast-hfb-above-header-display":"","ast-hfb-below-header-display":"","ast-hfb-mobile-header-display":"","site-post-title":"","ast-breadcrumbs-content":"","ast-featured-img":"","footer-sml-layout":"","theme-transparent-header-meta":"default","adv-header-id-meta":"","stick-header-meta":"","header-above-stick-meta":"","header-main-stick-meta":"","header-below-stick-meta":"","astra-migrate-meta-layouts":"set"},"product_cat":[1388],"product_tag":[738],"_links":{"self":[{"href":"https:\/\/pfkeepers.com\/english\/wp-json\/wp\/v2\/product\/48417"}],"collection":[{"href":"https:\/\/pfkeepers.com\/english\/wp-json\/wp\/v2\/product"}],"about":[{"href":"https:\/\/pfkeepers.com\/english\/wp-json\/wp\/v2\/types\/product"}],"wp:featuredmedia":[{"embeddable":true,"href":"https:\/\/pfkeepers.com\/english\/wp-json\/wp\/v2\/media\/48418"}],"wp:attachment":[{"href":"https:\/\/pfkeepers.com\/english\/wp-json\/wp\/v2\/media?parent=48417"}],"wp:term":[{"taxonomy":"product_cat","embeddable":true,"href":"https:\/\/pfkeepers.com\/english\/wp-json\/wp\/v2\/product_cat?post=48417"},{"taxonomy":"product_tag","embeddable":true,"href":"https:\/\/pfkeepers.com\/english\/wp-json\/wp\/v2\/product_tag?post=48417"}],"curies":[{"name":"wp","href":"https:\/\/api.w.org\/{rel}","templated":true}]}}