{"id":48409,"date":"2024-03-04T13:00:46","date_gmt":"2024-03-04T13:00:46","guid":{"rendered":"https:\/\/pfkeepers.com\/produto\/v2-pure-5-micron-cartridge-filter\/"},"modified":"2026-04-18T23:49:57","modified_gmt":"2026-04-18T23:49:57","slug":"v2-pure-5-micron-cartridge-filter","status":"publish","type":"product","link":"https:\/\/pfkeepers.com\/english\/product\/v2-pure-5-micron-cartridge-filter\/","title":{"rendered":"V2 Pure 5 Micron Cartridge Filter"},"content":{"rendered":"<p>Cartuxo de Sedimentos at\u00e9 5\u00b5m (microns) ou 10&#8221; (polegadas) <\/p>\n<p>Serve para eliminar areia, lodo, part\u00edculas de p\u00f3 e de ferrugem da \u00e1gua. Permite caudais elevados com quebras de press\u00e3o m\u00ednimas, um tempo de reten\u00e7\u00e3o de contaminantes elevado e um dura\u00e7\u00e3o polongada.<\/p>\n<p>Aten\u00e7\u00e3o!<\/p>\n<p>N\u00e3o utilizar em \u00e1gua que n\u00e3o seja segura a n\u00edvel microbiol\u00f3gico ou de qualidade desconhecida.<br \/>\nEste cartuxo n\u00e3o elimina qu\u00edmicos, nem desinfecta a \u00e1gua.<br \/>\nUtilizar apenas em \u00e1guas com temperaturas at\u00e9 65\u00baC.<\/p>","protected":false},"excerpt":{"rendered":"<p>Cartuxo de Sedimentos at\u00e9 5\u00b5m (microns) ou 10&#8221; (polegadas) Serve para eliminar areia, lodo, part\u00edculas de p\u00f3 e de ferrugem da \u00e1gua. Permite caudais elevados com quebras de press\u00e3o m\u00ednimas, um tempo de reten\u00e7\u00e3o de contaminantes elevado e um dura\u00e7\u00e3o polongada. Aten\u00e7\u00e3o! N\u00e3o utilizar em \u00e1gua que n\u00e3o seja segura a n\u00edvel microbiol\u00f3gico ou de &hellip;<\/p>\n<p class=\"read-more\"> <a class=\"\" href=\"https:\/\/pfkeepers.com\/english\/product\/v2-pure-5-micron-cartridge-filter\/\"> <span class=\"screen-reader-text\">V2 Pure 5 Micron Cartridge Filter<\/span> Read More &raquo;<\/a><\/p>","protected":false},"featured_media":298663,"template":"","meta":{"site-sidebar-layout":"default","site-content-layout":"","ast-site-content-layout":"","site-content-style":"default","site-sidebar-style":"default","ast-global-header-display":"","ast-banner-title-visibility":"","ast-main-header-display":"","ast-hfb-above-header-display":"","ast-hfb-below-header-display":"","ast-hfb-mobile-header-display":"","site-post-title":"","ast-breadcrumbs-content":"","ast-featured-img":"","footer-sml-layout":"","theme-transparent-header-meta":"","adv-header-id-meta":"","stick-header-meta":"","header-above-stick-meta":"","header-main-stick-meta":"","header-below-stick-meta":"","astra-migrate-meta-layouts":""},"product_cat":[1397],"product_tag":[1058],"_links":{"self":[{"href":"https:\/\/pfkeepers.com\/english\/wp-json\/wp\/v2\/product\/48409"}],"collection":[{"href":"https:\/\/pfkeepers.com\/english\/wp-json\/wp\/v2\/product"}],"about":[{"href":"https:\/\/pfkeepers.com\/english\/wp-json\/wp\/v2\/types\/product"}],"wp:featuredmedia":[{"embeddable":true,"href":"https:\/\/pfkeepers.com\/english\/wp-json\/wp\/v2\/media\/298663"}],"wp:attachment":[{"href":"https:\/\/pfkeepers.com\/english\/wp-json\/wp\/v2\/media?parent=48409"}],"wp:term":[{"taxonomy":"product_cat","embeddable":true,"href":"https:\/\/pfkeepers.com\/english\/wp-json\/wp\/v2\/product_cat?post=48409"},{"taxonomy":"product_tag","embeddable":true,"href":"https:\/\/pfkeepers.com\/english\/wp-json\/wp\/v2\/product_tag?post=48409"}],"curies":[{"name":"wp","href":"https:\/\/api.w.org\/{rel}","templated":true}]}}