{"id":48394,"date":"2024-03-04T13:00:27","date_gmt":"2024-03-04T13:00:27","guid":{"rendered":"https:\/\/pfkeepers.com\/produto\/boyd-enterprises-chemi-pure-original-5oz-141g\/"},"modified":"2026-04-18T23:49:40","modified_gmt":"2026-04-18T23:49:40","slug":"boyd-enterprises-chemi-pure-original-5oz-141g","status":"publish","type":"product","link":"https:\/\/pfkeepers.com\/english\/product\/boyd-enterprises-chemi-pure-original-5oz-141g\/","title":{"rendered":"Boyd Enterprises Chemi-Pure Original 5oz (141g)"},"content":{"rendered":"<p>O meio de filtro de aqu\u00e1rio Chemi-Pure remove am\u00f4nia e outros produtos residuais nocivos e toxinas da \u00e1gua do aqu\u00e1rio, regula o pH e n\u00e3o cont\u00e9m fosfatos. Chemi-Pure \u00e9 um meio de filtro seguro e eficaz para a cria\u00e7\u00e3o de \u00e1gua cristalina do aqu\u00e1rio, reduz as mudan\u00e7as de \u00e1gua, torna os peixes mais saud\u00e1veis \u200b\u200be permite que os corais e invertebrados se aclimatem mais rapidamente e se desenvolvam no ambiente do aqu\u00e1rio. Chemi-pure n\u00e3o tem efeito sobre organismos biol\u00f3gicos ben\u00e9ficos e pode remover o cobre da dosagem de medicamentos. Ideal para aqu\u00e1rios de \u00e1gua doce ou salgada, Chemi-Pure \u00e9 o substituto perfeito para qualquer filtro de aqu\u00e1rio usando sacos de m\u00eddia de carbono. Leve a filtragem do seu aqu\u00e1rio para o pr\u00f3ximo n\u00edvel com Chemi-pure!<\/p>\n<p>Mant\u00e9m o pH est\u00e1vel e constante<br \/>\nReduz a perda de peixes devido a mudan\u00e7as de pH ou \u00e1gua polu\u00edda<br \/>\nMant\u00e9m os aqu\u00e1rios cristalinos<br \/>\nFornece rea\u00e7\u00f5es neurol\u00f3gicas positivas em peixes, imitando um ambiente natural<br \/>\nRemove org\u00e2nicos dissolvidos<br \/>\nAjuda os peixes a terem um apetite melhor<br \/>\nElimina o choque osm\u00f3tico<br \/>\nAumenta a expectativa de vida dos peixes<br \/>\nFiltra cobre, metais, odores e fenol<br \/>\nPrevine o antagonismo de \u00edons<br \/>\nDura 4-6 meses<\/p>","protected":false},"excerpt":{"rendered":"<p>O meio de filtro de aqu\u00e1rio Chemi-Pure remove am\u00f4nia e outros produtos residuais nocivos e toxinas da \u00e1gua do aqu\u00e1rio, regula o pH e n\u00e3o cont\u00e9m fosfatos. Chemi-Pure \u00e9 um meio de filtro seguro e eficaz para a cria\u00e7\u00e3o de \u00e1gua cristalina do aqu\u00e1rio, reduz as mudan\u00e7as de \u00e1gua, torna os peixes mais saud\u00e1veis \u200b\u200be &hellip;<\/p>\n<p class=\"read-more\"> <a class=\"\" href=\"https:\/\/pfkeepers.com\/english\/product\/boyd-enterprises-chemi-pure-original-5oz-141g\/\"> <span class=\"screen-reader-text\">Boyd Enterprises Chemi-Pure Original 5oz (141g)<\/span> Read More &raquo;<\/a><\/p>","protected":false},"featured_media":48395,"template":"","meta":{"site-sidebar-layout":"default","site-content-layout":"","ast-site-content-layout":"default","site-content-style":"default","site-sidebar-style":"default","ast-global-header-display":"","ast-banner-title-visibility":"","ast-main-header-display":"","ast-hfb-above-header-display":"","ast-hfb-below-header-display":"","ast-hfb-mobile-header-display":"","site-post-title":"","ast-breadcrumbs-content":"","ast-featured-img":"","footer-sml-layout":"","theme-transparent-header-meta":"default","adv-header-id-meta":"","stick-header-meta":"","header-above-stick-meta":"","header-main-stick-meta":"","header-below-stick-meta":"","astra-migrate-meta-layouts":"set"},"product_cat":[1583],"product_tag":[805],"_links":{"self":[{"href":"https:\/\/pfkeepers.com\/english\/wp-json\/wp\/v2\/product\/48394"}],"collection":[{"href":"https:\/\/pfkeepers.com\/english\/wp-json\/wp\/v2\/product"}],"about":[{"href":"https:\/\/pfkeepers.com\/english\/wp-json\/wp\/v2\/types\/product"}],"wp:featuredmedia":[{"embeddable":true,"href":"https:\/\/pfkeepers.com\/english\/wp-json\/wp\/v2\/media\/48395"}],"wp:attachment":[{"href":"https:\/\/pfkeepers.com\/english\/wp-json\/wp\/v2\/media?parent=48394"}],"wp:term":[{"taxonomy":"product_cat","embeddable":true,"href":"https:\/\/pfkeepers.com\/english\/wp-json\/wp\/v2\/product_cat?post=48394"},{"taxonomy":"product_tag","embeddable":true,"href":"https:\/\/pfkeepers.com\/english\/wp-json\/wp\/v2\/product_tag?post=48394"}],"curies":[{"name":"wp","href":"https:\/\/api.w.org\/{rel}","templated":true}]}}