{"id":48366,"date":"2024-03-04T12:59:15","date_gmt":"2024-03-04T12:59:15","guid":{"rendered":"https:\/\/pfkeepers.com\/produto\/seachem-stability-50ml\/"},"modified":"2026-04-18T23:48:58","modified_gmt":"2026-04-18T23:48:58","slug":"seachem-stability-50ml","status":"publish","type":"product","link":"https:\/\/pfkeepers.com\/english\/product\/seachem-stability-50ml\/","title":{"rendered":"Seachem Stability 50ml"},"content":{"rendered":"<p>STABILITY pode r\u00e1pidamente (e com seguran\u00e7a) estabelecer a filtragem biol\u00f3gica em aqu\u00e1rios de \u00e1gua doce e salgada, prevenindo a principal causa de mortalidade de peixesa &#8220;S\u00edndrome do novo aqu\u00e1rio&#8221; .<\/p>\n<p>\u00c9 especificamente formulado para aqu\u00e1rios e cont\u00e9m um composto sin\u00e9rgico de bact\u00e9rias aer\u00f3bicas, anaer\u00f3bicas e opcionais que facilitam a remo\u00e7\u00e3o de res\u00edduos org\u00e2nicos, am\u00f4nia, nitrito e nitrato.<\/p>","protected":false},"excerpt":{"rendered":"<p>STABILITY pode r\u00e1pidamente (e com seguran\u00e7a) estabelecer a filtragem biol\u00f3gica em aqu\u00e1rios de \u00e1gua doce e salgada, prevenindo a principal causa de mortalidade de peixesa &#8220;S\u00edndrome do novo aqu\u00e1rio&#8221; . \u00c9 especificamente formulado para aqu\u00e1rios e cont\u00e9m um composto sin\u00e9rgico de bact\u00e9rias aer\u00f3bicas, anaer\u00f3bicas e opcionais que facilitam a remo\u00e7\u00e3o de res\u00edduos org\u00e2nicos, am\u00f4nia, nitrito &hellip;<\/p>\n<p class=\"read-more\"> <a class=\"\" href=\"https:\/\/pfkeepers.com\/english\/product\/seachem-stability-50ml\/\"> <span class=\"screen-reader-text\">Seachem Stability 50ml<\/span> Read More &raquo;<\/a><\/p>","protected":false},"featured_media":48367,"template":"","meta":{"site-sidebar-layout":"default","site-content-layout":"","ast-site-content-layout":"","site-content-style":"default","site-sidebar-style":"default","ast-global-header-display":"","ast-banner-title-visibility":"","ast-main-header-display":"","ast-hfb-above-header-display":"","ast-hfb-below-header-display":"","ast-hfb-mobile-header-display":"","site-post-title":"","ast-breadcrumbs-content":"","ast-featured-img":"","footer-sml-layout":"","theme-transparent-header-meta":"","adv-header-id-meta":"","stick-header-meta":"","header-above-stick-meta":"","header-main-stick-meta":"","header-below-stick-meta":"","astra-migrate-meta-layouts":""},"product_cat":[1489],"product_tag":[1037],"_links":{"self":[{"href":"https:\/\/pfkeepers.com\/english\/wp-json\/wp\/v2\/product\/48366"}],"collection":[{"href":"https:\/\/pfkeepers.com\/english\/wp-json\/wp\/v2\/product"}],"about":[{"href":"https:\/\/pfkeepers.com\/english\/wp-json\/wp\/v2\/types\/product"}],"wp:featuredmedia":[{"embeddable":true,"href":"https:\/\/pfkeepers.com\/english\/wp-json\/wp\/v2\/media\/48367"}],"wp:attachment":[{"href":"https:\/\/pfkeepers.com\/english\/wp-json\/wp\/v2\/media?parent=48366"}],"wp:term":[{"taxonomy":"product_cat","embeddable":true,"href":"https:\/\/pfkeepers.com\/english\/wp-json\/wp\/v2\/product_cat?post=48366"},{"taxonomy":"product_tag","embeddable":true,"href":"https:\/\/pfkeepers.com\/english\/wp-json\/wp\/v2\/product_tag?post=48366"}],"curies":[{"name":"wp","href":"https:\/\/api.w.org\/{rel}","templated":true}]}}