{"id":48360,"date":"2024-03-04T12:59:09","date_gmt":"2024-03-04T12:59:09","guid":{"rendered":"https:\/\/pfkeepers.com\/produto\/seachem-flourish-nitrogen-100ml\/"},"modified":"2025-02-27T19:56:55","modified_gmt":"2025-02-27T19:56:55","slug":"seachem-flourish-nitrogen-100ml","status":"publish","type":"product","link":"https:\/\/pfkeepers.com\/english\/product\/seachem-flourish-nitrogen-100ml\/","title":{"rendered":"Seachem Flourish Nitrogen 100ml"},"content":{"rendered":"<p>Nitrogen is one of the main three macro nutrients (nitrogen, phosphorus, potassium: NPK) required by plants and can often become the limiting factor to growth in a flourishing system. Flourish Nitrogen\u2122 is a concentrated (15,000 mg\/L) blend of nitrogen sources. It provides nitrogen in both the nitrate form and the plant\u2013preferred ammonium form. However, no free ammonia is released because the ammonium in Flourish Nitrogen\u2122 is complexed and unavailable until utilized by the plants. Ammonium becomes available after conversion of urea (carbamide). Flourish Nitrogen\u2122 also provides nitrate for those plants that can readily utilize nitrate as well. For maximum benefit, use with Flourish Phosphorus\u2122 and Flourish Potassium\u2122. Flourish Nitrogen\u2122 is safe for invertebrates such as shrimp.<\/p>","protected":false},"excerpt":{"rendered":"<p>O nitrog\u00eanio \u00e9 um dos tr\u00eas principais macronutrientes (nitrog\u00eanio, f\u00f3sforo, pot\u00e1ssio: NPK) requeridos pelas plantas e muitas vezes pode se tornar o fator limitante para o crescimento em um sistema florescente. Flourish Nitrogen \u2122 \u00e9 uma mistura concentrada (15.000 mg \/ L) de fontes de nitrog\u00eanio. Ele fornece nitrog\u00eanio na forma de nitrato e na &hellip;<\/p>\n<p class=\"read-more\"> <a class=\"\" href=\"https:\/\/pfkeepers.com\/english\/product\/seachem-flourish-nitrogen-100ml\/\"> <span class=\"screen-reader-text\">Seachem Flourish Nitrogen 100ml<\/span> Read More &raquo;<\/a><\/p>","protected":false},"featured_media":357767,"template":"","meta":{"site-sidebar-layout":"default","site-content-layout":"","ast-site-content-layout":"","site-content-style":"default","site-sidebar-style":"default","ast-global-header-display":"","ast-banner-title-visibility":"","ast-main-header-display":"","ast-hfb-above-header-display":"","ast-hfb-below-header-display":"","ast-hfb-mobile-header-display":"","site-post-title":"","ast-breadcrumbs-content":"","ast-featured-img":"","footer-sml-layout":"","theme-transparent-header-meta":"","adv-header-id-meta":"","stick-header-meta":"","header-above-stick-meta":"","header-main-stick-meta":"","header-below-stick-meta":"","astra-migrate-meta-layouts":""},"product_cat":[1395],"product_tag":[1037],"_links":{"self":[{"href":"https:\/\/pfkeepers.com\/english\/wp-json\/wp\/v2\/product\/48360"}],"collection":[{"href":"https:\/\/pfkeepers.com\/english\/wp-json\/wp\/v2\/product"}],"about":[{"href":"https:\/\/pfkeepers.com\/english\/wp-json\/wp\/v2\/types\/product"}],"wp:featuredmedia":[{"embeddable":true,"href":"https:\/\/pfkeepers.com\/english\/wp-json\/wp\/v2\/media\/357767"}],"wp:attachment":[{"href":"https:\/\/pfkeepers.com\/english\/wp-json\/wp\/v2\/media?parent=48360"}],"wp:term":[{"taxonomy":"product_cat","embeddable":true,"href":"https:\/\/pfkeepers.com\/english\/wp-json\/wp\/v2\/product_cat?post=48360"},{"taxonomy":"product_tag","embeddable":true,"href":"https:\/\/pfkeepers.com\/english\/wp-json\/wp\/v2\/product_tag?post=48360"}],"curies":[{"name":"wp","href":"https:\/\/api.w.org\/{rel}","templated":true}]}}