{"id":48350,"date":"2024-03-04T12:58:56","date_gmt":"2024-03-04T12:58:56","guid":{"rendered":"https:\/\/pfkeepers.com\/produto\/reef-dip-100ml-seachem\/"},"modified":"2026-04-18T23:48:46","modified_gmt":"2026-04-18T23:48:46","slug":"reef-dip-100ml-seachem","status":"publish","type":"product","link":"https:\/\/pfkeepers.com\/english\/product\/reef-dip-100ml-seachem\/","title":{"rendered":"Seachem Reef Dip 100ml"},"content":{"rendered":"<p>Reef Dip \u2122 cont\u00e9m iodo elementar complexado a uma camada protetora de limo para desinfetar corais com seguran\u00e7a e suavidade. \u00c9 eficaz contra bact\u00e9rias, fungos e protozo\u00e1rios. Pode ser usado profilaticamente (sem evid\u00eancia de doen\u00e7a) ou para tratar amostras doentes. \u00c9 seguro usar com corais p\u00e9treos e moles. Tamb\u00e9m \u00e9 seguro para an\u00eamonas e p\u00f3lipos.<\/p>\n<p>Reef Dip \u2122 fornece um complexo de revestimento de limo protetor que cobre o coral, mantendo o iodo em contato com o local infectado por longos per\u00edodos de tempo. <\/p>","protected":false},"excerpt":{"rendered":"<p>Reef Dip \u2122 cont\u00e9m iodo elementar complexado a uma camada protetora de limo para desinfetar corais com seguran\u00e7a e suavidade. \u00c9 eficaz contra bact\u00e9rias, fungos e protozo\u00e1rios. Pode ser usado profilaticamente (sem evid\u00eancia de doen\u00e7a) ou para tratar amostras doentes. \u00c9 seguro usar com corais p\u00e9treos e moles. Tamb\u00e9m \u00e9 seguro para an\u00eamonas e p\u00f3lipos. &hellip;<\/p>\n<p class=\"read-more\"> <a class=\"\" href=\"https:\/\/pfkeepers.com\/english\/product\/reef-dip-100ml-seachem\/\"> <span class=\"screen-reader-text\">Seachem Reef Dip 100ml<\/span> Read More &raquo;<\/a><\/p>","protected":false},"featured_media":207926,"template":"","meta":{"site-sidebar-layout":"default","site-content-layout":"","ast-site-content-layout":"default","site-content-style":"default","site-sidebar-style":"default","ast-global-header-display":"","ast-banner-title-visibility":"","ast-main-header-display":"","ast-hfb-above-header-display":"","ast-hfb-below-header-display":"","ast-hfb-mobile-header-display":"","site-post-title":"","ast-breadcrumbs-content":"","ast-featured-img":"","footer-sml-layout":"","theme-transparent-header-meta":"default","adv-header-id-meta":"","stick-header-meta":"","header-above-stick-meta":"","header-main-stick-meta":"","header-below-stick-meta":"","astra-migrate-meta-layouts":"set"},"product_cat":[1394],"product_tag":[1037],"_links":{"self":[{"href":"https:\/\/pfkeepers.com\/english\/wp-json\/wp\/v2\/product\/48350"}],"collection":[{"href":"https:\/\/pfkeepers.com\/english\/wp-json\/wp\/v2\/product"}],"about":[{"href":"https:\/\/pfkeepers.com\/english\/wp-json\/wp\/v2\/types\/product"}],"wp:featuredmedia":[{"embeddable":true,"href":"https:\/\/pfkeepers.com\/english\/wp-json\/wp\/v2\/media\/207926"}],"wp:attachment":[{"href":"https:\/\/pfkeepers.com\/english\/wp-json\/wp\/v2\/media?parent=48350"}],"wp:term":[{"taxonomy":"product_cat","embeddable":true,"href":"https:\/\/pfkeepers.com\/english\/wp-json\/wp\/v2\/product_cat?post=48350"},{"taxonomy":"product_tag","embeddable":true,"href":"https:\/\/pfkeepers.com\/english\/wp-json\/wp\/v2\/product_tag?post=48350"}],"curies":[{"name":"wp","href":"https:\/\/api.w.org\/{rel}","templated":true}]}}