{"id":48339,"date":"2024-03-04T12:58:40","date_gmt":"2024-03-04T12:58:40","guid":{"rendered":"https:\/\/pfkeepers.com\/produto\/shrimp-pha150ml-lowers-ph-aquavitro\/"},"modified":"2025-02-27T19:55:59","modified_gmt":"2025-02-27T19:55:59","slug":"shrimp-pha150ml-lowers-ph-aquavitro","status":"publish","type":"product","link":"https:\/\/pfkeepers.com\/english\/product\/shrimp-pha150ml-lowers-ph-aquavitro\/","title":{"rendered":"Shrimp pHa150ml Lowers pH Aquavitro"},"content":{"rendered":"<p>Aquavitro\u00ae shrimp pHa \u00e9 uma parte de um sistema de duas partes que auxilia na replica\u00e7\u00e3o da qu\u00edmica da \u00e1gua encontrada nos habitats nativos de camar\u00f5es de \u00e1gua doce, tamponando a \u00e1gua para o pH natural para cada tipo espec\u00edfico de camar\u00e3o. Usado de acordo com as instru\u00e7\u00f5es, shrimp pH a mant\u00e9m os par\u00e2metros de pH adequados de camar\u00f5es de \u00e1gua doce, ao mesmo tempo em que amacia a \u00e1gua e apoia o crescimento de plantas em aqu\u00e1rios de camar\u00e3o. shrimp pH a \u00e9 feito de um sistema tamp\u00e3o exclusivo que \u00e9 extremamente est\u00e1vel e n\u00e3o adiciona s\u00f3dio, o que pode danificar as plantas no aqu\u00e1rio.<\/p>","protected":false},"excerpt":{"rendered":"<p>Aquavitro\u00ae shrimp pHa \u00e9 uma parte de um sistema de duas partes que auxilia na replica\u00e7\u00e3o da qu\u00edmica da \u00e1gua encontrada nos habitats nativos de camar\u00f5es de \u00e1gua doce, tamponando a \u00e1gua para o pH natural para cada tipo espec\u00edfico de camar\u00e3o. Usado de acordo com as instru\u00e7\u00f5es, shrimp pH a mant\u00e9m os par\u00e2metros de &hellip;<\/p>\n<p class=\"read-more\"> <a class=\"\" href=\"https:\/\/pfkeepers.com\/english\/product\/shrimp-pha150ml-lowers-ph-aquavitro\/\"> <span class=\"screen-reader-text\">Shrimp pHa150ml Lowers pH Aquavitro<\/span> Read More &raquo;<\/a><\/p>","protected":false},"featured_media":357742,"template":"","meta":{"site-sidebar-layout":"default","site-content-layout":"","ast-site-content-layout":"","site-content-style":"default","site-sidebar-style":"default","ast-global-header-display":"","ast-banner-title-visibility":"","ast-main-header-display":"","ast-hfb-above-header-display":"","ast-hfb-below-header-display":"","ast-hfb-mobile-header-display":"","site-post-title":"","ast-breadcrumbs-content":"","ast-featured-img":"","footer-sml-layout":"","theme-transparent-header-meta":"","adv-header-id-meta":"","stick-header-meta":"","header-above-stick-meta":"","header-main-stick-meta":"","header-below-stick-meta":"","astra-migrate-meta-layouts":""},"product_cat":[1489],"product_tag":[781],"_links":{"self":[{"href":"https:\/\/pfkeepers.com\/english\/wp-json\/wp\/v2\/product\/48339"}],"collection":[{"href":"https:\/\/pfkeepers.com\/english\/wp-json\/wp\/v2\/product"}],"about":[{"href":"https:\/\/pfkeepers.com\/english\/wp-json\/wp\/v2\/types\/product"}],"wp:featuredmedia":[{"embeddable":true,"href":"https:\/\/pfkeepers.com\/english\/wp-json\/wp\/v2\/media\/357742"}],"wp:attachment":[{"href":"https:\/\/pfkeepers.com\/english\/wp-json\/wp\/v2\/media?parent=48339"}],"wp:term":[{"taxonomy":"product_cat","embeddable":true,"href":"https:\/\/pfkeepers.com\/english\/wp-json\/wp\/v2\/product_cat?post=48339"},{"taxonomy":"product_tag","embeddable":true,"href":"https:\/\/pfkeepers.com\/english\/wp-json\/wp\/v2\/product_tag?post=48339"}],"curies":[{"name":"wp","href":"https:\/\/api.w.org\/{rel}","templated":true}]}}