{"id":48331,"date":"2024-03-04T12:58:30","date_gmt":"2024-03-04T12:58:30","guid":{"rendered":"https:\/\/pfkeepers.com\/produto\/reef-complete-250ml-seachem\/"},"modified":"2025-02-27T19:55:38","modified_gmt":"2025-02-27T19:55:38","slug":"reef-complete-250ml-seachem","status":"publish","type":"product","link":"https:\/\/pfkeepers.com\/english\/product\/reef-complete-250ml-seachem\/","title":{"rendered":"Reef Complete 250ml Seachem"},"content":{"rendered":"<p>Reef Complete\u00ae \u00e9 uma mistura otimizada concentrada (160.000 mg \/ L) de c\u00e1lcio i\u00f4nico projetada para restaurar e manter o c\u00e1lcio aos n\u00edveis encontrados na \u00e1gua do mar natural sem afetar o pH. O c\u00e1lcio e os carbonatos s\u00e3o essenciais para o crescimento de todo o coral. Se qualquer um se tornar deficiente, o crescimento do coral cessar\u00e1, seguido por um r\u00e1pido decl\u00ednio na sa\u00fade do coral. Para evitar isso, voc\u00ea deve fornecer c\u00e1lcio (Reef Complete\u00ae) e carbonatos (Reef Builder \u2122 ou Reef Carbonate \u2122).<\/p>\n<p>Reef Complete\u00ae tamb\u00e9m inclui magn\u00e9sio e estr\u00f4ncio em quantidades proporcionais \u00e0s taxas de utiliza\u00e7\u00e3o t\u00edpicas (100: 5: 0,1, Ca: Mg: Sr). Isso permite manter esses dois elementos importantes enquanto mant\u00e9m o c\u00e1lcio.<\/p>\n<p>Reef Complete\u00ae \u00e9 um produto misturado. N\u00e3o \u00e9 simplesmente cloreto de c\u00e1lcio. O cloreto de c\u00e1lcio dispon\u00edvel comercialmente cont\u00e9m am\u00f4nia. Ao contr\u00e1rio de outros suplementos de c\u00e1lcio i\u00f4nico, o Reef Complete\u00ae \u00e9 misturado a um pH mais alto para for\u00e7ar a sa\u00edda de g\u00e1s da am\u00f4nia para a atmosfera. Al\u00e9m disso, Reef Complete\u00ae \u00e9 mais concentrado do que qualquer outro produto l\u00edquido no mercado. Reef Complete\u00ae cont\u00e9m 160.000 ppm de c\u00e1lcio. O produto do nosso concorrente mais pr\u00f3ximo tem apenas 110.000 ppm de c\u00e1lcio.<\/p>","protected":false},"excerpt":{"rendered":"<p>Reef Complete\u00ae \u00e9 uma mistura otimizada concentrada (160.000 mg \/ L) de c\u00e1lcio i\u00f4nico projetada para restaurar e manter o c\u00e1lcio aos n\u00edveis encontrados na \u00e1gua do mar natural sem afetar o pH. O c\u00e1lcio e os carbonatos s\u00e3o essenciais para o crescimento de todo o coral. Se qualquer um se tornar deficiente, o crescimento &hellip;<\/p>\n<p class=\"read-more\"> <a class=\"\" href=\"https:\/\/pfkeepers.com\/english\/product\/reef-complete-250ml-seachem\/\"> <span class=\"screen-reader-text\">Reef Complete 250ml Seachem<\/span> Read More &raquo;<\/a><\/p>","protected":false},"featured_media":207917,"template":"","meta":{"site-sidebar-layout":"default","site-content-layout":"","ast-site-content-layout":"","site-content-style":"default","site-sidebar-style":"default","ast-global-header-display":"","ast-banner-title-visibility":"","ast-main-header-display":"","ast-hfb-above-header-display":"","ast-hfb-below-header-display":"","ast-hfb-mobile-header-display":"","site-post-title":"","ast-breadcrumbs-content":"","ast-featured-img":"","footer-sml-layout":"","theme-transparent-header-meta":"","adv-header-id-meta":"","stick-header-meta":"","header-above-stick-meta":"","header-main-stick-meta":"","header-below-stick-meta":"","astra-migrate-meta-layouts":""},"product_cat":[1485],"product_tag":[1037],"_links":{"self":[{"href":"https:\/\/pfkeepers.com\/english\/wp-json\/wp\/v2\/product\/48331"}],"collection":[{"href":"https:\/\/pfkeepers.com\/english\/wp-json\/wp\/v2\/product"}],"about":[{"href":"https:\/\/pfkeepers.com\/english\/wp-json\/wp\/v2\/types\/product"}],"wp:featuredmedia":[{"embeddable":true,"href":"https:\/\/pfkeepers.com\/english\/wp-json\/wp\/v2\/media\/207917"}],"wp:attachment":[{"href":"https:\/\/pfkeepers.com\/english\/wp-json\/wp\/v2\/media?parent=48331"}],"wp:term":[{"taxonomy":"product_cat","embeddable":true,"href":"https:\/\/pfkeepers.com\/english\/wp-json\/wp\/v2\/product_cat?post=48331"},{"taxonomy":"product_tag","embeddable":true,"href":"https:\/\/pfkeepers.com\/english\/wp-json\/wp\/v2\/product_tag?post=48331"}],"curies":[{"name":"wp","href":"https:\/\/api.w.org\/{rel}","templated":true}]}}