{"id":48322,"date":"2024-03-04T12:58:17","date_gmt":"2024-03-04T12:58:17","guid":{"rendered":"https:\/\/pfkeepers.com\/produto\/seachem-flourish-potassium-250ml\/"},"modified":"2026-04-18T02:33:00","modified_gmt":"2026-04-18T02:33:00","slug":"seachem-flourish-potassium-250ml","status":"publish","type":"product","link":"https:\/\/pfkeepers.com\/english\/product\/seachem-flourish-potassium-250ml\/","title":{"rendered":"Seachem Flourish Potassium 250ml"},"content":{"rendered":"<p>Suplemento de pot\u00e1ssio para o aqu\u00e1rio plantado<br \/>\nAltamente concentrado (50.000 mg \/ L)<br \/>\nN\u00e3o cont\u00e9m fosfato ou nitrato, o que o torna ideal para uso com Nitrog\u00eanio e F\u00f3sforo Florescer<\/p>\n<p>Flourish Potassium \u2122 cont\u00e9m 50.000 mg \/ L de pot\u00e1ssio adequado para o aqu\u00e1rio plantado natural. O pot\u00e1ssio \u00e9 um dos v\u00e1rios elementos que s\u00e3o de vital import\u00e2ncia para manter um n\u00edvel vigoroso de crescimento em um aqu\u00e1rio plantado. O pot\u00e1ssio pode se esgotar em um sistema de crescimento r\u00e1pido ou quando a \u00e1gua da fonte tem um baixo conte\u00fado mineral. Nesses casos, o pot\u00e1ssio pode se tornar o fator limitante do crescimento. Use Flourish Potassium \u2122 para prevenir o esgotamento de pot\u00e1ssio (sinais de que inclui amarelecimento nas folhas mais velhas) e manter o mais alto n\u00edvel de crescimento.<\/p>\n<p>As fontes de pot\u00e1ssio mais facilmente obtidas s\u00e3o o nitrato de pot\u00e1ssio e o fosfato de pot\u00e1ssio. Ambas as fontes adicionam nitrog\u00eanio ou f\u00f3sforo, bem como pot\u00e1ssio, tornando virtualmente imposs\u00edvel atingir uma propor\u00e7\u00e3o espec\u00edfica de NPK. O Flourish Potassium \u2122 \u00e9 derivado do sulfato de pot\u00e1ssio, permitindo ao usu\u00e1rio ajustar os n\u00edveis de pot\u00e1ssio sem afetar o nitrog\u00eanio ou o f\u00f3sforo.<\/p>\n<p>Tamanhos: 50 mL, 100 mL, 250 mL, 500 mL, 2 L, 4 L<\/p>","protected":false},"excerpt":{"rendered":"<p>Suplemento de pot\u00e1ssio para o aqu\u00e1rio plantado Altamente concentrado (50.000 mg \/ L) N\u00e3o cont\u00e9m fosfato ou nitrato, o que o torna ideal para uso com Nitrog\u00eanio e F\u00f3sforo Florescer Flourish Potassium \u2122 cont\u00e9m 50.000 mg \/ L de pot\u00e1ssio adequado para o aqu\u00e1rio plantado natural. O pot\u00e1ssio \u00e9 um dos v\u00e1rios elementos que s\u00e3o &hellip;<\/p>\n<p class=\"read-more\"> <a class=\"\" href=\"https:\/\/pfkeepers.com\/english\/product\/seachem-flourish-potassium-250ml\/\"> <span class=\"screen-reader-text\">Seachem Flourish Potassium 250ml<\/span> Read More &raquo;<\/a><\/p>","protected":false},"featured_media":54871,"template":"","meta":{"site-sidebar-layout":"default","site-content-layout":"","ast-site-content-layout":"","site-content-style":"default","site-sidebar-style":"default","ast-global-header-display":"","ast-banner-title-visibility":"","ast-main-header-display":"","ast-hfb-above-header-display":"","ast-hfb-below-header-display":"","ast-hfb-mobile-header-display":"","site-post-title":"","ast-breadcrumbs-content":"","ast-featured-img":"","footer-sml-layout":"","theme-transparent-header-meta":"","adv-header-id-meta":"","stick-header-meta":"","header-above-stick-meta":"","header-main-stick-meta":"","header-below-stick-meta":"","astra-migrate-meta-layouts":""},"product_cat":[1395],"product_tag":[1037],"_links":{"self":[{"href":"https:\/\/pfkeepers.com\/english\/wp-json\/wp\/v2\/product\/48322"}],"collection":[{"href":"https:\/\/pfkeepers.com\/english\/wp-json\/wp\/v2\/product"}],"about":[{"href":"https:\/\/pfkeepers.com\/english\/wp-json\/wp\/v2\/types\/product"}],"wp:featuredmedia":[{"embeddable":true,"href":"https:\/\/pfkeepers.com\/english\/wp-json\/wp\/v2\/media\/54871"}],"wp:attachment":[{"href":"https:\/\/pfkeepers.com\/english\/wp-json\/wp\/v2\/media?parent=48322"}],"wp:term":[{"taxonomy":"product_cat","embeddable":true,"href":"https:\/\/pfkeepers.com\/english\/wp-json\/wp\/v2\/product_cat?post=48322"},{"taxonomy":"product_tag","embeddable":true,"href":"https:\/\/pfkeepers.com\/english\/wp-json\/wp\/v2\/product_tag?post=48322"}],"curies":[{"name":"wp","href":"https:\/\/api.w.org\/{rel}","templated":true}]}}