{"id":48307,"date":"2024-03-04T12:57:59","date_gmt":"2024-03-04T12:57:59","guid":{"rendered":"https:\/\/pfkeepers.com\/produto\/seachem-stability-30-bonus-325ml\/"},"modified":"2026-04-18T23:48:00","modified_gmt":"2026-04-18T23:48:00","slug":"seachem-stability-30-bonus-325ml","status":"publish","type":"product","link":"https:\/\/pfkeepers.com\/english\/product\/seachem-stability-30-bonus-325ml\/","title":{"rendered":"Seachem Stability + 30% Bonus 325ml"},"content":{"rendered":"<p>Stability\u00ae estabelecer\u00e1 de forma r\u00e1pida e segura o biofiltro do aqu\u00e1rio em sistemas de \u00e1gua doce e marinhos, evitando assim a causa n\u00ba 1 da morte de peixes: a &#8220;s\u00edndrome do novo tanque&#8221;. Stability\u00ae \u00e9 formulado especificamente para o aqu\u00e1rio e cont\u00e9m uma mistura sin\u00e9rgica de bact\u00e9rias aer\u00f3bias, anaer\u00f3bicas e facultativas que facilitam a decomposi\u00e7\u00e3o de res\u00edduos org\u00e2nicos, am\u00f4nia, nitrito e nitrato. As bact\u00e9rias empregadas pelo Stability\u00ae n\u00e3o fixam enxofre e n\u00e3o produzem sulfeto de hidrog\u00eanio t\u00f3xico. Stability\u00ae \u00e9 totalmente inofensivo para todos os organismos aqu\u00e1ticos, bem como para as plantas aqu\u00e1ticas, portanto, n\u00e3o h\u00e1 perigo de uso excessivo.<\/p>\n<p>Stability\u00ae \u00e9 o culminar de quase uma d\u00e9cada de pesquisa e desenvolvimento e representa o estado da arte atual em gerenciamento biol\u00f3gico natural.<br \/>\nAs bact\u00e9rias usadas em produtos concorrentes s\u00e3o inerentemente inst\u00e1veis. As condi\u00e7\u00f5es necess\u00e1rias para o seu crescimento e desenvolvimento caem em uma faixa muito estreita de temperaturas, pH, cargas org\u00e2nicas, etc. Quando qualquer um desses par\u00e2metros n\u00e3o est\u00e1 estritamente dentro da faixa adequada, a cultura bacteriana rapidamente se quebra e morre. Stability\u00ae n\u00e3o se limita dessa forma. As condi\u00e7\u00f5es necess\u00e1rias para o crescimento das cepas de bact\u00e9rias Stability&#8217;s \u2122 abrangem uma gama muito ampla. Quando outras bact\u00e9rias come\u00e7am a morrer (geralmente de altas cargas org\u00e2nicas causadas pela morte n\u00e3o detectada de um organismo), Stability \u2122 simplesmente se torna mais eficaz.<\/p>","protected":false},"excerpt":{"rendered":"<p>Stability\u00ae estabelecer\u00e1 de forma r\u00e1pida e segura o biofiltro do aqu\u00e1rio em sistemas de \u00e1gua doce e marinhos, evitando assim a causa n\u00ba 1 da morte de peixes: a &#8220;s\u00edndrome do novo tanque&#8221;. Stability\u00ae \u00e9 formulado especificamente para o aqu\u00e1rio e cont\u00e9m uma mistura sin\u00e9rgica de bact\u00e9rias aer\u00f3bias, anaer\u00f3bicas e facultativas que facilitam a decomposi\u00e7\u00e3o &hellip;<\/p>\n<p class=\"read-more\"> <a class=\"\" href=\"https:\/\/pfkeepers.com\/english\/product\/seachem-stability-30-bonus-325ml\/\"> <span class=\"screen-reader-text\">Seachem Stability + 30% Bonus 325ml<\/span> Read More &raquo;<\/a><\/p>","protected":false},"featured_media":48308,"template":"","meta":{"site-sidebar-layout":"default","site-content-layout":"","ast-site-content-layout":"","site-content-style":"default","site-sidebar-style":"default","ast-global-header-display":"","ast-banner-title-visibility":"","ast-main-header-display":"","ast-hfb-above-header-display":"","ast-hfb-below-header-display":"","ast-hfb-mobile-header-display":"","site-post-title":"","ast-breadcrumbs-content":"","ast-featured-img":"","footer-sml-layout":"","theme-transparent-header-meta":"","adv-header-id-meta":"","stick-header-meta":"","header-above-stick-meta":"","header-main-stick-meta":"","header-below-stick-meta":"","astra-migrate-meta-layouts":""},"product_cat":[1489],"product_tag":[1037],"_links":{"self":[{"href":"https:\/\/pfkeepers.com\/english\/wp-json\/wp\/v2\/product\/48307"}],"collection":[{"href":"https:\/\/pfkeepers.com\/english\/wp-json\/wp\/v2\/product"}],"about":[{"href":"https:\/\/pfkeepers.com\/english\/wp-json\/wp\/v2\/types\/product"}],"wp:featuredmedia":[{"embeddable":true,"href":"https:\/\/pfkeepers.com\/english\/wp-json\/wp\/v2\/media\/48308"}],"wp:attachment":[{"href":"https:\/\/pfkeepers.com\/english\/wp-json\/wp\/v2\/media?parent=48307"}],"wp:term":[{"taxonomy":"product_cat","embeddable":true,"href":"https:\/\/pfkeepers.com\/english\/wp-json\/wp\/v2\/product_cat?post=48307"},{"taxonomy":"product_tag","embeddable":true,"href":"https:\/\/pfkeepers.com\/english\/wp-json\/wp\/v2\/product_tag?post=48307"}],"curies":[{"name":"wp","href":"https:\/\/api.w.org\/{rel}","templated":true}]}}