{"id":48297,"date":"2024-03-04T12:57:44","date_gmt":"2024-03-04T12:57:44","guid":{"rendered":"https:\/\/pfkeepers.com\/produto\/betta-basics-60ml-seachem\/"},"modified":"2025-02-27T19:54:14","modified_gmt":"2025-02-27T19:54:14","slug":"betta-basics-60ml-seachem","status":"publish","type":"product","link":"https:\/\/pfkeepers.com\/english\/product\/betta-basics-60ml-seachem\/","title":{"rendered":"Seachem Betta Basics 60ml"},"content":{"rendered":"<p>Creates ideal environment both bettas and plants Removes any chlorine, chloramine and detoxifies ammonia Buffers to 7.0  Betta Basics\u2122 is designed to provide the optimal environment for both betta and plant. Betta Basics\u2122 removes any chlorine, chloramine and detoxifies ammonia. It buffers the water to a pH of 7.0 and provides a healthy environment for fish and plant.<\/p>","protected":false},"excerpt":{"rendered":"<p>Betta Basics \u2122 fornece o ambiente ideal para betta e planta. Betta Basics \u2122 remove qualquer cloro, cloramina e desintoxica a am\u00f4nia. Estabiliza a \u00e1gua a um pH de 7,0 e fornece um ambiente saud\u00e1vel para peixes e plantas.<\/p>","protected":false},"featured_media":48298,"template":"","meta":{"site-sidebar-layout":"default","site-content-layout":"","ast-site-content-layout":"default","site-content-style":"default","site-sidebar-style":"default","ast-global-header-display":"","ast-banner-title-visibility":"","ast-main-header-display":"","ast-hfb-above-header-display":"","ast-hfb-below-header-display":"","ast-hfb-mobile-header-display":"","site-post-title":"","ast-breadcrumbs-content":"","ast-featured-img":"","footer-sml-layout":"","theme-transparent-header-meta":"default","adv-header-id-meta":"","stick-header-meta":"","header-above-stick-meta":"","header-main-stick-meta":"","header-below-stick-meta":"","astra-migrate-meta-layouts":"set"},"product_cat":[1489],"product_tag":[1037],"_links":{"self":[{"href":"https:\/\/pfkeepers.com\/english\/wp-json\/wp\/v2\/product\/48297"}],"collection":[{"href":"https:\/\/pfkeepers.com\/english\/wp-json\/wp\/v2\/product"}],"about":[{"href":"https:\/\/pfkeepers.com\/english\/wp-json\/wp\/v2\/types\/product"}],"wp:featuredmedia":[{"embeddable":true,"href":"https:\/\/pfkeepers.com\/english\/wp-json\/wp\/v2\/media\/48298"}],"wp:attachment":[{"href":"https:\/\/pfkeepers.com\/english\/wp-json\/wp\/v2\/media?parent=48297"}],"wp:term":[{"taxonomy":"product_cat","embeddable":true,"href":"https:\/\/pfkeepers.com\/english\/wp-json\/wp\/v2\/product_cat?post=48297"},{"taxonomy":"product_tag","embeddable":true,"href":"https:\/\/pfkeepers.com\/english\/wp-json\/wp\/v2\/product_tag?post=48297"}],"curies":[{"name":"wp","href":"https:\/\/api.w.org\/{rel}","templated":true}]}}