{"id":48284,"date":"2024-03-04T12:57:23","date_gmt":"2024-03-04T12:57:23","guid":{"rendered":"https:\/\/pfkeepers.com\/produto\/plant-pack-fundamentals-300ml-seachem\/"},"modified":"2025-02-27T19:53:49","modified_gmt":"2025-02-27T19:53:49","slug":"plant-pack-fundamentals-300ml-seachem","status":"publish","type":"product","link":"https:\/\/pfkeepers.com\/english\/product\/plant-pack-fundamentals-300ml-seachem\/","title":{"rendered":"Plant Pack Fundamentals 300ml Seachem"},"content":{"rendered":"<p>Plant Pack \u2122: Fundamentals \u00e9 um excelente pacote para jardineiros aqu\u00e1ticos iniciantes. Ele cont\u00e9m Flourish\u00ae, Flourish Iron \u2122, Flourish Excel \u2122.<\/p>\n<p>Flourish\u00ae<br \/>\nFlourish\u00ae \u00e9 um estimulador de crescimento para caules e folhas de plantas de aqu\u00e1rio. Ele cont\u00e9m um amplo espectro de oligoelementos essenciais, vitaminas e amino\u00e1cidos. O Flourish\u00ae \u00e9 rico em gluconato de ferro, mangan\u00eas, c\u00e1lcio, magn\u00e9sio, pot\u00e1ssio, inositol, colina B12, biotina e outros fatores que foram considerados ben\u00e9ficos para as plantas aqu\u00e1ticas.<\/p>\n<p>Flourish Iron \u2122<br \/>\nFlourish Iron \u2122 \u00e9 um produto complementar ao Flourish\u00ae e Flourish Tabs \u2122. \u00c9 um produto de ferro ferroso complexado (Fe + 2) que cont\u00e9m 10.000 mg \/ L de ferro e \u00e9 ideal para a manuten\u00e7\u00e3o do ferro em aqu\u00e1rios plantados naturais. As plantas podem utilizar tanto o ferro f\u00e9rrico (Fe + 3) quanto o ferroso (Fe + 2), embora prefiram o ferro ferroso quando dispon\u00edvel.<\/p>\n<p>Flourish Excel \u2122<br \/>\nO Flourish Excel \u2122 \u00e9 uma fonte simples de carbono org\u00e2nico prontamente dispon\u00edvel. Todas as plantas requerem uma fonte de carbono. Isso \u00e9 normalmente obtido a partir de CO2, mas tamb\u00e9m pode ser obtido por meio de compostos org\u00e2nicos relativamente simples (como intermedi\u00e1rios fotossint\u00e9ticos). Como os dois processos ocorrem simultaneamente, pode-se obter um benef\u00edcio substancial com o uso do Flourish Excel \u2122 sozinho ou em conjunto com a inje\u00e7\u00e3o de CO2.<\/p>","protected":false},"excerpt":{"rendered":"<p>Plant Pack \u2122: Fundamentals \u00e9 um excelente pacote para jardineiros aqu\u00e1ticos iniciantes. Ele cont\u00e9m Flourish\u00ae, Flourish Iron \u2122, Flourish Excel \u2122. Flourish\u00ae Flourish\u00ae \u00e9 um estimulador de crescimento para caules e folhas de plantas de aqu\u00e1rio. Ele cont\u00e9m um amplo espectro de oligoelementos essenciais, vitaminas e amino\u00e1cidos. O Flourish\u00ae \u00e9 rico em gluconato de ferro, &hellip;<\/p>\n<p class=\"read-more\"> <a class=\"\" href=\"https:\/\/pfkeepers.com\/english\/product\/plant-pack-fundamentals-300ml-seachem\/\"> <span class=\"screen-reader-text\">Plant Pack Fundamentals 300ml Seachem<\/span> Read More &raquo;<\/a><\/p>","protected":false},"featured_media":357701,"template":"","meta":{"site-sidebar-layout":"default","site-content-layout":"","ast-site-content-layout":"","site-content-style":"default","site-sidebar-style":"default","ast-global-header-display":"","ast-banner-title-visibility":"","ast-main-header-display":"","ast-hfb-above-header-display":"","ast-hfb-below-header-display":"","ast-hfb-mobile-header-display":"","site-post-title":"","ast-breadcrumbs-content":"","ast-featured-img":"","footer-sml-layout":"","theme-transparent-header-meta":"","adv-header-id-meta":"","stick-header-meta":"","header-above-stick-meta":"","header-main-stick-meta":"","header-below-stick-meta":"","astra-migrate-meta-layouts":""},"product_cat":[1395],"product_tag":[1037],"_links":{"self":[{"href":"https:\/\/pfkeepers.com\/english\/wp-json\/wp\/v2\/product\/48284"}],"collection":[{"href":"https:\/\/pfkeepers.com\/english\/wp-json\/wp\/v2\/product"}],"about":[{"href":"https:\/\/pfkeepers.com\/english\/wp-json\/wp\/v2\/types\/product"}],"wp:featuredmedia":[{"embeddable":true,"href":"https:\/\/pfkeepers.com\/english\/wp-json\/wp\/v2\/media\/357701"}],"wp:attachment":[{"href":"https:\/\/pfkeepers.com\/english\/wp-json\/wp\/v2\/media?parent=48284"}],"wp:term":[{"taxonomy":"product_cat","embeddable":true,"href":"https:\/\/pfkeepers.com\/english\/wp-json\/wp\/v2\/product_cat?post=48284"},{"taxonomy":"product_tag","embeddable":true,"href":"https:\/\/pfkeepers.com\/english\/wp-json\/wp\/v2\/product_tag?post=48284"}],"curies":[{"name":"wp","href":"https:\/\/api.w.org\/{rel}","templated":true}]}}