{"id":48274,"date":"2024-03-04T12:56:53","date_gmt":"2024-03-04T12:56:53","guid":{"rendered":"https:\/\/pfkeepers.com\/produto\/tmc-aquahabits-aquarium-hydrometer-thermometer\/"},"modified":"2026-04-16T13:29:20","modified_gmt":"2026-04-16T13:29:20","slug":"tmc-aquahabits-aquarium-hydrometer-thermometer","status":"publish","type":"product","link":"https:\/\/pfkeepers.com\/english\/product\/tmc-aquahabits-aquarium-hydrometer-thermometer\/","title":{"rendered":"TMC AquaHabits Aquarium Hydrometer-Thermometer"},"content":{"rendered":"<p>Com este dens\u00edmetro e term\u00f3metro pode monitorizar a temperatura e salinidade no seu aqu\u00e1rio marinho sem precisar de dois equipamentos para o fazer.<\/p>\n<p>S\u00f3 precisa de o colocar na \u00e1gua do aqu\u00e1rio, de modo a que possa flutuar livremente, sem estar em contato com qualquer superf\u00edcie. <\/p>\n<p>Isto dar-lhe-\u00e1 uma leitura de salinidade com uma precis\u00e3o de 0,002.<\/p>","protected":false},"excerpt":{"rendered":"<p>Com este dens\u00edmetro e term\u00f3metro pode monitorizar a temperatura e salinidade no seu aqu\u00e1rio marinho sem precisar de dois equipamentos para o fazer. S\u00f3 precisa de o colocar na \u00e1gua do aqu\u00e1rio, de modo a que possa flutuar livremente, sem estar em contato com qualquer superf\u00edcie. Isto dar-lhe-\u00e1 uma leitura de salinidade com uma precis\u00e3o &hellip;<\/p>\n<p class=\"read-more\"> <a class=\"\" href=\"https:\/\/pfkeepers.com\/english\/product\/tmc-aquahabits-aquarium-hydrometer-thermometer\/\"> <span class=\"screen-reader-text\">TMC AquaHabits Aquarium Hydrometer-Thermometer<\/span> Read More &raquo;<\/a><\/p>","protected":false},"featured_media":102635,"template":"","meta":{"site-sidebar-layout":"default","site-content-layout":"","ast-site-content-layout":"default","site-content-style":"default","site-sidebar-style":"default","ast-global-header-display":"","ast-banner-title-visibility":"","ast-main-header-display":"","ast-hfb-above-header-display":"","ast-hfb-below-header-display":"","ast-hfb-mobile-header-display":"","site-post-title":"","ast-breadcrumbs-content":"","ast-featured-img":"","footer-sml-layout":"","theme-transparent-header-meta":"default","adv-header-id-meta":"","stick-header-meta":"","header-above-stick-meta":"","header-main-stick-meta":"","header-below-stick-meta":"","astra-migrate-meta-layouts":"set"},"product_cat":[1783],"product_tag":[1058],"_links":{"self":[{"href":"https:\/\/pfkeepers.com\/english\/wp-json\/wp\/v2\/product\/48274"}],"collection":[{"href":"https:\/\/pfkeepers.com\/english\/wp-json\/wp\/v2\/product"}],"about":[{"href":"https:\/\/pfkeepers.com\/english\/wp-json\/wp\/v2\/types\/product"}],"wp:featuredmedia":[{"embeddable":true,"href":"https:\/\/pfkeepers.com\/english\/wp-json\/wp\/v2\/media\/102635"}],"wp:attachment":[{"href":"https:\/\/pfkeepers.com\/english\/wp-json\/wp\/v2\/media?parent=48274"}],"wp:term":[{"taxonomy":"product_cat","embeddable":true,"href":"https:\/\/pfkeepers.com\/english\/wp-json\/wp\/v2\/product_cat?post=48274"},{"taxonomy":"product_tag","embeddable":true,"href":"https:\/\/pfkeepers.com\/english\/wp-json\/wp\/v2\/product_tag?post=48274"}],"curies":[{"name":"wp","href":"https:\/\/api.w.org\/{rel}","templated":true}]}}