{"id":48253,"date":"2024-03-04T12:56:25","date_gmt":"2024-03-04T12:56:25","guid":{"rendered":"https:\/\/pfkeepers.com\/produto\/tropic-marin-sea-salt-classic-4kg\/"},"modified":"2026-04-18T02:32:19","modified_gmt":"2026-04-18T02:32:19","slug":"tropic-marin-sea-salt-classic-4kg","status":"publish","type":"product","link":"https:\/\/pfkeepers.com\/english\/product\/tropic-marin-sea-salt-classic-4kg\/","title":{"rendered":"Tropic Marin Classic Sea Salt 4kg"},"content":{"rendered":"<p>ropic Marin Classic Sea Salt \u00e9 um sal marinho puro de grau farmac\u00eautico que cont\u00e9m todos os oligoelementos encontrados na \u00e1gua do mar natural. Utilizado h\u00e1 anos por laborat\u00f3rios cient\u00edficos, profissionais e aquaristas amadores em todo o mundo. Com sais de grau farmac\u00eautico, todos os 70 oligoelementos da \u00e1gua do mar natural, nas propor\u00e7\u00f5es exatas encontradas na natureza. Devido \u00e0 aplica\u00e7\u00e3o exclusiva dos cristais de sal misturados, os oligoelementos permanecem completamente utiliz\u00e1veis \u200b\u200bna \u00e1gua. Este m\u00e9todo evita a precipita\u00e7\u00e3o frequente dos oligoelementos. Estar livre de nitrato, fosfato e outros produtos qu\u00edmicos indesejados.<br \/>\nO sal Tropic Marin Classic Sea proporciona o ambiente ideal para o cuidado de todos os organismos marinhos do aqu\u00e1rio, incluindo mesmo as esp\u00e9cies mais sens\u00edveis.<\/p>\n<p>Sal Marinho Cl\u00e1ssico Tropic Marin<br \/>\n+ fornece o ambiente ideal para o cuidado de todos os organismos marinhos no aqu\u00e1rio, incluindo as esp\u00e9cies mais sens\u00edveis<br \/>\n+ cont\u00e9m todos os elementos maiores e menores nas propor\u00e7\u00f5es exatas encontradas na \u00e1gua do mar tropical<br \/>\n+ para manter a alcalinidade em uma faixa de 9-10\u00b0 dKH<br \/>\n+ estabiliza o valor do pH<br \/>\n+ alta solubilidade em \u00e1gua + livre de nitratos, fosfatos e outros produtos qu\u00edmicos indesejados<br \/>\n+ fabricado a partir de sais puros de grau farmac\u00eautico, que tem a mais rigorosa qualidade (medidas de controle para a produ\u00e7\u00e3o de produtos farmac\u00eauticos)<br \/>\n+ usado com sucesso por muitos anos em zool\u00f3gicos, aqu\u00e1rios p\u00fablicos e institui\u00e7\u00f5es cient\u00edficas em todo o mundo<\/p>\n<p>Aplica\u00e7\u00e3o do sal marinho Tropic Marin Classic:<br \/>\nPara atingir um n\u00edvel de salinidade de 32-35 \u2030 (psu), dissolva 35 ml de Tropic Marin Classic Sea Salt por litro ou aproximadamente \u00bd x\u00edcara de Tropic Marin Classic Sea Salt por gal\u00e3o americano de \u00e1gua. Dissolva quase todo o sal em um recipiente limpo j\u00e1 cheio com o volume total de \u00e1gua RO\/DI a uma temperatura de 73-77 \u00b0F \/ 23-25 \u200b\u200b\u00b0C enquanto circula\/mexe a \u00e1gua. N\u00e3o concentre a mistura adicionando a quantidade total de sal a uma quantidade menor de \u00e1gua. Nota: Adicione sempre o sal \u00e0 \u00e1gua, nunca a \u00e1gua ao sal. Fazer uma mistura concentrada causar\u00e1 a forma\u00e7\u00e3o de um precipitado de carbonato de c\u00e1lcio. Quando voc\u00ea tiver adicionado quase todo o sal e a mistura estiver totalmente dissolvida e clara, comece a medir a gravidade espec\u00edfica com um hidr\u00f4metro ou instrumento similar. Continue adicionando pequenas quantidades de sal at\u00e9 que a gravidade espec\u00edfica seja o valor desejado. A gravidade espec\u00edfica da solu\u00e7\u00e3o de sal marinho deve variar de 1,025 a 1,027 (a 73-77 \u00b0F \/ 23-25 \u200b\u200b\u00b0C) e o valor de pH deve estar na faixa de 8,0 a 8,4. Se todos os par\u00e2metros estiverem corretos, a \u00e1gua salgada est\u00e1 pronta para uso. Ap\u00f3s a instala\u00e7\u00e3o de um novo aqu\u00e1rio, s\u00e3o necess\u00e1rias algumas semanas de circula\u00e7\u00e3o de \u00e1gua e condi\u00e7\u00f5es de ilumina\u00e7\u00e3o corretas para alcan\u00e7ar o ambiente biologicamente est\u00e1vel necess\u00e1rio para o cuidado e cria\u00e7\u00e3o de organismos marinhos delicados. Uma troca de \u00e1gua parcial semanal, substituindo 10% do volume total de \u00e1gua pelo Sal Marinho Tropic Marin Classic, ajudar\u00e1 a manter a qualidade da \u00e1gua que seu gado precisa para uma boa sa\u00fade.<br \/>\nPar\u00e2metros: aprox. 9-10\u00b0 KH, c\u00e1lcio aprox. 380 ppm, magn\u00e9sio aprox. 1260 ppm<\/p>\n<p>Dispon\u00edvel nestes tamanhos de embalagem:<br \/>\n2kg para 60 l de \u00e1gua<br \/>\n4 kg para 120 l de \u00e1gua<br \/>\n10 kg para 300 l de \u00e1gua<br \/>\n25 kg para 750 l de \u00e1gua<\/p>","protected":false},"excerpt":{"rendered":"<p>ropic Marin Classic Sea Salt \u00e9 um sal marinho puro de grau farmac\u00eautico que cont\u00e9m todos os oligoelementos encontrados na \u00e1gua do mar natural. Utilizado h\u00e1 anos por laborat\u00f3rios cient\u00edficos, profissionais e aquaristas amadores em todo o mundo. Com sais de grau farmac\u00eautico, todos os 70 oligoelementos da \u00e1gua do mar natural, nas propor\u00e7\u00f5es exatas &hellip;<\/p>\n<p class=\"read-more\"> <a class=\"\" href=\"https:\/\/pfkeepers.com\/english\/product\/tropic-marin-sea-salt-classic-4kg\/\"> <span class=\"screen-reader-text\">Tropic Marin Classic Sea Salt 4kg<\/span> Read More &raquo;<\/a><\/p>","protected":false},"featured_media":358765,"template":"","meta":{"site-sidebar-layout":"default","site-content-layout":"","ast-site-content-layout":"default","site-content-style":"default","site-sidebar-style":"default","ast-global-header-display":"","ast-banner-title-visibility":"","ast-main-header-display":"","ast-hfb-above-header-display":"","ast-hfb-below-header-display":"","ast-hfb-mobile-header-display":"","site-post-title":"","ast-breadcrumbs-content":"","ast-featured-img":"","footer-sml-layout":"","theme-transparent-header-meta":"default","adv-header-id-meta":"","stick-header-meta":"","header-above-stick-meta":"","header-main-stick-meta":"","header-below-stick-meta":"","astra-migrate-meta-layouts":"set"},"product_cat":[1362],"product_tag":[1062],"_links":{"self":[{"href":"https:\/\/pfkeepers.com\/english\/wp-json\/wp\/v2\/product\/48253"}],"collection":[{"href":"https:\/\/pfkeepers.com\/english\/wp-json\/wp\/v2\/product"}],"about":[{"href":"https:\/\/pfkeepers.com\/english\/wp-json\/wp\/v2\/types\/product"}],"wp:featuredmedia":[{"embeddable":true,"href":"https:\/\/pfkeepers.com\/english\/wp-json\/wp\/v2\/media\/358765"}],"wp:attachment":[{"href":"https:\/\/pfkeepers.com\/english\/wp-json\/wp\/v2\/media?parent=48253"}],"wp:term":[{"taxonomy":"product_cat","embeddable":true,"href":"https:\/\/pfkeepers.com\/english\/wp-json\/wp\/v2\/product_cat?post=48253"},{"taxonomy":"product_tag","embeddable":true,"href":"https:\/\/pfkeepers.com\/english\/wp-json\/wp\/v2\/product_tag?post=48253"}],"curies":[{"name":"wp","href":"https:\/\/api.w.org\/{rel}","templated":true}]}}