{"id":48229,"date":"2024-03-04T12:55:55","date_gmt":"2024-03-04T12:55:55","guid":{"rendered":"https:\/\/pfkeepers.com\/produto\/lees-aquarium-pet-products-25ft-sleek-tubing\/"},"modified":"2026-04-18T23:47:01","modified_gmt":"2026-04-18T23:47:01","slug":"fluval-fx6-filtro-externo","status":"publish","type":"product","link":"https:\/\/pfkeepers.com\/english\/product\/fluval-fx6-filtro-externo\/","title":{"rendered":"Fluval FX6 External Filter"},"content":{"rendered":"<p>Pode reter at\u00e9 5, 9 litros de mat\u00e9ria filtrante e, mesmo assim, consegue ser t\u00e3o compacto que cabe em quase qualquer canto do aqu\u00e1rio.<\/p>\n<p>Gra\u00e7as \u00e0 tecnologia \u00fanica e inteligente da bomba auto-aspirante Fluval, apenas se tem de ligar \u00e0 eletricidade e o filtro inicia-se por si s\u00f3. O filtro enche-se com \u00e1gua e interrompe brevemente a opera\u00e7\u00e3o para libertar o ar e, de seguida, come\u00e7a de imediato o processo de filtragem. A filtragem \u00e9 ent\u00e3o realizada at\u00e9 que a unidade seja desligada da rede el\u00e9trica. A cada 12 horas, o filtro interrompe a opera\u00e7\u00e3o para libertar o ar do sistema. Desta forma, mant\u00e9m o v\u00e1cuo necess\u00e1rio para uma m\u00e1xima efici\u00eancia.<\/p>\n<p>O envio inclui:<br \/>\nMaterial filtrante<br \/>\n3 m de mangueira<br \/>\nSuportes para a fixa\u00e7\u00e3o<\/p>\n<p>Dados t\u00e9cnicos:<\/p>\n<p>Modelo    Hagen Fluval FX6<br \/>\nAdequado para aqu\u00e1rios at\u00e9 (litros)    1.500 litros<br \/>\nPot\u00eancia da circula\u00e7\u00e3o (l\/h)    3.500 l\/h<br \/>\nVolume do filtro (litros)    20 litros<br \/>\nPot\u00eancia    41 watts<br \/>\nMedidas em cm    C 39 x L 30,5 x A 51 cm<br \/>\nAltura de extra\u00e7\u00e3o m\u00e1xima    3,3 m<br \/>\nMangueiras com 24mm<\/p>","protected":false},"excerpt":{"rendered":"<p>Pode reter at\u00e9 5, 9 litros de mat\u00e9ria filtrante e, mesmo assim, consegue ser t\u00e3o compacto que cabe em quase qualquer canto do aqu\u00e1rio. Gra\u00e7as \u00e0 tecnologia \u00fanica e inteligente da bomba auto-aspirante Fluval, apenas se tem de ligar \u00e0 eletricidade e o filtro inicia-se por si s\u00f3. O filtro enche-se com \u00e1gua e interrompe &hellip;<\/p>\n<p class=\"read-more\"> <a class=\"\" href=\"https:\/\/pfkeepers.com\/english\/product\/fluval-fx6-filtro-externo\/\"> <span class=\"screen-reader-text\">Fluval FX6 External Filter<\/span> Read More &raquo;<\/a><\/p>","protected":false},"featured_media":358728,"template":"","meta":{"site-sidebar-layout":"default","site-content-layout":"","ast-site-content-layout":"default","site-content-style":"default","site-sidebar-style":"default","ast-global-header-display":"","ast-banner-title-visibility":"","ast-main-header-display":"","ast-hfb-above-header-display":"","ast-hfb-below-header-display":"","ast-hfb-mobile-header-display":"","site-post-title":"","ast-breadcrumbs-content":"","ast-featured-img":"","footer-sml-layout":"","theme-transparent-header-meta":"default","adv-header-id-meta":"","stick-header-meta":"","header-above-stick-meta":"","header-main-stick-meta":"","header-below-stick-meta":"","astra-migrate-meta-layouts":"set"},"product_cat":[1472],"product_tag":[738],"_links":{"self":[{"href":"https:\/\/pfkeepers.com\/english\/wp-json\/wp\/v2\/product\/48229"}],"collection":[{"href":"https:\/\/pfkeepers.com\/english\/wp-json\/wp\/v2\/product"}],"about":[{"href":"https:\/\/pfkeepers.com\/english\/wp-json\/wp\/v2\/types\/product"}],"wp:featuredmedia":[{"embeddable":true,"href":"https:\/\/pfkeepers.com\/english\/wp-json\/wp\/v2\/media\/358728"}],"wp:attachment":[{"href":"https:\/\/pfkeepers.com\/english\/wp-json\/wp\/v2\/media?parent=48229"}],"wp:term":[{"taxonomy":"product_cat","embeddable":true,"href":"https:\/\/pfkeepers.com\/english\/wp-json\/wp\/v2\/product_cat?post=48229"},{"taxonomy":"product_tag","embeddable":true,"href":"https:\/\/pfkeepers.com\/english\/wp-json\/wp\/v2\/product_tag?post=48229"}],"curies":[{"name":"wp","href":"https:\/\/api.w.org\/{rel}","templated":true}]}}