{"id":48211,"date":"2024-03-04T12:55:34","date_gmt":"2024-03-04T12:55:34","guid":{"rendered":"https:\/\/pfkeepers.com\/produto\/aquaforest-af-poly-glue-fs-water-600ml\/"},"modified":"2026-04-18T23:46:49","modified_gmt":"2026-04-18T23:46:49","slug":"aquaforest-af-poly-glue-fs-water-600ml","status":"publish","type":"product","link":"https:\/\/pfkeepers.com\/english\/product\/aquaforest-af-poly-glue-fs-water-600ml\/","title":{"rendered":"Aquaforest AF Poly Glue F&amp;S water 600ml"},"content":{"rendered":"<p>Pode ser usado em \u00c1gua Doce e Salgada.<\/p>\n<p>Adesivo de pol\u00edmeros para os corais.<br \/>\nColoque gr\u00e2nulos de cola em \u00e1gua quente (cerca de 60\u00baC) depois de alguns minutos pode facilmente criar uma massa, com as melhores propriedades adesivas.<\/p>\n<p>O adesivo solidifica completamente quando colocado no aqu\u00e1rio. Recomendamos usar o produto para fora da \u00e1gua. Aguarde 30 segundos para a liga\u00e7\u0103o a ocorrer e coloque em \u00e1gua.<\/p>\n<p>A cola n\u00e3o utilizada pode ser usada novamente, voltando a colocar em \u00e1gua quente novamente. Produto biodegrad\u00e1vel.<\/p>","protected":false},"excerpt":{"rendered":"<p>Pode ser usado em \u00c1gua Doce e Salgada. Adesivo de pol\u00edmeros para os corais. Coloque gr\u00e2nulos de cola em \u00e1gua quente (cerca de 60\u00baC) depois de alguns minutos pode facilmente criar uma massa, com as melhores propriedades adesivas. O adesivo solidifica completamente quando colocado no aqu\u00e1rio. Recomendamos usar o produto para fora da \u00e1gua. Aguarde &hellip;<\/p>\n<p class=\"read-more\"> <a class=\"\" href=\"https:\/\/pfkeepers.com\/english\/product\/aquaforest-af-poly-glue-fs-water-600ml\/\"> <span class=\"screen-reader-text\">Aquaforest AF Poly Glue F&amp;S water 600ml<\/span> Read More &raquo;<\/a><\/p>","protected":false},"featured_media":357655,"template":"","meta":{"site-sidebar-layout":"default","site-content-layout":"","ast-site-content-layout":"","site-content-style":"default","site-sidebar-style":"default","ast-global-header-display":"","ast-banner-title-visibility":"","ast-main-header-display":"","ast-hfb-above-header-display":"","ast-hfb-below-header-display":"","ast-hfb-mobile-header-display":"","site-post-title":"","ast-breadcrumbs-content":"","ast-featured-img":"","footer-sml-layout":"","theme-transparent-header-meta":"","adv-header-id-meta":"","stick-header-meta":"","header-above-stick-meta":"","header-main-stick-meta":"","header-below-stick-meta":"","astra-migrate-meta-layouts":""},"product_cat":[1353],"product_tag":[768],"_links":{"self":[{"href":"https:\/\/pfkeepers.com\/english\/wp-json\/wp\/v2\/product\/48211"}],"collection":[{"href":"https:\/\/pfkeepers.com\/english\/wp-json\/wp\/v2\/product"}],"about":[{"href":"https:\/\/pfkeepers.com\/english\/wp-json\/wp\/v2\/types\/product"}],"wp:featuredmedia":[{"embeddable":true,"href":"https:\/\/pfkeepers.com\/english\/wp-json\/wp\/v2\/media\/357655"}],"wp:attachment":[{"href":"https:\/\/pfkeepers.com\/english\/wp-json\/wp\/v2\/media?parent=48211"}],"wp:term":[{"taxonomy":"product_cat","embeddable":true,"href":"https:\/\/pfkeepers.com\/english\/wp-json\/wp\/v2\/product_cat?post=48211"},{"taxonomy":"product_tag","embeddable":true,"href":"https:\/\/pfkeepers.com\/english\/wp-json\/wp\/v2\/product_tag?post=48211"}],"curies":[{"name":"wp","href":"https:\/\/api.w.org\/{rel}","templated":true}]}}