{"id":48210,"date":"2024-03-04T12:55:33","date_gmt":"2024-03-04T12:55:33","guid":{"rendered":"https:\/\/pfkeepers.com\/produto\/aquavitro-bond-bonds-corals-and-frags-to-reef-rock-100ml\/"},"modified":"2026-04-18T23:46:43","modified_gmt":"2026-04-18T23:46:43","slug":"aquavitro-bond-bonds-corals-and-frags-to-reef-rock-100ml","status":"publish","type":"product","link":"https:\/\/pfkeepers.com\/english\/product\/aquavitro-bond-bonds-corals-and-frags-to-reef-rock-100ml\/","title":{"rendered":"Aquavitro Bond (Bonds corals and frags to reef rock) 100ml"},"content":{"rendered":"<p>   Pl\u00e1stico adesivo de baixa temperatura de fus\u00e3o<br \/>\n    N\u00e3o t\u00f3xico; f\u00e1cil e seguro trabalhar com<br \/>\n    Pode ser reaquecido e retrabalhado v\u00e1rias vezes<\/p>\n<p>bond \u2122 \u00e9 um pl\u00e1stico adesivo exclusivo de baixa temperatura de fus\u00e3o. O bond pode ser usado para proteger o coral de rocha ou fundir o rockwork em conjunto para funda\u00e7\u00f5es mais est\u00e1veis \u200b\u200bnos recifes. O bond \u00e9 completamente n\u00e3o t\u00f3xico e inerte, sem impacto na qu\u00edmica do aqu\u00e1rio. bond tem uma temperatura de fus\u00e3o muito menor do que produtos similares, tornando-o mais seguro e f\u00e1cil de trabalhar. Se necess\u00e1rio, o bond pode ser reaquecido e retrabalhado v\u00e1rias vezes at\u00e9 que os resultados desejados sejam alcan\u00e7ados.<\/p>","protected":false},"excerpt":{"rendered":"<p>Pl\u00e1stico adesivo de baixa temperatura de fus\u00e3o N\u00e3o t\u00f3xico; f\u00e1cil e seguro trabalhar com Pode ser reaquecido e retrabalhado v\u00e1rias vezes bond \u2122 \u00e9 um pl\u00e1stico adesivo exclusivo de baixa temperatura de fus\u00e3o. O bond pode ser usado para proteger o coral de rocha ou fundir o rockwork em conjunto para funda\u00e7\u00f5es mais est\u00e1veis \u200b\u200bnos &hellip;<\/p>\n<p class=\"read-more\"> <a class=\"\" href=\"https:\/\/pfkeepers.com\/english\/product\/aquavitro-bond-bonds-corals-and-frags-to-reef-rock-100ml\/\"> <span class=\"screen-reader-text\">Aquavitro Bond (Bonds corals and frags to reef rock) 100ml<\/span> Read More &raquo;<\/a><\/p>","protected":false},"featured_media":207880,"template":"","meta":{"site-sidebar-layout":"default","site-content-layout":"","ast-site-content-layout":"","site-content-style":"default","site-sidebar-style":"default","ast-global-header-display":"","ast-banner-title-visibility":"","ast-main-header-display":"","ast-hfb-above-header-display":"","ast-hfb-below-header-display":"","ast-hfb-mobile-header-display":"","site-post-title":"","ast-breadcrumbs-content":"","ast-featured-img":"","footer-sml-layout":"","theme-transparent-header-meta":"","adv-header-id-meta":"","stick-header-meta":"","header-above-stick-meta":"","header-main-stick-meta":"","header-below-stick-meta":"","astra-migrate-meta-layouts":""},"product_cat":[1353],"product_tag":[781],"_links":{"self":[{"href":"https:\/\/pfkeepers.com\/english\/wp-json\/wp\/v2\/product\/48210"}],"collection":[{"href":"https:\/\/pfkeepers.com\/english\/wp-json\/wp\/v2\/product"}],"about":[{"href":"https:\/\/pfkeepers.com\/english\/wp-json\/wp\/v2\/types\/product"}],"wp:featuredmedia":[{"embeddable":true,"href":"https:\/\/pfkeepers.com\/english\/wp-json\/wp\/v2\/media\/207880"}],"wp:attachment":[{"href":"https:\/\/pfkeepers.com\/english\/wp-json\/wp\/v2\/media?parent=48210"}],"wp:term":[{"taxonomy":"product_cat","embeddable":true,"href":"https:\/\/pfkeepers.com\/english\/wp-json\/wp\/v2\/product_cat?post=48210"},{"taxonomy":"product_tag","embeddable":true,"href":"https:\/\/pfkeepers.com\/english\/wp-json\/wp\/v2\/product_tag?post=48210"}],"curies":[{"name":"wp","href":"https:\/\/api.w.org\/{rel}","templated":true}]}}