{"id":48159,"date":"2024-03-04T12:54:32","date_gmt":"2024-03-04T12:54:32","guid":{"rendered":"https:\/\/pfkeepers.com\/produto\/two-little-fishies-veggie-mag\/"},"modified":"2025-02-27T19:50:32","modified_gmt":"2025-02-27T19:50:32","slug":"two-little-fishies-veggie-mag","status":"publish","type":"product","link":"https:\/\/pfkeepers.com\/english\/product\/two-little-fishies-veggie-mag\/","title":{"rendered":"Two Little Fishies Veggie Mag"},"content":{"rendered":"<p>O VeggieMag usa um forte \u00edm\u00e3 para manter o clipe SeaVeggies no lugar em tanques com espessuras de at\u00e9 1\/2 \u201dde espessura. F\u00e1cil de posicionar em qualquer n\u00edvel do aqu\u00e1rio e f\u00e1cil de recuperar porque flutua.<\/p>\n<p>Agora voc\u00ea pode colocar a comida onde seus peixes est\u00e3o com este inovador clipe magn\u00e9tico de algas. Usando o clipe magn\u00e9tico, voc\u00ea agora pode mover o clipe de alimenta\u00e7\u00e3o de algas marinhas para qualquer lugar que desejar em seu aqu\u00e1rio. E, ao contr\u00e1rio de suas contrapartes de ventosa, o poderoso \u00edm\u00e3 n\u00e3o permitir\u00e1 que seu grampo de alimenta\u00e7\u00e3o caia, seja puxado por seus peixes ou se mova de forma indesejada. O \u00edm\u00e3 \u00e9 poderoso o suficiente para ser usado em tanques de at\u00e9 1\/2 &#8220;de espessura.<\/p>","protected":false},"excerpt":{"rendered":"<p>O VeggieMag usa um forte \u00edm\u00e3 para manter o clipe SeaVeggies no lugar em tanques com espessuras de at\u00e9 1\/2 \u201dde espessura. F\u00e1cil de posicionar em qualquer n\u00edvel do aqu\u00e1rio e f\u00e1cil de recuperar porque flutua. Agora voc\u00ea pode colocar a comida onde seus peixes est\u00e3o com este inovador clipe magn\u00e9tico de algas. Usando o &hellip;<\/p>\n<p class=\"read-more\"> <a class=\"\" href=\"https:\/\/pfkeepers.com\/english\/product\/two-little-fishies-veggie-mag\/\"> <span class=\"screen-reader-text\">Two Little Fishies Veggie Mag<\/span> Read More &raquo;<\/a><\/p>","protected":false},"featured_media":198638,"template":"","meta":{"site-sidebar-layout":"default","site-content-layout":"","ast-site-content-layout":"default","site-content-style":"default","site-sidebar-style":"default","ast-global-header-display":"","ast-banner-title-visibility":"","ast-main-header-display":"","ast-hfb-above-header-display":"","ast-hfb-below-header-display":"","ast-hfb-mobile-header-display":"","site-post-title":"","ast-breadcrumbs-content":"","ast-featured-img":"","footer-sml-layout":"","theme-transparent-header-meta":"default","adv-header-id-meta":"","stick-header-meta":"","header-above-stick-meta":"","header-main-stick-meta":"","header-below-stick-meta":"","astra-migrate-meta-layouts":"set"},"product_cat":[1478],"product_tag":[1071],"_links":{"self":[{"href":"https:\/\/pfkeepers.com\/english\/wp-json\/wp\/v2\/product\/48159"}],"collection":[{"href":"https:\/\/pfkeepers.com\/english\/wp-json\/wp\/v2\/product"}],"about":[{"href":"https:\/\/pfkeepers.com\/english\/wp-json\/wp\/v2\/types\/product"}],"wp:featuredmedia":[{"embeddable":true,"href":"https:\/\/pfkeepers.com\/english\/wp-json\/wp\/v2\/media\/198638"}],"wp:attachment":[{"href":"https:\/\/pfkeepers.com\/english\/wp-json\/wp\/v2\/media?parent=48159"}],"wp:term":[{"taxonomy":"product_cat","embeddable":true,"href":"https:\/\/pfkeepers.com\/english\/wp-json\/wp\/v2\/product_cat?post=48159"},{"taxonomy":"product_tag","embeddable":true,"href":"https:\/\/pfkeepers.com\/english\/wp-json\/wp\/v2\/product_tag?post=48159"}],"curies":[{"name":"wp","href":"https:\/\/api.w.org\/{rel}","templated":true}]}}