{"id":48085,"date":"2024-03-04T12:53:00","date_gmt":"2024-03-04T12:53:00","guid":{"rendered":"https:\/\/pfkeepers.com\/produto\/api-phosphate-test-kit-for-fresh-and-salt-water\/"},"modified":"2025-02-27T19:48:18","modified_gmt":"2025-02-27T19:48:18","slug":"api-phosphate-test-kit-for-fresh-and-salt-water","status":"publish","type":"product","link":"https:\/\/pfkeepers.com\/english\/product\/api-phosphate-test-kit-for-fresh-and-salt-water\/","title":{"rendered":"Api Phosphate Test Kit for Fresh and Salt Water"},"content":{"rendered":"<p>O fosfato pode entrar no seu aqu\u00e1rio atrav\u00e9s da \u00e1gua da torneira, res\u00edduos de peixes e produtos org\u00e2nicos em decomposi\u00e7\u00e3o, como alimentos n\u00e3o consumidos e algas mortas.<br \/>\nO excesso de fosfato contribui para a prolifera\u00e7\u00e3o de algas desagrad\u00e1veis e de \u00e1gua verde e, em \u00e1gua salgada, o excesso de fosfato pode inibir o crescimento de corais duros.<br \/>\nO KIT DE TESTE DE FOSFATO API testa os n\u00edveis de fosfato de 0 a 10 ppm para que voc\u00ea possa monitorar facilmente a condi\u00e7\u00e3o da \u00e1gua do seu aqu\u00e1rio .<\/p>\n<p>Pode ser usado em aqu\u00e1rios de \u00e1gua doce e salgada.<\/p>","protected":false},"excerpt":{"rendered":"<p>O fosfato pode entrar no seu aqu\u00e1rio atrav\u00e9s da \u00e1gua da torneira, res\u00edduos de peixes e produtos org\u00e2nicos em decomposi\u00e7\u00e3o, como alimentos n\u00e3o consumidos e algas mortas. O excesso de fosfato contribui para a prolifera\u00e7\u00e3o de algas desagrad\u00e1veis e de \u00e1gua verde e, em \u00e1gua salgada, o excesso de fosfato pode inibir o crescimento de &hellip;<\/p>\n<p class=\"read-more\"> <a class=\"\" href=\"https:\/\/pfkeepers.com\/english\/product\/api-phosphate-test-kit-for-fresh-and-salt-water\/\"> <span class=\"screen-reader-text\">Api Phosphate Test Kit for Fresh and Salt Water<\/span> Read More &raquo;<\/a><\/p>","protected":false},"featured_media":99598,"template":"","meta":{"site-sidebar-layout":"default","site-content-layout":"","ast-site-content-layout":"default","site-content-style":"default","site-sidebar-style":"default","ast-global-header-display":"","ast-banner-title-visibility":"","ast-main-header-display":"","ast-hfb-above-header-display":"","ast-hfb-below-header-display":"","ast-hfb-mobile-header-display":"","site-post-title":"","ast-breadcrumbs-content":"","ast-featured-img":"","footer-sml-layout":"","theme-transparent-header-meta":"default","adv-header-id-meta":"","stick-header-meta":"","header-above-stick-meta":"","header-main-stick-meta":"","header-below-stick-meta":"","astra-migrate-meta-layouts":"set"},"product_cat":[1784],"product_tag":[755],"_links":{"self":[{"href":"https:\/\/pfkeepers.com\/english\/wp-json\/wp\/v2\/product\/48085"}],"collection":[{"href":"https:\/\/pfkeepers.com\/english\/wp-json\/wp\/v2\/product"}],"about":[{"href":"https:\/\/pfkeepers.com\/english\/wp-json\/wp\/v2\/types\/product"}],"wp:featuredmedia":[{"embeddable":true,"href":"https:\/\/pfkeepers.com\/english\/wp-json\/wp\/v2\/media\/99598"}],"wp:attachment":[{"href":"https:\/\/pfkeepers.com\/english\/wp-json\/wp\/v2\/media?parent=48085"}],"wp:term":[{"taxonomy":"product_cat","embeddable":true,"href":"https:\/\/pfkeepers.com\/english\/wp-json\/wp\/v2\/product_cat?post=48085"},{"taxonomy":"product_tag","embeddable":true,"href":"https:\/\/pfkeepers.com\/english\/wp-json\/wp\/v2\/product_tag?post=48085"}],"curies":[{"name":"wp","href":"https:\/\/api.w.org\/{rel}","templated":true}]}}