{"id":48084,"date":"2024-03-04T12:52:59","date_gmt":"2024-03-04T12:52:59","guid":{"rendered":"https:\/\/pfkeepers.com\/produto\/api-nitrite-no2-test-kit-for-fresh-and-salt-water\/"},"modified":"2026-04-03T17:04:14","modified_gmt":"2026-04-03T17:04:14","slug":"api-nitrite-no2-test-kit-for-fresh-and-salt-water","status":"publish","type":"product","link":"https:\/\/pfkeepers.com\/english\/product\/api-nitrite-no2-test-kit-for-fresh-and-salt-water\/","title":{"rendered":"Api Nitrite NO2- Test Kit for Fresh and Salt water"},"content":{"rendered":"<p>Teste de Nitritos para aqu\u00e1rios de \u00e1gua doce e salgada. O nitrito \u00e9 t\u00f3xico e \u00e9 produzido por bact\u00e9rias nitrificantes no filtro biol\u00f3gico, pois decomp\u00f5e a am\u00f4nia. Este kit testa nitrito nocivo e mede n\u00edveis de 0 a 5,0 ppm. 180 testes por kit.<\/p>\n<p>Instru\u00e7\u00f5es para teste de nitrito de \u00e1gua doce \/ \u00e1gua salgada:<\/p>\n<p>Por que testar nitrito?<br \/>\nO nitrito (NO2-) \u00e9 produzido no aqu\u00e1rio pelo filtro biol\u00f3gico. Bact\u00e9rias ben\u00e9ficas no filtro biol\u00f3gico convertem am\u00f4nia t\u00f3xica em nitrito (tamb\u00e9m t\u00f3xico). O filtro biol\u00f3gico ent\u00e3o converte nitrito em nitrato (NO3-). Testar a presen\u00e7a de nitrito t\u00f3xico \u00e9 essencial para que, uma vez detectados, sejam tomadas medidas para remov\u00ea-lo. Caso contr\u00e1rio, o nitrito no aqu\u00e1rio impedir\u00e1 que os peixes continuem com a respira\u00e7\u00e3o normal. Altos n\u00edveis de nitrito rapidamente levam \u00e0 morte de peixes. Mesmo tra\u00e7os de nitrito estressam os peixes, suprimindo o seu sistema imunol\u00f3gico e, assim, aumentam a probabilidade de doen\u00e7as e subsequente perda de peixes.<\/p>","protected":false},"excerpt":{"rendered":"<p>Teste de Nitritos para aqu\u00e1rios de \u00e1gua doce e salgada. O nitrito \u00e9 t\u00f3xico e \u00e9 produzido por bact\u00e9rias nitrificantes no filtro biol\u00f3gico, pois decomp\u00f5e a am\u00f4nia. Este kit testa nitrito nocivo e mede n\u00edveis de 0 a 5,0 ppm. 180 testes por kit. Instru\u00e7\u00f5es para teste de nitrito de \u00e1gua doce \/ \u00e1gua salgada: &hellip;<\/p>\n<p class=\"read-more\"> <a class=\"\" href=\"https:\/\/pfkeepers.com\/english\/product\/api-nitrite-no2-test-kit-for-fresh-and-salt-water\/\"> <span class=\"screen-reader-text\">Api Nitrite NO2- Test Kit for Fresh and Salt water<\/span> Read More &raquo;<\/a><\/p>","protected":false},"featured_media":357914,"template":"","meta":{"site-sidebar-layout":"default","site-content-layout":"","ast-site-content-layout":"default","site-content-style":"default","site-sidebar-style":"default","ast-global-header-display":"","ast-banner-title-visibility":"","ast-main-header-display":"","ast-hfb-above-header-display":"","ast-hfb-below-header-display":"","ast-hfb-mobile-header-display":"","site-post-title":"","ast-breadcrumbs-content":"","ast-featured-img":"","footer-sml-layout":"","theme-transparent-header-meta":"default","adv-header-id-meta":"","stick-header-meta":"","header-above-stick-meta":"","header-main-stick-meta":"","header-below-stick-meta":"","astra-migrate-meta-layouts":"set"},"product_cat":[1784],"product_tag":[755],"_links":{"self":[{"href":"https:\/\/pfkeepers.com\/english\/wp-json\/wp\/v2\/product\/48084"}],"collection":[{"href":"https:\/\/pfkeepers.com\/english\/wp-json\/wp\/v2\/product"}],"about":[{"href":"https:\/\/pfkeepers.com\/english\/wp-json\/wp\/v2\/types\/product"}],"wp:featuredmedia":[{"embeddable":true,"href":"https:\/\/pfkeepers.com\/english\/wp-json\/wp\/v2\/media\/357914"}],"wp:attachment":[{"href":"https:\/\/pfkeepers.com\/english\/wp-json\/wp\/v2\/media?parent=48084"}],"wp:term":[{"taxonomy":"product_cat","embeddable":true,"href":"https:\/\/pfkeepers.com\/english\/wp-json\/wp\/v2\/product_cat?post=48084"},{"taxonomy":"product_tag","embeddable":true,"href":"https:\/\/pfkeepers.com\/english\/wp-json\/wp\/v2\/product_tag?post=48084"}],"curies":[{"name":"wp","href":"https:\/\/api.w.org\/{rel}","templated":true}]}}