{"id":48083,"date":"2024-03-04T12:52:58","date_gmt":"2024-03-04T12:52:58","guid":{"rendered":"https:\/\/pfkeepers.com\/produto\/api-high-range-ph-test-kit-for-fresh-and-salt-water\/"},"modified":"2026-04-18T23:45:11","modified_gmt":"2026-04-18T23:45:11","slug":"api-high-range-ph-test-kit-for-fresh-and-salt-water","status":"publish","type":"product","link":"https:\/\/pfkeepers.com\/english\/product\/api-high-range-ph-test-kit-for-fresh-and-salt-water\/","title":{"rendered":"Api High Range pH Test Kit for Fresh and Salt Water"},"content":{"rendered":"<p>The API\u00ae HIGH RANGE pH TEST KIT measures pH changes in marine aquariums, aquariums with African Cichlids, and very alkaline tap water. The API HIGH RANGE pH TEST KIT reads the pH of water within the high range of 7.4 \u2013 8.8, and includes one bottle of test solution and one test tube.  Sizes  Contains 160 tests and includes 1 test bottle, easy-to-ready instructions, glass test tube and color chart<\/p>","protected":false},"excerpt":{"rendered":"<p>O KIT DE TESTE DE pH API\u00ae HIGH RANGE mede as mudan\u00e7as de pH em aqu\u00e1rios marinhos, aqu\u00e1rios com cicl\u00eddeos africanos e \u00e1gua da torneira muito alcalina. O KIT DE TESTE DE pH API HIGH RANGE l\u00ea o pH da \u00e1gua dentro da faixa alta de 7,4 \u2013 8,8 e inclui um frasco de solu\u00e7\u00e3o &hellip;<\/p>\n<p class=\"read-more\"> <a class=\"\" href=\"https:\/\/pfkeepers.com\/english\/product\/api-high-range-ph-test-kit-for-fresh-and-salt-water\/\"> <span class=\"screen-reader-text\">Api High Range pH Test Kit for Fresh and Salt Water<\/span> Read More &raquo;<\/a><\/p>","protected":false},"featured_media":357913,"template":"","meta":{"site-sidebar-layout":"default","site-content-layout":"","ast-site-content-layout":"default","site-content-style":"default","site-sidebar-style":"default","ast-global-header-display":"","ast-banner-title-visibility":"","ast-main-header-display":"","ast-hfb-above-header-display":"","ast-hfb-below-header-display":"","ast-hfb-mobile-header-display":"","site-post-title":"","ast-breadcrumbs-content":"","ast-featured-img":"","footer-sml-layout":"","theme-transparent-header-meta":"default","adv-header-id-meta":"","stick-header-meta":"","header-above-stick-meta":"","header-main-stick-meta":"","header-below-stick-meta":"","astra-migrate-meta-layouts":"set"},"product_cat":[1784],"product_tag":[755],"_links":{"self":[{"href":"https:\/\/pfkeepers.com\/english\/wp-json\/wp\/v2\/product\/48083"}],"collection":[{"href":"https:\/\/pfkeepers.com\/english\/wp-json\/wp\/v2\/product"}],"about":[{"href":"https:\/\/pfkeepers.com\/english\/wp-json\/wp\/v2\/types\/product"}],"wp:featuredmedia":[{"embeddable":true,"href":"https:\/\/pfkeepers.com\/english\/wp-json\/wp\/v2\/media\/357913"}],"wp:attachment":[{"href":"https:\/\/pfkeepers.com\/english\/wp-json\/wp\/v2\/media?parent=48083"}],"wp:term":[{"taxonomy":"product_cat","embeddable":true,"href":"https:\/\/pfkeepers.com\/english\/wp-json\/wp\/v2\/product_cat?post=48083"},{"taxonomy":"product_tag","embeddable":true,"href":"https:\/\/pfkeepers.com\/english\/wp-json\/wp\/v2\/product_tag?post=48083"}],"curies":[{"name":"wp","href":"https:\/\/api.w.org\/{rel}","templated":true}]}}