{"id":48054,"date":"2024-03-04T12:52:15","date_gmt":"2024-03-04T12:52:15","guid":{"rendered":"https:\/\/pfkeepers.com\/produto\/kordon-ich-attack-fs-water-118ml\/"},"modified":"2026-04-18T23:44:54","modified_gmt":"2026-04-18T23:44:54","slug":"kordon-ich-attack-fs-water-118ml","status":"publish","type":"product","link":"https:\/\/pfkeepers.com\/english\/product\/kordon-ich-attack-fs-water-118ml\/","title":{"rendered":"Kordon Ich Attack F&amp;S water 118ml"},"content":{"rendered":"<p>100% de ervas org\u00e2nicas com base em naftoquinonas<br \/>\nPara aqu\u00e1rios de \u00e1gua doce e salgada e condi\u00e7\u00f5es de lago<br \/>\nAjuda a prevenir e tratar doen\u00e7as externas unicelulares de peixes<br \/>\nIgualmente eficaz em \u00e1gua doce e salgada<br \/>\nSeguro para uso com invertebrados aqu\u00e1ticos<br \/>\nProduzido nos Estados Unidos.<br \/>\nKordon Ich-Attack\u00ae \u00e9 um tratamento f\u00e1cil de usar composto por ingredientes 100% org\u00e2nicos m\u00faltiplos para todos os tipos de infec\u00e7\u00f5es unicelulares externas e epid\u00e9rmicas. Seu amplo espectro de atividade e a falta de toxicidade tornam o Ich-Attack eficaz sem exigir um diagn\u00f3stico espec\u00edfico.<br \/>\nEle impede o in\u00edcio de invas\u00f5es infecciosas e parasit\u00e1rias externas e, por sua vez, evita muitas infec\u00e7\u00f5es secund\u00e1rias. Resumindo, o Ich-Attack suprime e elimina um amplo espectro de infec\u00e7\u00f5es.<\/p>\n<p>A a\u00e7\u00e3o terap\u00eautica do Ich-Attack em protozo\u00e1rios e outras infec\u00e7\u00f5es deve-se \u00e0 sua liga\u00e7\u00e3o com estruturas citoplasm\u00e1ticas dentro da c\u00e9lula dos organismos infectantes.<\/p>","protected":false},"excerpt":{"rendered":"<p>100% de ervas org\u00e2nicas com base em naftoquinonas Para aqu\u00e1rios de \u00e1gua doce e salgada e condi\u00e7\u00f5es de lago Ajuda a prevenir e tratar doen\u00e7as externas unicelulares de peixes Igualmente eficaz em \u00e1gua doce e salgada Seguro para uso com invertebrados aqu\u00e1ticos Produzido nos Estados Unidos. Kordon Ich-Attack\u00ae \u00e9 um tratamento f\u00e1cil de usar composto &hellip;<\/p>\n<p class=\"read-more\"> <a class=\"\" href=\"https:\/\/pfkeepers.com\/english\/product\/kordon-ich-attack-fs-water-118ml\/\"> <span class=\"screen-reader-text\">Kordon Ich Attack F&amp;S water 118ml<\/span> Read More &raquo;<\/a><\/p>","protected":false},"featured_media":357972,"template":"","meta":{"site-sidebar-layout":"default","site-content-layout":"","ast-site-content-layout":"default","site-content-style":"default","site-sidebar-style":"default","ast-global-header-display":"","ast-banner-title-visibility":"","ast-main-header-display":"","ast-hfb-above-header-display":"","ast-hfb-below-header-display":"","ast-hfb-mobile-header-display":"","site-post-title":"","ast-breadcrumbs-content":"","ast-featured-img":"","footer-sml-layout":"","theme-transparent-header-meta":"default","adv-header-id-meta":"","stick-header-meta":"","header-above-stick-meta":"","header-main-stick-meta":"","header-below-stick-meta":"","astra-migrate-meta-layouts":"set"},"product_cat":[1393,1394],"product_tag":[923],"_links":{"self":[{"href":"https:\/\/pfkeepers.com\/english\/wp-json\/wp\/v2\/product\/48054"}],"collection":[{"href":"https:\/\/pfkeepers.com\/english\/wp-json\/wp\/v2\/product"}],"about":[{"href":"https:\/\/pfkeepers.com\/english\/wp-json\/wp\/v2\/types\/product"}],"wp:featuredmedia":[{"embeddable":true,"href":"https:\/\/pfkeepers.com\/english\/wp-json\/wp\/v2\/media\/357972"}],"wp:attachment":[{"href":"https:\/\/pfkeepers.com\/english\/wp-json\/wp\/v2\/media?parent=48054"}],"wp:term":[{"taxonomy":"product_cat","embeddable":true,"href":"https:\/\/pfkeepers.com\/english\/wp-json\/wp\/v2\/product_cat?post=48054"},{"taxonomy":"product_tag","embeddable":true,"href":"https:\/\/pfkeepers.com\/english\/wp-json\/wp\/v2\/product_tag?post=48054"}],"curies":[{"name":"wp","href":"https:\/\/api.w.org\/{rel}","templated":true}]}}