{"id":47995,"date":"2024-03-04T12:50:51","date_gmt":"2024-03-04T12:50:51","guid":{"rendered":"https:\/\/pfkeepers.com\/produto\/betta-macho-cauda-coroa-orquidea-negra-betta-splendens\/"},"modified":"2026-04-18T02:28:08","modified_gmt":"2026-04-18T02:28:08","slug":"betta-macho-cauda-coroa-orquidea-negra-betta-splendens","status":"publish","type":"product","link":"https:\/\/pfkeepers.com\/english\/product\/betta-macho-cauda-coroa-orquidea-negra-betta-splendens\/","title":{"rendered":"Betta Macho Super Delta Snow White &#8211; Betta splendens"},"content":{"rendered":"<p>Nota: Imagem ilustrativa, o padr\u00e3o das cores pode n\u00e3o corresponder exactamente \u00e1 fotografia da imagem, pode requisitar o envio de fotos para verificar os padr\u00f5es em stock<\/p>\n<p>Esp\u00e9cie: Betta splendens (Var. Super Delta)<\/p>\n<p>Nome comum: Betta, Betta combatente<\/p>\n<p>Tamanho dispon\u00edvel: 4 &#8211; 5 cm<\/p>\n<p>Tamanho m\u00e1ximo: 6 cm (estimativa de vida 3 anos)<\/p>\n<p>pH: 6.5 &#8211; 7.5<\/p>\n<p>Dureza: 5 &#8211; 19\u00ba \/ 140 &#8211; 350 ppm<\/p>\n<p>Temperatura: 22 &#8211; 30\u00baC<\/p>\n<p>Alimenta\u00e7\u00e3o: Carn\u00edvoro. No estado selvagem alimenta-se essencialmente de mosquitos, larvas de insecto e zoopl\u00e2ncton. Em cativeiro come bem ra\u00e7\u00e3o seca mas recomenda-se dar comida de boa qualidade e intercalar com congelada, sempre em pouca quantidade. Os bettas s\u00e3o prop\u00edcios a problemas de obstipa\u00e7\u00e3o e digestivos fazendo com que fiquem doentes. <\/p>\n<p>Comportamento: \u00c9 um peixe agressivo com o da mesma esp\u00e9cie, n\u00e3o podem estar juntos com outros bettas. S\u00f3 se junta com a betta f\u00eamea na altura da reprodu\u00e7\u00e3o. Ap\u00f3s o acasalamento, o betta macho fica sozinho a tomar conta dos ovos. Pode ser pac\u00edfico com outras esp\u00e9cies de peixes desde que sejam peixes calmos, pac\u00edficos e mais pequenos. Depender\u00e1 sempre do feitio do pr\u00f3prio betta. H\u00e1 bettas que podem ser muito agressivos com outras esp\u00e9cies.<\/p>\n<p>Dimorfismo sexual: Na variedade dom\u00e9stica (n\u00e3o selvagem) o macho tem as barbatanas muito mais longas que a f\u00eamea, principalmente a caudal.<\/p>\n<p>Reprodu\u00e7\u00e3o: Ov\u00edparo. Atinge a maturidade sexual em 6 meses. O macho cria o ninho de bolhas, depois de se juntar com a f\u00eamea e envolv\u00ea-la num abra\u00e7o, a f\u00eamea liberta os ovos que o macho recolhe para colocar no ninho de bolhas que fez. A f\u00eamea sai e ser\u00e1 o macho a cuidar dos ovos e das crias, durante uma a duas semanas.<\/p>\n<p>Tamanho m\u00ednimo de aqu\u00e1rio: 20L<\/p>\n<p>Origem: \u00c1sia<\/p>","protected":false},"excerpt":{"rendered":"<p>Nota: Imagem ilustrativa, o padr\u00e3o das cores pode n\u00e3o corresponder exactamente \u00e1 fotografia da imagem, pode requisitar o envio de fotos para verificar os padr\u00f5es em stock Esp\u00e9cie: Betta splendens (Var. Super Delta) Nome comum: Betta, Betta combatente Tamanho dispon\u00edvel: 4 &#8211; 5 cm Tamanho m\u00e1ximo: 6 cm (estimativa de vida 3 anos) pH: 6.5 &hellip;<\/p>\n<p class=\"read-more\"> <a class=\"\" href=\"https:\/\/pfkeepers.com\/english\/product\/betta-macho-cauda-coroa-orquidea-negra-betta-splendens\/\"> <span class=\"screen-reader-text\">Betta Macho Super Delta Snow White &#8211; Betta splendens<\/span> Read More &raquo;<\/a><\/p>","protected":false},"featured_media":357964,"template":"","meta":{"site-sidebar-layout":"default","site-content-layout":"","ast-site-content-layout":"default","site-content-style":"default","site-sidebar-style":"default","ast-global-header-display":"","ast-banner-title-visibility":"","ast-main-header-display":"","ast-hfb-above-header-display":"","ast-hfb-below-header-display":"","ast-hfb-mobile-header-display":"","site-post-title":"","ast-breadcrumbs-content":"","ast-featured-img":"","footer-sml-layout":"","theme-transparent-header-meta":"default","adv-header-id-meta":"","stick-header-meta":"","header-above-stick-meta":"","header-main-stick-meta":"","header-below-stick-meta":"","astra-migrate-meta-layouts":"set"},"product_cat":[1354],"product_tag":[],"_links":{"self":[{"href":"https:\/\/pfkeepers.com\/english\/wp-json\/wp\/v2\/product\/47995"}],"collection":[{"href":"https:\/\/pfkeepers.com\/english\/wp-json\/wp\/v2\/product"}],"about":[{"href":"https:\/\/pfkeepers.com\/english\/wp-json\/wp\/v2\/types\/product"}],"wp:featuredmedia":[{"embeddable":true,"href":"https:\/\/pfkeepers.com\/english\/wp-json\/wp\/v2\/media\/357964"}],"wp:attachment":[{"href":"https:\/\/pfkeepers.com\/english\/wp-json\/wp\/v2\/media?parent=47995"}],"wp:term":[{"taxonomy":"product_cat","embeddable":true,"href":"https:\/\/pfkeepers.com\/english\/wp-json\/wp\/v2\/product_cat?post=47995"},{"taxonomy":"product_tag","embeddable":true,"href":"https:\/\/pfkeepers.com\/english\/wp-json\/wp\/v2\/product_tag?post=47995"}],"curies":[{"name":"wp","href":"https:\/\/api.w.org\/{rel}","templated":true}]}}