{"id":47991,"date":"2024-03-04T12:50:44","date_gmt":"2024-03-04T12:50:44","guid":{"rendered":"https:\/\/pfkeepers.com\/produto\/neon-chines-tanichthys-albonubes\/"},"modified":"2026-04-18T02:27:56","modified_gmt":"2026-04-18T02:27:56","slug":"neon-chines-tanichthys-albonubes","status":"publish","type":"product","link":"https:\/\/pfkeepers.com\/english\/product\/neon-chines-tanichthys-albonubes\/","title":{"rendered":"Neon Chin\u00eas &#8211; Tanichthys albonubes"},"content":{"rendered":"<p>Ordem: Cypriniformes<\/p>\n<p>Fam\u00edlia: Cyprinidae<\/p>\n<p>G\u00e9nero: Tanichthys<\/p>\n<p>Esp\u00e9cie: Tanichthys albonubes<\/p>\n<p>Nome comum: N\u00e9on chin\u00eas<\/p>\n<p>Origem: China<\/p>\n<p>pH: Idealmente a 6,7 mas suporta qualquer n\u00edvel entre 6 e 8, embora preferir a \u00e1gua \u00e1cida.<\/p>\n<p>dH: 5-19<\/p>\n<p>Temperatura: 10 a 25 graus cent\u00edgrados. Idealmente entre os 20 e os 23.<\/p>\n<p>Comprimento m\u00e1ximo: 4 cm<\/p>\n<p>H\u00e1bitos alimentares: alimenta-se de pequenos seres e particulas em suspens\u00e3o. No entanto, recomendo que complemente a sua alimenta\u00e7\u00e3o com flocos e comida viva. A boca dos tanictis n\u00e3o \u00e9 muito grande; consequentemente, n\u00e3o conseguir\u00e1 comer tudo o que lhe for oferecido.<\/p>\n<p>Reprodu\u00e7\u00e3o: \u00e9 poss\u00edvel e n\u00e3o muito dif\u00edcil. Geralmente, se possuir um grupo de tanictis no seu aqu\u00e1rio, este for minimamente plantado e n\u00e3o possuir predadores das crias, em pouco tempo ter\u00e1 o aqu\u00e1rio com muito mais peixes do que aqueles que possuia inicialmente. Por\u00e9m, tal nem sempre acontece. Se pretender for\u00e7ar a reprodu\u00e7\u00e3o, dever\u00e1 adquirir um grupo de cerca de seis indiv\u00edduos e coloc\u00e1-los num aqu\u00e1rio de 25 ou mais litros, a 22 graus cent\u00edgrados. Coloque uns berlindes no fundo e introduza algumas cabombas e el\u00f3deas a flutuar. Logo ap\u00f3s a introdu\u00e7\u00e3o dos peixes no aqu\u00e1rio, os machos come\u00e7ar\u00e3o a cortejar e a ro\u00e7ar-se nas f\u00eameas. Os ovos ser\u00e3o depositados e eclodir\u00e3o 48 horas mais tarde. O diformismo sexual n\u00e3o \u00e9 dif\u00edcil de ser observado: o macho \u00e9 mais colorido e possui as barbatanas mais longas, enquanto que as f\u00eameas costumam ser mais gordinhas e menos atraentes.<\/p>\n<p>Comportamento social: s\u00e3o bastante activos e totalmente inofensivos. N\u00e3o far\u00e3o mal a nenhum companheiro, sendo que s\u00e3o adequados para qualquer aqu\u00e1rio onde n\u00e3o estejam amea\u00e7ados por nenhum outro peixe. S\u00e3o peixes de cardume, devem ser mantidos em grupos de, no m\u00ednimo, 6 indiv\u00edduos.<\/p>\n<p>Dimens\u00f5es m\u00ednimas do aqu\u00e1rio: seguindo a regra de 1 cent\u00edmetro de peixe por litro de \u00e1gua e respeitando o n\u00famero m\u00ednimo aconselh\u00e1vel de exemplares, o aqu\u00e1rio deve possuir, no m\u00ednimo, 24 litros. Isto, se apenas possuir tanichthys, obviamente. Mas com um aqu\u00e1rio um pouco maior, viver\u00e3o mais felizes e, provavelmente, as suas cores ficar\u00e3o mais intensas.<\/p>\n<p>Disposi\u00e7\u00e3o do aqu\u00e1rio: deve possuir algumas plantas mas tamb\u00e9m algum espa\u00e7o vazio para que os seus tanictis possam nadar livremente.<\/p>","protected":false},"excerpt":{"rendered":"<p>Ordem: Cypriniformes Fam\u00edlia: Cyprinidae G\u00e9nero: Tanichthys Esp\u00e9cie: Tanichthys albonubes Nome comum: N\u00e9on chin\u00eas Origem: China pH: Idealmente a 6,7 mas suporta qualquer n\u00edvel entre 6 e 8, embora preferir a \u00e1gua \u00e1cida. dH: 5-19 Temperatura: 10 a 25 graus cent\u00edgrados. Idealmente entre os 20 e os 23. Comprimento m\u00e1ximo: 4 cm H\u00e1bitos alimentares: alimenta-se de &hellip;<\/p>\n<p class=\"read-more\"> <a class=\"\" href=\"https:\/\/pfkeepers.com\/english\/product\/neon-chines-tanichthys-albonubes\/\"> <span class=\"screen-reader-text\">Neon Chin\u00eas &#8211; Tanichthys albonubes<\/span> Read More &raquo;<\/a><\/p>","protected":false},"featured_media":47992,"template":"","meta":{"site-sidebar-layout":"default","site-content-layout":"","ast-site-content-layout":"","site-content-style":"default","site-sidebar-style":"default","ast-global-header-display":"","ast-banner-title-visibility":"","ast-main-header-display":"","ast-hfb-above-header-display":"","ast-hfb-below-header-display":"","ast-hfb-mobile-header-display":"","site-post-title":"","ast-breadcrumbs-content":"","ast-featured-img":"","footer-sml-layout":"","theme-transparent-header-meta":"","adv-header-id-meta":"","stick-header-meta":"","header-above-stick-meta":"","header-main-stick-meta":"","header-below-stick-meta":"","astra-migrate-meta-layouts":""},"product_cat":[1354],"product_tag":[874],"_links":{"self":[{"href":"https:\/\/pfkeepers.com\/english\/wp-json\/wp\/v2\/product\/47991"}],"collection":[{"href":"https:\/\/pfkeepers.com\/english\/wp-json\/wp\/v2\/product"}],"about":[{"href":"https:\/\/pfkeepers.com\/english\/wp-json\/wp\/v2\/types\/product"}],"wp:featuredmedia":[{"embeddable":true,"href":"https:\/\/pfkeepers.com\/english\/wp-json\/wp\/v2\/media\/47992"}],"wp:attachment":[{"href":"https:\/\/pfkeepers.com\/english\/wp-json\/wp\/v2\/media?parent=47991"}],"wp:term":[{"taxonomy":"product_cat","embeddable":true,"href":"https:\/\/pfkeepers.com\/english\/wp-json\/wp\/v2\/product_cat?post=47991"},{"taxonomy":"product_tag","embeddable":true,"href":"https:\/\/pfkeepers.com\/english\/wp-json\/wp\/v2\/product_tag?post=47991"}],"curies":[{"name":"wp","href":"https:\/\/api.w.org\/{rel}","templated":true}]}}