{"id":47987,"date":"2024-03-04T12:50:38","date_gmt":"2024-03-04T12:50:38","guid":{"rendered":"https:\/\/pfkeepers.com\/produto\/tetra-sta-filomena-moenkhausia-sanctafilomenae\/"},"modified":"2026-04-18T02:27:50","modified_gmt":"2026-04-18T02:27:50","slug":"tetra-sta-filomena-moenkhausia-sanctafilomenae","status":"publish","type":"product","link":"https:\/\/pfkeepers.com\/english\/product\/tetra-sta-filomena-moenkhausia-sanctafilomenae\/","title":{"rendered":"Tetra Santa Filomena &#8211; Moenkhausia sanctafilomenae"},"content":{"rendered":"<p>Uma esp\u00e9cie bastante adapt\u00e1vel que ir\u00e1 prosperar nos tanques mais bem conservados, embora n\u00e3o goste de ambientes muito iluminados ou com pouca decora\u00e7\u00e3o. Fica excelente em um tanque densamente plantado .<\/p>\n<p>Tamb\u00e9m pode ser mantido em uma configura\u00e7\u00e3o de bi\u00f3topo da Amaz\u00f4nia, se desejar. Use um substrato de areia do rio e adicione alguns galhos de madeira flutuante (se voc\u00ea n\u00e3o encontrar madeira da forma desejada, a faia comum \u00e9 segura de usar se estiver bem seca e sem casca) e ra\u00edzes retorcidas. Alguns punhados de folhas secas (novamente podem ser usadas faias ou folhas de carvalho tamb\u00e9m s\u00e3o adequadas) completariam a sensa\u00e7\u00e3o natural. As plantas aqu\u00e1ticas n\u00e3o fazem parte das \u00e1guas naturais desta esp\u00e9cie. Permita que a madeira e as folhas manchem a \u00e1gua da cor do ch\u00e1 fraco, removendo as folhas velhas e as substituindo a cada poucas semanas para que n\u00e3o apodre\u00e7am e sujem a \u00e1gua. Uma pequena sacola cheia de turfa segura para aqu\u00e1rio pode ser adicionado ao filtro para ajudar na simula\u00e7\u00e3o de condi\u00e7\u00f5es de \u00e1gua escura (blackwater). A ilumina\u00e7\u00e3o deve ser (preferencialmente) fraca.<\/p>\n<p>Temperatura : 22 a 26 \u00b0C<\/p>\n<p>pH : Devido \u00e0 grande variedade de condi\u00e7\u00f5es da \u00e1gua entre as esta\u00e7\u00f5es chuvosa e seca em suas \u00e1guas naturais, \u00e9 muito pouco exigente e funciona bem em qualquer lugar na faixa de pH 6.0 \u2013 8.0<\/p>\n<p>Dureza : 3 a 20 \u00b0 H<\/p>","protected":false},"excerpt":{"rendered":"<p>Uma esp\u00e9cie bastante adapt\u00e1vel que ir\u00e1 prosperar nos tanques mais bem conservados, embora n\u00e3o goste de ambientes muito iluminados ou com pouca decora\u00e7\u00e3o. Fica excelente em um tanque densamente plantado . Tamb\u00e9m pode ser mantido em uma configura\u00e7\u00e3o de bi\u00f3topo da Amaz\u00f4nia, se desejar. Use um substrato de areia do rio e adicione alguns galhos &hellip;<\/p>\n<p class=\"read-more\"> <a class=\"\" href=\"https:\/\/pfkeepers.com\/english\/product\/tetra-sta-filomena-moenkhausia-sanctafilomenae\/\"> <span class=\"screen-reader-text\">Tetra Santa Filomena &#8211; Moenkhausia sanctafilomenae<\/span> Read More &raquo;<\/a><\/p>","protected":false},"featured_media":47988,"template":"","meta":{"site-sidebar-layout":"default","site-content-layout":"","ast-site-content-layout":"default","site-content-style":"default","site-sidebar-style":"default","ast-global-header-display":"","ast-banner-title-visibility":"","ast-main-header-display":"","ast-hfb-above-header-display":"","ast-hfb-below-header-display":"","ast-hfb-mobile-header-display":"","site-post-title":"","ast-breadcrumbs-content":"","ast-featured-img":"","footer-sml-layout":"","theme-transparent-header-meta":"default","adv-header-id-meta":"","stick-header-meta":"","header-above-stick-meta":"","header-main-stick-meta":"","header-below-stick-meta":"","astra-migrate-meta-layouts":"set"},"product_cat":[1354],"product_tag":[],"_links":{"self":[{"href":"https:\/\/pfkeepers.com\/english\/wp-json\/wp\/v2\/product\/47987"}],"collection":[{"href":"https:\/\/pfkeepers.com\/english\/wp-json\/wp\/v2\/product"}],"about":[{"href":"https:\/\/pfkeepers.com\/english\/wp-json\/wp\/v2\/types\/product"}],"wp:featuredmedia":[{"embeddable":true,"href":"https:\/\/pfkeepers.com\/english\/wp-json\/wp\/v2\/media\/47988"}],"wp:attachment":[{"href":"https:\/\/pfkeepers.com\/english\/wp-json\/wp\/v2\/media?parent=47987"}],"wp:term":[{"taxonomy":"product_cat","embeddable":true,"href":"https:\/\/pfkeepers.com\/english\/wp-json\/wp\/v2\/product_cat?post=47987"},{"taxonomy":"product_tag","embeddable":true,"href":"https:\/\/pfkeepers.com\/english\/wp-json\/wp\/v2\/product_tag?post=47987"}],"curies":[{"name":"wp","href":"https:\/\/api.w.org\/{rel}","templated":true}]}}