{"id":47985,"date":"2024-03-04T12:50:35","date_gmt":"2024-03-04T12:50:35","guid":{"rendered":"https:\/\/pfkeepers.com\/produto\/neon-negro-hyphessobrycon-herbertaxelrodi\/"},"modified":"2025-02-27T19:45:50","modified_gmt":"2025-02-27T19:45:50","slug":"neon-negro-hyphessobrycon-herbertaxelrodi","status":"publish","type":"product","link":"https:\/\/pfkeepers.com\/english\/product\/neon-negro-hyphessobrycon-herbertaxelrodi\/","title":{"rendered":"Neon Negro &#8211; Hyphessobrycon herbertaxelrodi"},"content":{"rendered":"<p>O Neon Negro \u00e9 um peixe muito d\u00f3cil e soci\u00e1vel, al\u00e9m de ser muito resistente, e por essas caracter\u00edsticas \u00e9 altamente indicado para aquaristas principiantes e\/ou aqu\u00e1rio comunit\u00e1rios, onde ir\u00e3o conviver muito bem com os outros peixes. S\u00e3o peixes que formam cardumes, ent\u00e3o procure manter sempre no m\u00ednimo 10 unidade desse peixe por aqu\u00e1rio.<\/p>\n<p>\u00c9 bem complicado de reconhecer a f\u00eamea do macho, o que pode diferenciar \u00e9 o tamanho da f\u00eamea, maior que o macho, e com um ventre mais volumoso.<\/p>\n<p>Mesmo sendo muito f\u00e1cil de ser mantido em aqu\u00e1rios, o Neon Negro requer alguns cuidados para poder ter sua vida \u00fatil aumentada e deix\u00e1-los ainda mais vistosos e vibrantes.<\/p>\n<p>Nome popular:<br \/>\nS\u00e3o conhecidos com o nome de Neon Negro<\/p>\n<p>Nome cient\u00edfico:<br \/>\nFoi batizado de Hyphessobrycon herbertaxelrodi<\/p>\n<p>Origem:<br \/>\nS\u00e3o peixes nativos da Am\u00e9rica do Sul, encontrados em alguns lugares da bacia do Rio Paraguai.<\/p>\n<p>Temperatura:<br \/>\nPara manter a qualidade do habitat ideal para o Neon Negro, a \u00e1gua deve estar entre 22\u00b0C e 28\u00b0C, mas de prefer\u00eancia manter em 25\u00b0C.<\/p>\n<p>\u00c1gua:<br \/>\nO pH da \u00e1gua deve ficar entre 6.0 a 7.0<\/p>\n<p>Alimenta\u00e7\u00e3o:<br \/>\nO Neon Negro \u00e9 um peixe de alimenta\u00e7\u00e3o on\u00edvora que aceita muito bem as ra\u00e7\u00f5es, tanto as flocos como as granulados.<\/p>","protected":false},"excerpt":{"rendered":"<p>O Neon Negro \u00e9 um peixe muito d\u00f3cil e soci\u00e1vel, al\u00e9m de ser muito resistente, e por essas caracter\u00edsticas \u00e9 altamente indicado para aquaristas principiantes e\/ou aqu\u00e1rio comunit\u00e1rios, onde ir\u00e3o conviver muito bem com os outros peixes. S\u00e3o peixes que formam cardumes, ent\u00e3o procure manter sempre no m\u00ednimo 10 unidade desse peixe por aqu\u00e1rio. \u00c9 &hellip;<\/p>\n<p class=\"read-more\"> <a class=\"\" href=\"https:\/\/pfkeepers.com\/english\/product\/neon-negro-hyphessobrycon-herbertaxelrodi\/\"> <span class=\"screen-reader-text\">Neon Negro &#8211; Hyphessobrycon herbertaxelrodi<\/span> Read More &raquo;<\/a><\/p>","protected":false},"featured_media":47986,"template":"","meta":{"site-sidebar-layout":"default","site-content-layout":"","ast-site-content-layout":"","site-content-style":"default","site-sidebar-style":"default","ast-global-header-display":"","ast-banner-title-visibility":"","ast-main-header-display":"","ast-hfb-above-header-display":"","ast-hfb-below-header-display":"","ast-hfb-mobile-header-display":"","site-post-title":"","ast-breadcrumbs-content":"","ast-featured-img":"","footer-sml-layout":"","theme-transparent-header-meta":"","adv-header-id-meta":"","stick-header-meta":"","header-above-stick-meta":"","header-main-stick-meta":"","header-below-stick-meta":"","astra-migrate-meta-layouts":""},"product_cat":[1354],"product_tag":[874],"_links":{"self":[{"href":"https:\/\/pfkeepers.com\/english\/wp-json\/wp\/v2\/product\/47985"}],"collection":[{"href":"https:\/\/pfkeepers.com\/english\/wp-json\/wp\/v2\/product"}],"about":[{"href":"https:\/\/pfkeepers.com\/english\/wp-json\/wp\/v2\/types\/product"}],"wp:featuredmedia":[{"embeddable":true,"href":"https:\/\/pfkeepers.com\/english\/wp-json\/wp\/v2\/media\/47986"}],"wp:attachment":[{"href":"https:\/\/pfkeepers.com\/english\/wp-json\/wp\/v2\/media?parent=47985"}],"wp:term":[{"taxonomy":"product_cat","embeddable":true,"href":"https:\/\/pfkeepers.com\/english\/wp-json\/wp\/v2\/product_cat?post=47985"},{"taxonomy":"product_tag","embeddable":true,"href":"https:\/\/pfkeepers.com\/english\/wp-json\/wp\/v2\/product_tag?post=47985"}],"curies":[{"name":"wp","href":"https:\/\/api.w.org\/{rel}","templated":true}]}}