{"id":47978,"date":"2024-03-04T12:50:21","date_gmt":"2024-03-04T12:50:21","guid":{"rendered":"https:\/\/pfkeepers.com\/produto\/plecostomos-borboleta-gastromyzon-punctulatus\/"},"modified":"2026-04-18T02:27:32","modified_gmt":"2026-04-18T02:27:32","slug":"plecostomos-borboleta-gastromyzon-punctulatus","status":"publish","type":"product","link":"https:\/\/pfkeepers.com\/english\/product\/plecostomos-borboleta-gastromyzon-punctulatus\/","title":{"rendered":"Plecostomos Borboleta Borneo &#8211; Gastromyzon boreneensis"},"content":{"rendered":"<p>Gastromyzon  \u00e9 um peixe pac\u00edfico que pode ser mantido junto com outros peixes pac\u00edficos. O aqu\u00e1rio deve ser montado com plantas, troncos e pedras porque precisam de esconderijos. \u00c9 necess\u00e1rio um filtro forte e uma grande troca regular da \u00e1gua.<\/p>\n<p>Dieta<br \/>\nEles comem pequenos alimentos vivos que coletam de pedras e rochas entre as algas. Alimentos secos tamb\u00e9m s\u00e3o aceites.<\/p>\n<p>Cria\u00e7\u00e3o de Gastromyzon<br \/>\nSobre a reprodu\u00e7\u00e3o no aqu\u00e1rio nada se sabe.<\/p>\n<p>Observa\u00e7\u00f5es<br \/>\nNo com\u00e9rcio de aqu\u00e1rios, muitas esp\u00e9cies diferentes de botias de Born\u00e9u aparecem. Existem muito mais esp\u00e9cies do que as oficialmente descritas. no com\u00e9rcio, os malhados s\u00e3o dif\u00edceis de distinguir. Se n\u00e3o tiverem certeza de seu nome, s\u00e3o simplesmente chamados de Gastromyzon<\/p>","protected":false},"excerpt":{"rendered":"<p>Gastromyzon \u00e9 um peixe pac\u00edfico que pode ser mantido junto com outros peixes pac\u00edficos. O aqu\u00e1rio deve ser montado com plantas, troncos e pedras porque precisam de esconderijos. \u00c9 necess\u00e1rio um filtro forte e uma grande troca regular da \u00e1gua. Dieta Eles comem pequenos alimentos vivos que coletam de pedras e rochas entre as algas. &hellip;<\/p>\n<p class=\"read-more\"> <a class=\"\" href=\"https:\/\/pfkeepers.com\/english\/product\/plecostomos-borboleta-gastromyzon-punctulatus\/\"> <span class=\"screen-reader-text\">Plecostomos Borboleta Borneo &#8211; Gastromyzon boreneensis<\/span> Read More &raquo;<\/a><\/p>","protected":false},"featured_media":47979,"template":"","meta":{"site-sidebar-layout":"default","site-content-layout":"","ast-site-content-layout":"","site-content-style":"default","site-sidebar-style":"default","ast-global-header-display":"","ast-banner-title-visibility":"","ast-main-header-display":"","ast-hfb-above-header-display":"","ast-hfb-below-header-display":"","ast-hfb-mobile-header-display":"","site-post-title":"","ast-breadcrumbs-content":"","ast-featured-img":"","footer-sml-layout":"","theme-transparent-header-meta":"","adv-header-id-meta":"","stick-header-meta":"","header-above-stick-meta":"","header-main-stick-meta":"","header-below-stick-meta":"","astra-migrate-meta-layouts":""},"product_cat":[1354],"product_tag":[874],"_links":{"self":[{"href":"https:\/\/pfkeepers.com\/english\/wp-json\/wp\/v2\/product\/47978"}],"collection":[{"href":"https:\/\/pfkeepers.com\/english\/wp-json\/wp\/v2\/product"}],"about":[{"href":"https:\/\/pfkeepers.com\/english\/wp-json\/wp\/v2\/types\/product"}],"wp:featuredmedia":[{"embeddable":true,"href":"https:\/\/pfkeepers.com\/english\/wp-json\/wp\/v2\/media\/47979"}],"wp:attachment":[{"href":"https:\/\/pfkeepers.com\/english\/wp-json\/wp\/v2\/media?parent=47978"}],"wp:term":[{"taxonomy":"product_cat","embeddable":true,"href":"https:\/\/pfkeepers.com\/english\/wp-json\/wp\/v2\/product_cat?post=47978"},{"taxonomy":"product_tag","embeddable":true,"href":"https:\/\/pfkeepers.com\/english\/wp-json\/wp\/v2\/product_tag?post=47978"}],"curies":[{"name":"wp","href":"https:\/\/api.w.org\/{rel}","templated":true}]}}