{"id":47970,"date":"2024-03-04T12:50:09","date_gmt":"2024-03-04T12:50:09","guid":{"rendered":"https:\/\/pfkeepers.com\/produto\/guppy-femea-sortida-poecilia-reticulata\/"},"modified":"2026-04-15T02:44:21","modified_gmt":"2026-04-15T02:44:21","slug":"guppy-femea-sortida-poecilia-reticulata","status":"publish","type":"product","link":"https:\/\/pfkeepers.com\/english\/product\/guppy-femea-sortida-poecilia-reticulata\/","title":{"rendered":"Guppy F\u00eamea (Sortida) &#8211; Poecilia reticulata"},"content":{"rendered":"<p>Nota: Por favor, ap\u00f3s realizar a encomenda e antes de efetuar o pagamento, confirme a disponibilidade do stock atrav\u00e9s de 249157162 ou pfkeurope@gmail.com.<\/p>\n<p>NOTA: Imagem ilustrativa, o padr\u00e3o das cores pode n\u00e3o corresponder exactamente \u00e0 fotografia<\/p>\n<p>Esp\u00e9cie: Poecilia reticulata<\/p>\n<p>Nome comum: Guppy<\/p>\n<p>Tamanho m\u00e1ximo: 5.0 cm<\/p>\n<p>pH: 7.0 &#8211; 8.5<\/p>\n<p>Dureza: 10 &#8211; 25\u00ba \/ 145-536 ppm<\/p>\n<p>Temperatura: 18 &#8211; 28\u00baC<\/p>\n<p>Alimenta\u00e7\u00e3o: Omn\u00edvoro. Aceita bem ra\u00e7\u00e3o seca. Deve ter uma alimenta\u00e7\u00e3o variada entre alimentos mais \u00e0 base de carne e outros de base vegetal.<\/p>\n<p>Comportamento: Pac\u00edfico. Bom para comunit\u00e1rios. Deve ter o cuidado de n\u00e3o juntar com peixes que possam mordiscar as barbatanas dos guppies.<\/p>\n<p>Dimorfismo sexual: Machos s\u00e3o mais pequenos, t\u00eam barbatanas mais longas e coloridas do que as f\u00eameas, que s\u00e3o maiores e mais roli\u00e7as, com menos cor. Os machos t\u00eam a barbatana anal modificada em gonop\u00f3dio para fertiliza\u00e7\u00e3o interna da f\u00eamea.<\/p>\n<p>Reprodu\u00e7\u00e3o: Viv\u00edparo, por fecunda\u00e7\u00e3o interna. Os alevins j\u00e1 nascem formados e com nata\u00e7\u00e3o livre. As f\u00eameas podem armazenar os espermatoz\u00f3ides dos machos para fertilizarem os ovos mais tarde, produzindo os alevins intercaladamente, em curtos per\u00edodos de tempo. Por isso \u00e9 que as f\u00eameas podem ter crias, mesmo j\u00e1 n\u00e3o tendo h\u00e1 algum tempo contacto com o macho. Ap\u00f3s o per\u00edodo de gesta\u00e7\u00e3o, que pode variar entre quatro a seis semanas, as f\u00eameas d\u00e3o \u00e0 luz os alevins j\u00e1 formados (cerca de 20 a 40). N\u00e3o t\u00eam cuidados parentais. Reproduzem-se muito facilmente.<\/p>\n<p>Tamanho m\u00ednimo de aqu\u00e1rio: 36L<\/p>\n<p>Origem: Am\u00e9rica do Sul<\/p>","protected":false},"excerpt":{"rendered":"<p>Nota: Por favor, ap\u00f3s realizar a encomenda e antes de efetuar o pagamento, confirme a disponibilidade do stock atrav\u00e9s de 249157162 ou pfkeurope@gmail.com. NOTA: Imagem ilustrativa, o padr\u00e3o das cores pode n\u00e3o corresponder exactamente \u00e0 fotografia Esp\u00e9cie: Poecilia reticulata Nome comum: Guppy Tamanho m\u00e1ximo: 5.0 cm pH: 7.0 &#8211; 8.5 Dureza: 10 &#8211; 25\u00ba \/ &hellip;<\/p>\n<p class=\"read-more\"> <a class=\"\" href=\"https:\/\/pfkeepers.com\/english\/product\/guppy-femea-sortida-poecilia-reticulata\/\"> <span class=\"screen-reader-text\">Guppy F\u00eamea (Sortida) &#8211; Poecilia reticulata<\/span> Read More &raquo;<\/a><\/p>","protected":false},"featured_media":47971,"template":"","meta":{"site-sidebar-layout":"default","site-content-layout":"","ast-site-content-layout":"","site-content-style":"default","site-sidebar-style":"default","ast-global-header-display":"","ast-banner-title-visibility":"","ast-main-header-display":"","ast-hfb-above-header-display":"","ast-hfb-below-header-display":"","ast-hfb-mobile-header-display":"","site-post-title":"","ast-breadcrumbs-content":"","ast-featured-img":"","footer-sml-layout":"","theme-transparent-header-meta":"","adv-header-id-meta":"","stick-header-meta":"","header-above-stick-meta":"","header-main-stick-meta":"","header-below-stick-meta":"","astra-migrate-meta-layouts":""},"product_cat":[1354],"product_tag":[873],"_links":{"self":[{"href":"https:\/\/pfkeepers.com\/english\/wp-json\/wp\/v2\/product\/47970"}],"collection":[{"href":"https:\/\/pfkeepers.com\/english\/wp-json\/wp\/v2\/product"}],"about":[{"href":"https:\/\/pfkeepers.com\/english\/wp-json\/wp\/v2\/types\/product"}],"wp:featuredmedia":[{"embeddable":true,"href":"https:\/\/pfkeepers.com\/english\/wp-json\/wp\/v2\/media\/47971"}],"wp:attachment":[{"href":"https:\/\/pfkeepers.com\/english\/wp-json\/wp\/v2\/media?parent=47970"}],"wp:term":[{"taxonomy":"product_cat","embeddable":true,"href":"https:\/\/pfkeepers.com\/english\/wp-json\/wp\/v2\/product_cat?post=47970"},{"taxonomy":"product_tag","embeddable":true,"href":"https:\/\/pfkeepers.com\/english\/wp-json\/wp\/v2\/product_tag?post=47970"}],"curies":[{"name":"wp","href":"https:\/\/api.w.org\/{rel}","templated":true}]}}