{"id":47959,"date":"2024-03-04T12:49:52","date_gmt":"2024-03-04T12:49:52","guid":{"rendered":"https:\/\/pfkeepers.com\/produto\/gamma-mysis-shrimp-slice-flat-pack-250g\/"},"modified":"2026-04-18T23:42:00","modified_gmt":"2026-04-18T23:42:00","slug":"gamma-mysis-shrimp-slice-flat-pack-250g","status":"publish","type":"product","link":"https:\/\/pfkeepers.com\/english\/product\/gamma-mysis-shrimp-slice-flat-pack-250g\/","title":{"rendered":"Gamma Mysis Shrimp Slice (Flat Pack) 250g"},"content":{"rendered":"<p>Neomysis japonica<\/p>\n<p>Descri\u00e7\u00e3o<br \/>\nCamar\u00e3o Mysis. Para \u00e1guas marinhas, tropicais e frias.<\/p>\n<p>Nova embalagem a granel de 250g.<\/p>\n<p>Ingredientes da mais alta qualidade.<br \/>\nRapidamente embalado, selado e congelado.<br \/>\nIrradiada por gama. Isso elimina completamente qualquer risco de introdu\u00e7\u00e3o de parasitas ou bact\u00e9rias nocivas em seu aqu\u00e1rio e tamb\u00e9m significa que o alimento \u00e9 totalmente seguro para armazenar em seu freezer.<br \/>\nOs produtos 100% naturais e a grande variedade dispon\u00edvel garantem que cada esp\u00e9cie de peixe receba uma alimenta\u00e7\u00e3o equilibrada, variada e interessante.<br \/>\nO guia de adequa\u00e7\u00e3o da alimenta\u00e7\u00e3o com c\u00f3digo de cores torna mais f\u00e1cil encontrar o alimento certo para os seus peixes!<\/p>","protected":false},"excerpt":{"rendered":"<p>Neomysis japonica Descri\u00e7\u00e3o Camar\u00e3o Mysis. Para \u00e1guas marinhas, tropicais e frias. Nova embalagem a granel de 250g. Ingredientes da mais alta qualidade. Rapidamente embalado, selado e congelado. Irradiada por gama. Isso elimina completamente qualquer risco de introdu\u00e7\u00e3o de parasitas ou bact\u00e9rias nocivas em seu aqu\u00e1rio e tamb\u00e9m significa que o alimento \u00e9 totalmente seguro para &hellip;<\/p>\n<p class=\"read-more\"> <a class=\"\" href=\"https:\/\/pfkeepers.com\/english\/product\/gamma-mysis-shrimp-slice-flat-pack-250g\/\"> <span class=\"screen-reader-text\">Gamma Mysis Shrimp Slice (Flat Pack) 250g<\/span> Read More &raquo;<\/a><\/p>","protected":false},"featured_media":47960,"template":"","meta":{"site-sidebar-layout":"default","site-content-layout":"","ast-site-content-layout":"","site-content-style":"default","site-sidebar-style":"default","ast-global-header-display":"","ast-banner-title-visibility":"","ast-main-header-display":"","ast-hfb-above-header-display":"","ast-hfb-below-header-display":"","ast-hfb-mobile-header-display":"","site-post-title":"","ast-breadcrumbs-content":"","ast-featured-img":"","footer-sml-layout":"","theme-transparent-header-meta":"","adv-header-id-meta":"","stick-header-meta":"","header-above-stick-meta":"","header-main-stick-meta":"","header-below-stick-meta":"","astra-migrate-meta-layouts":""},"product_cat":[1396],"product_tag":[879],"_links":{"self":[{"href":"https:\/\/pfkeepers.com\/english\/wp-json\/wp\/v2\/product\/47959"}],"collection":[{"href":"https:\/\/pfkeepers.com\/english\/wp-json\/wp\/v2\/product"}],"about":[{"href":"https:\/\/pfkeepers.com\/english\/wp-json\/wp\/v2\/types\/product"}],"wp:featuredmedia":[{"embeddable":true,"href":"https:\/\/pfkeepers.com\/english\/wp-json\/wp\/v2\/media\/47960"}],"wp:attachment":[{"href":"https:\/\/pfkeepers.com\/english\/wp-json\/wp\/v2\/media?parent=47959"}],"wp:term":[{"taxonomy":"product_cat","embeddable":true,"href":"https:\/\/pfkeepers.com\/english\/wp-json\/wp\/v2\/product_cat?post=47959"},{"taxonomy":"product_tag","embeddable":true,"href":"https:\/\/pfkeepers.com\/english\/wp-json\/wp\/v2\/product_tag?post=47959"}],"curies":[{"name":"wp","href":"https:\/\/api.w.org\/{rel}","templated":true}]}}