{"id":47955,"date":"2024-03-04T12:49:47","date_gmt":"2024-03-04T12:49:47","guid":{"rendered":"https:\/\/pfkeepers.com\/produto\/gamma-copepods-blister-100g\/"},"modified":"2026-04-18T23:41:46","modified_gmt":"2026-04-18T23:41:46","slug":"gamma-copepods-blister-100g","status":"publish","type":"product","link":"https:\/\/pfkeepers.com\/english\/product\/gamma-copepods-blister-100g\/","title":{"rendered":"Gamma Copepods Blister 100g"},"content":{"rendered":"<p>Gamma Blister Alimentos Congelados para Peixe, na sua base &#8211; Copepods<\/p>\n<p>\u2022 O \u00fanico alimento utilizado pelo Tropical Marine Center nas suas tr\u00eas instala\u00e7\u00f5es brit\u00e2nicas para a pesca.<br \/>\n\u2022 Ingredientes da mais alta qualidade.<br \/>\n\u2022 Rapidamente embalado, selado e congelado.<br \/>\n\u2022 Gama irradiada: Isso elimina completamente qualquer risco de introdu\u00e7\u00e3o de parasitas ou bact\u00e9rias nocivas em seu aqu\u00e1rio, e tamb\u00e9m significa que a comida \u00e9 completamente segura para ser armazenada em seu freezer.<br \/>\n\u2022 100% de produtos naturais e a grande variedade dispon\u00edvel garantem que cada esp\u00e9cie de peixe receba uma dieta equilibrada, variada e interessante.<br \/>\n\u2022 Os blisters s\u00e3o projetados para dispensar um cubo de comida medido por vez, deixando o restante do produto lacrado dentro de suas bolhas separadas. Uma maneira r\u00e1pida e conveniente de alimentar peixes.<br \/>\n\u2022 O guia de adequa\u00e7\u00e3o de alimenta\u00e7\u00e3o codificado por cores facilita a localiza\u00e7\u00e3o do alimento certo para o seu peixe!<\/p>","protected":false},"excerpt":{"rendered":"<p>Gamma Blister Alimentos Congelados para Peixe, na sua base &#8211; Copepods \u2022 O \u00fanico alimento utilizado pelo Tropical Marine Center nas suas tr\u00eas instala\u00e7\u00f5es brit\u00e2nicas para a pesca. \u2022 Ingredientes da mais alta qualidade. \u2022 Rapidamente embalado, selado e congelado. \u2022 Gama irradiada: Isso elimina completamente qualquer risco de introdu\u00e7\u00e3o de parasitas ou bact\u00e9rias nocivas &hellip;<\/p>\n<p class=\"read-more\"> <a class=\"\" href=\"https:\/\/pfkeepers.com\/english\/product\/gamma-copepods-blister-100g\/\"> <span class=\"screen-reader-text\">Gamma Copepods Blister 100g<\/span> Read More &raquo;<\/a><\/p>","protected":false},"featured_media":274576,"template":"","meta":{"site-sidebar-layout":"default","site-content-layout":"","ast-site-content-layout":"","site-content-style":"default","site-sidebar-style":"default","ast-global-header-display":"","ast-banner-title-visibility":"","ast-main-header-display":"","ast-hfb-above-header-display":"","ast-hfb-below-header-display":"","ast-hfb-mobile-header-display":"","site-post-title":"","ast-breadcrumbs-content":"","ast-featured-img":"","footer-sml-layout":"","theme-transparent-header-meta":"","adv-header-id-meta":"","stick-header-meta":"","header-above-stick-meta":"","header-main-stick-meta":"","header-below-stick-meta":"","astra-migrate-meta-layouts":""},"product_cat":[1396],"product_tag":[879],"_links":{"self":[{"href":"https:\/\/pfkeepers.com\/english\/wp-json\/wp\/v2\/product\/47955"}],"collection":[{"href":"https:\/\/pfkeepers.com\/english\/wp-json\/wp\/v2\/product"}],"about":[{"href":"https:\/\/pfkeepers.com\/english\/wp-json\/wp\/v2\/types\/product"}],"wp:featuredmedia":[{"embeddable":true,"href":"https:\/\/pfkeepers.com\/english\/wp-json\/wp\/v2\/media\/274576"}],"wp:attachment":[{"href":"https:\/\/pfkeepers.com\/english\/wp-json\/wp\/v2\/media?parent=47955"}],"wp:term":[{"taxonomy":"product_cat","embeddable":true,"href":"https:\/\/pfkeepers.com\/english\/wp-json\/wp\/v2\/product_cat?post=47955"},{"taxonomy":"product_tag","embeddable":true,"href":"https:\/\/pfkeepers.com\/english\/wp-json\/wp\/v2\/product_tag?post=47955"}],"curies":[{"name":"wp","href":"https:\/\/api.w.org\/{rel}","templated":true}]}}