{"id":47922,"date":"2024-03-04T12:49:03","date_gmt":"2024-03-04T12:49:03","guid":{"rendered":"https:\/\/pfkeepers.com\/produto\/marina-3-brushes-kit\/"},"modified":"2025-02-27T19:43:59","modified_gmt":"2025-02-27T19:43:59","slug":"marina-3-brushes-kit","status":"publish","type":"product","link":"https:\/\/pfkeepers.com\/english\/product\/marina-3-brushes-kit\/","title":{"rendered":"Marina 3 Brushes Kit"},"content":{"rendered":"<p>O kit de limpeza da escova Aquarium Marina cont\u00e9m tr\u00eas escovas de limpeza.<br \/>\nA escova de raposa \u00e9 ideal para limpar tubos de at\u00e9 2,54 cm de di\u00e2metro e 45 cm de comprimento.<\/p>\n<p>O pincel da linha a\u00e9rea foi projetado para limpar a tubula\u00e7\u00e3o a\u00e9rea.<\/p>\n<p>A escova da haste do filtro \u00e9 excelente para a limpeza de tubos de filtro externos, bem como de hastes de entrada de filtro de grampo.<\/p>","protected":false},"excerpt":{"rendered":"<p>O kit de limpeza da escova Aquarium Marina cont\u00e9m tr\u00eas escovas de limpeza. A escova de raposa \u00e9 ideal para limpar tubos de at\u00e9 2,54 cm de di\u00e2metro e 45 cm de comprimento. O pincel da linha a\u00e9rea foi projetado para limpar a tubula\u00e7\u00e3o a\u00e9rea. A escova da haste do filtro \u00e9 excelente para a &hellip;<\/p>\n<p class=\"read-more\"> <a class=\"\" href=\"https:\/\/pfkeepers.com\/english\/product\/marina-3-brushes-kit\/\"> <span class=\"screen-reader-text\">Marina 3 Brushes Kit<\/span> Read More &raquo;<\/a><\/p>","protected":false},"featured_media":301743,"template":"","meta":{"site-sidebar-layout":"default","site-content-layout":"","ast-site-content-layout":"","site-content-style":"default","site-sidebar-style":"default","ast-global-header-display":"","ast-banner-title-visibility":"","ast-main-header-display":"","ast-hfb-above-header-display":"","ast-hfb-below-header-display":"","ast-hfb-mobile-header-display":"","site-post-title":"","ast-breadcrumbs-content":"","ast-featured-img":"","footer-sml-layout":"","theme-transparent-header-meta":"","adv-header-id-meta":"","stick-header-meta":"","header-above-stick-meta":"","header-main-stick-meta":"","header-below-stick-meta":"","astra-migrate-meta-layouts":""},"product_cat":[1351],"product_tag":[941],"_links":{"self":[{"href":"https:\/\/pfkeepers.com\/english\/wp-json\/wp\/v2\/product\/47922"}],"collection":[{"href":"https:\/\/pfkeepers.com\/english\/wp-json\/wp\/v2\/product"}],"about":[{"href":"https:\/\/pfkeepers.com\/english\/wp-json\/wp\/v2\/types\/product"}],"wp:featuredmedia":[{"embeddable":true,"href":"https:\/\/pfkeepers.com\/english\/wp-json\/wp\/v2\/media\/301743"}],"wp:attachment":[{"href":"https:\/\/pfkeepers.com\/english\/wp-json\/wp\/v2\/media?parent=47922"}],"wp:term":[{"taxonomy":"product_cat","embeddable":true,"href":"https:\/\/pfkeepers.com\/english\/wp-json\/wp\/v2\/product_cat?post=47922"},{"taxonomy":"product_tag","embeddable":true,"href":"https:\/\/pfkeepers.com\/english\/wp-json\/wp\/v2\/product_tag?post=47922"}],"curies":[{"name":"wp","href":"https:\/\/api.w.org\/{rel}","templated":true}]}}