{"id":47918,"date":"2024-03-04T12:48:58","date_gmt":"2024-03-04T12:48:58","guid":{"rendered":"https:\/\/pfkeepers.com\/produto\/esha-exit-white-spot-treatment-20ml\/"},"modified":"2026-04-10T08:39:24","modified_gmt":"2026-04-10T08:39:24","slug":"esha-exit-white-spot-treatment-20ml","status":"publish","type":"product","link":"https:\/\/pfkeepers.com\/english\/product\/esha-exit-white-spot-treatment-20ml\/","title":{"rendered":"Esha Exit White Spot Treatment 20ml"},"content":{"rendered":"<p>Excelente no tratamento de parasitas externos, como o \u00cdctio ou a doen\u00e7a do Veludo. Tamb\u00e9m adequado para peixes tropicais sens\u00edveis O conte\u00fado da embalagem \u00e9 suficiente para 1000 l de \u00e1gua do aqu\u00e1rio. Seguro com invertebrados desde que respeitadas as instru\u00e7\u00f5es de dosagem.<\/p>\n<p>Exit pode ser usado em combina\u00e7\u00e3o com o eSHa 2000, o rem\u00e9dio para infec\u00e7\u00f5es f\u00fangicas, podrid\u00e3o das barbatanas e bact\u00e9rias. Com esta combina\u00e7\u00e3o, pode combater efetivamente a maioria das doen\u00e7as dos peixes tropicais.<\/p>\n<p>Como utilizar:<\/p>\n<p>Antes de utilizar remova qualquer tipo de filtragem qu\u00edmica, como carv\u00e3o activo, resinas, etc.<\/p>\n<p>1\u00ba Dia : 20 gotas para cada 100 litros<\/p>\n<p>2\u00ba Dia : 10 gotas para cada 100 litros<\/p>\n<p>3\u00ba Dia : 10 gotas para cada 100 litros<\/p>\n<p>&#8230;ao 4\u00ba dia efectuar uma troca parcial de \u00e1gua.<\/p>\n<p>Repetir dosagem se necess\u00e1rio.<\/p>\n<p>Nota: Na embalagem vem referido que n\u00e3o deve ser utilizado em aqu\u00e1rios com invertebrados. No entanto, utilizamos, sistematicamente, em aqu\u00e1rios com camar\u00f5es e carac\u00f3is, sem verificarmos qualquer altera\u00e7\u00e3o nos animais. Refor\u00e7amos, no entanto, a import\u00e2ncia de respeitar as doses recomendadas pelo fabricante.<\/p>","protected":false},"excerpt":{"rendered":"<p>Excelente no tratamento de parasitas externos, como o \u00cdctio ou a doen\u00e7a do Veludo. Tamb\u00e9m adequado para peixes tropicais sens\u00edveis O conte\u00fado da embalagem \u00e9 suficiente para 1000 l de \u00e1gua do aqu\u00e1rio. Seguro com invertebrados desde que respeitadas as instru\u00e7\u00f5es de dosagem. Exit pode ser usado em combina\u00e7\u00e3o com o eSHa 2000, o rem\u00e9dio &hellip;<\/p>\n<p class=\"read-more\"> <a class=\"\" href=\"https:\/\/pfkeepers.com\/english\/product\/esha-exit-white-spot-treatment-20ml\/\"> <span class=\"screen-reader-text\">Esha Exit White Spot Treatment 20ml<\/span> Read More &raquo;<\/a><\/p>","protected":false},"featured_media":127618,"template":"","meta":{"site-sidebar-layout":"default","site-content-layout":"","ast-site-content-layout":"","site-content-style":"default","site-sidebar-style":"default","ast-global-header-display":"","ast-banner-title-visibility":"","ast-main-header-display":"","ast-hfb-above-header-display":"","ast-hfb-below-header-display":"","ast-hfb-mobile-header-display":"","site-post-title":"","ast-breadcrumbs-content":"","ast-featured-img":"","footer-sml-layout":"","theme-transparent-header-meta":"","adv-header-id-meta":"","stick-header-meta":"","header-above-stick-meta":"","header-main-stick-meta":"","header-below-stick-meta":"","astra-migrate-meta-layouts":""},"product_cat":[1393],"product_tag":[856],"_links":{"self":[{"href":"https:\/\/pfkeepers.com\/english\/wp-json\/wp\/v2\/product\/47918"}],"collection":[{"href":"https:\/\/pfkeepers.com\/english\/wp-json\/wp\/v2\/product"}],"about":[{"href":"https:\/\/pfkeepers.com\/english\/wp-json\/wp\/v2\/types\/product"}],"wp:featuredmedia":[{"embeddable":true,"href":"https:\/\/pfkeepers.com\/english\/wp-json\/wp\/v2\/media\/127618"}],"wp:attachment":[{"href":"https:\/\/pfkeepers.com\/english\/wp-json\/wp\/v2\/media?parent=47918"}],"wp:term":[{"taxonomy":"product_cat","embeddable":true,"href":"https:\/\/pfkeepers.com\/english\/wp-json\/wp\/v2\/product_cat?post=47918"},{"taxonomy":"product_tag","embeddable":true,"href":"https:\/\/pfkeepers.com\/english\/wp-json\/wp\/v2\/product_tag?post=47918"}],"curies":[{"name":"wp","href":"https:\/\/api.w.org\/{rel}","templated":true}]}}