{"id":47916,"date":"2024-03-04T12:48:54","date_gmt":"2024-03-04T12:48:54","guid":{"rendered":"https:\/\/pfkeepers.com\/produto\/esha-2000-20ml\/"},"modified":"2026-04-10T08:39:19","modified_gmt":"2026-04-10T08:39:19","slug":"esha-2000-20ml","status":"publish","type":"product","link":"https:\/\/pfkeepers.com\/english\/product\/esha-2000-20ml\/","title":{"rendered":"Esha 2000 20ml"},"content":{"rendered":"<p>O eSHa 2000 trata infec\u00e7\u00f5es prim\u00e1rias e secund\u00e1rias de fungos, infec\u00e7\u00f5es bacterianas da pele e parasitas das guelras e da pele. Mais importante \u00e9 a vantagem adicional de tratar feridas e proteger a pele.<\/p>\n<p>O tratamento eSHa 2000 \u00e9 eficaz contra mais de 18 agentes patog\u00e9nicos em aqu\u00e1rio de \u00e1gua doce. Seguro para os peixes, camar\u00e3o e plantas. Portanto, desinfectante geral ideal para uso em aqu\u00e1rio comunit\u00e1rio durante o in\u00edcio dos sintomas dif\u00edceis de diagnosticar, prevenir ou durante a introdu\u00e7\u00e3o de rec\u00e9m-chegados.<\/p>\n<p>Este medicamento luta com sucesso contra temidas doen\u00e7as da pele e muitas vezes incur\u00e1vel. Como por exemplo, recupera\u00e7\u00e3o da pele, doen\u00e7as de pele, crescimento de fungos, a\u00e7\u00f5es de fric\u00e7\u00e3o les\u00f5es , inflama\u00e7\u00e3o cut\u00e2nea aberta, l\u00e1bios de espuma, hemorragia cut\u00e2nea, hidropisia abdominal, a br\u00e2nquia, a pele, as aletas pontos bleux comprimido, picadas, tarefas ensanguentadas, inflama\u00e7\u00e3o na base das escamas, guelras de inflama\u00e7\u00e3o, perda de tecido, podrid\u00e3o cauda, \u200b\u200bpodrid\u00e3o das barbatanas, cerdas escamosas, doen\u00e7a de neon, e em caso de inflama\u00e7\u00e3o, les\u00e3o e danos.<\/p>\n<p>Estas doen\u00e7as, muitas vezes particularmente contagiosas, tamb\u00e9m infectam peixes saud\u00e1veis \u200b\u200bap\u00f3s um certo tempo. Por causa disso, precisa reagir rapidamente. O eSHa 2000 pode ser facilmente usado na comunidade bac, ou tratamento de emerg\u00eancia na bandeja do hospital.<\/p>\n<p>Acima de tudo, o eSHa 2000 pode ser usado com seguran\u00e7a em combina\u00e7\u00e3o com o eSHa gdex e\/ou eSHa Exit para uma ac\u00e7\u00e3o mais ampla.<\/p>\n<p>Um fraco de 20 ml eSHa 2000 \u00e9 suficiente para uma dosagem completa de tr\u00eas dias para um aqu\u00e1rio de 800 Litros.<\/p>\n<p>Caracter\u00edsticas \u2013 eSHa 2000 Tratamento de 18 doen\u00e7as para peixes :<br \/>\n\u2013 eSHa 2000, desinfetante geral para peixes de \u00e1gua doce.<\/p>\n<p>\u2013 Poderoso desinfectante, portanto luta contra 18 doen\u00e7as: parasitas bacterianos, f\u00fangicos e externos.<\/p>\n<p>\u2013 Tratamento curativo ou preventivo.<\/p>\n<p>\u2013 Pode ser usado ao introduzir novos peixes como desinfetante geral de \u00e1gua.<\/p>\n<p>\u2013 Seguro para camar\u00e3o, peixe e plantas. No entanto, n\u00e3o \u00e9 adequado para carac\u00f3is.<\/p>\n<p>Pode ser usado como uma ferramenta curativa, profil\u00e1tica, de desinfec\u00e7\u00e3o e de quarentena. As bact\u00e9rias \u201cboas\u201d que vivem no filtro n\u00e3o s\u00e3o destru\u00eddas pelo eSHa 2000.<\/p>\n<p>Dosagem Recomendada<br \/>\n1 \/ Calcular o volume l\u00edquido do seu aqu\u00e1rio, portanto  L x L x A em cm \/ 1000.<\/p>\n<p>2 \/ Dosagem \u201cnormal\u201d:<\/p>\n<p>\u2013 Dia 1: 25 gotas para 100 L de \u00e1gua<\/p>\n<p>\u2013 Dia 2: 12 gotas para 100 L de \u00e1gua<\/p>\n<p>\u2013 Dia 3: 12 gotas para 100L de \u00e1gua<\/p>\n<p>Dosagem \u201cde emerg\u00eancia\u201d, apenas no aqu\u00e1rio hospitalar:<\/p>\n<p>\u2013 Dia 1: 50 gotas para 100 L de \u00e1gua<\/p>\n<p>\u2013 Dia 2: 25 gotas para 100 L de \u00e1gua<\/p>\n<p>\u2013 Dia 3: 12 gotas para 100L de \u00e1gua<\/p>\n<p>3 \/ Aplique o tratamento invertendo o frasco de medi\u00e7\u00e3o, a pipeta transparente facilita a contagem das gotas.<\/p>\n<p>Recomenda\u00e7\u00f5es gerais<br \/>\n\u00c9 importante manter uma boa higiene geral do aqu\u00e1rio, antes, durante e ap\u00f3s o tratamento. Al\u00e9m disso, recomendamos uma troca mensal de \u00e1gua de 25 a 30% do volume do aqu\u00e1rio. Troque sempre a \u00e1gua com \u00e1gua \u00e0 mesma temperatura do aqu\u00e1rio, para evitar estressar o peixe.<\/p>\n<p>A pele \u00e9 um dos \u00f3rg\u00e3os mais importantes do peixe, ou seja, serve de prote\u00e7\u00e3o e, ao mesmo tempo, de defesa e troca de org\u00e2ncia. Muitas vezes \u00e9 atacado primeiro por muitos parasitas e fatores ambientais.<\/p>","protected":false},"excerpt":{"rendered":"<p>O eSHa 2000 trata infec\u00e7\u00f5es prim\u00e1rias e secund\u00e1rias de fungos, infec\u00e7\u00f5es bacterianas da pele e parasitas das guelras e da pele. Mais importante \u00e9 a vantagem adicional de tratar feridas e proteger a pele. O tratamento eSHa 2000 \u00e9 eficaz contra mais de 18 agentes patog\u00e9nicos em aqu\u00e1rio de \u00e1gua doce. Seguro para os peixes, &hellip;<\/p>\n<p class=\"read-more\"> <a class=\"\" href=\"https:\/\/pfkeepers.com\/english\/product\/esha-2000-20ml\/\"> <span class=\"screen-reader-text\">Esha 2000 20ml<\/span> Read More &raquo;<\/a><\/p>","protected":false},"featured_media":47917,"template":"","meta":{"site-sidebar-layout":"default","site-content-layout":"","ast-site-content-layout":"default","site-content-style":"default","site-sidebar-style":"default","ast-global-header-display":"","ast-banner-title-visibility":"","ast-main-header-display":"","ast-hfb-above-header-display":"","ast-hfb-below-header-display":"","ast-hfb-mobile-header-display":"","site-post-title":"","ast-breadcrumbs-content":"","ast-featured-img":"","footer-sml-layout":"","theme-transparent-header-meta":"default","adv-header-id-meta":"","stick-header-meta":"","header-above-stick-meta":"","header-main-stick-meta":"","header-below-stick-meta":"","astra-migrate-meta-layouts":"set"},"product_cat":[1393],"product_tag":[856],"_links":{"self":[{"href":"https:\/\/pfkeepers.com\/english\/wp-json\/wp\/v2\/product\/47916"}],"collection":[{"href":"https:\/\/pfkeepers.com\/english\/wp-json\/wp\/v2\/product"}],"about":[{"href":"https:\/\/pfkeepers.com\/english\/wp-json\/wp\/v2\/types\/product"}],"wp:featuredmedia":[{"embeddable":true,"href":"https:\/\/pfkeepers.com\/english\/wp-json\/wp\/v2\/media\/47917"}],"wp:attachment":[{"href":"https:\/\/pfkeepers.com\/english\/wp-json\/wp\/v2\/media?parent=47916"}],"wp:term":[{"taxonomy":"product_cat","embeddable":true,"href":"https:\/\/pfkeepers.com\/english\/wp-json\/wp\/v2\/product_cat?post=47916"},{"taxonomy":"product_tag","embeddable":true,"href":"https:\/\/pfkeepers.com\/english\/wp-json\/wp\/v2\/product_tag?post=47916"}],"curies":[{"name":"wp","href":"https:\/\/api.w.org\/{rel}","templated":true}]}}