{"id":47907,"date":"2024-03-04T12:48:38","date_gmt":"2024-03-04T12:48:38","guid":{"rendered":"https:\/\/pfkeepers.com\/produto\/escalar-5-7cm-pterophyllum-scalare\/"},"modified":"2026-04-15T02:43:28","modified_gmt":"2026-04-15T02:43:28","slug":"escalar-5-7cm-pterophyllum-scalare","status":"publish","type":"product","link":"https:\/\/pfkeepers.com\/english\/product\/escalar-5-7cm-pterophyllum-scalare\/","title":{"rendered":"Escalar Sortido 2-4cm &#8211; Pterophyllum scalare"},"content":{"rendered":"<p>O Pterophyllum scalare \u00e9 um dos peixes mais populares na aquariofilia dada a sua forma muito caracter\u00edstica. Oriundo das bacias amaz\u00f3nicas, \u00e9 um dos cicl\u00eddeos mais mantidos em aqu\u00e1rios comunit\u00e1rios, mas podem ser um pouco territoriais. Os esp\u00e9cimes de cria\u00e7\u00e3o em cativeiro s\u00e3o muito resistentes, t\u00eam apetite voraz e chegam mesmo a fazer posturas com certa facilidade, quando as condi\u00e7\u00f5es est\u00e3o reunidas. Dado o tamanho que atingem, devem ser mantidos em aqu\u00e1rios com alguma altura, 50cm ou mais ser\u00e1 o ideal, para que o peixes se possa desenvolver e crescer de forma correcta.<\/p>\n<p>Foto ilustrativa<\/p>\n<p>Nome da Esp\u00e9cie: Pterophyllum scalare<br \/>\nOrdem: Cichlidae<br \/>\nIntervalo de pH: 6.0-7.4<br \/>\nIntervalo de Temperatura: 24-30\u00baC<br \/>\nDureza: 0\u00ba-15\u00ba GH<br \/>\nTamanho adulto: ~10cm- ~20cm altura(cm)<br \/>\nAqu\u00e1rio recomendado: 200L<\/p>","protected":false},"excerpt":{"rendered":"<p>O Pterophyllum scalare \u00e9 um dos peixes mais populares na aquariofilia dada a sua forma muito caracter\u00edstica. Oriundo das bacias amaz\u00f3nicas, \u00e9 um dos cicl\u00eddeos mais mantidos em aqu\u00e1rios comunit\u00e1rios, mas podem ser um pouco territoriais. Os esp\u00e9cimes de cria\u00e7\u00e3o em cativeiro s\u00e3o muito resistentes, t\u00eam apetite voraz e chegam mesmo a fazer posturas com &hellip;<\/p>\n<p class=\"read-more\"> <a class=\"\" href=\"https:\/\/pfkeepers.com\/english\/product\/escalar-5-7cm-pterophyllum-scalare\/\"> <span class=\"screen-reader-text\">Escalar Sortido 2-4cm &#8211; Pterophyllum scalare<\/span> Read More &raquo;<\/a><\/p>","protected":false},"featured_media":47908,"template":"","meta":{"site-sidebar-layout":"default","site-content-layout":"","ast-site-content-layout":"","site-content-style":"default","site-sidebar-style":"default","ast-global-header-display":"","ast-banner-title-visibility":"","ast-main-header-display":"","ast-hfb-above-header-display":"","ast-hfb-below-header-display":"","ast-hfb-mobile-header-display":"","site-post-title":"","ast-breadcrumbs-content":"","ast-featured-img":"","footer-sml-layout":"","theme-transparent-header-meta":"","adv-header-id-meta":"","stick-header-meta":"","header-above-stick-meta":"","header-main-stick-meta":"","header-below-stick-meta":"","astra-migrate-meta-layouts":""},"product_cat":[1354],"product_tag":[874],"_links":{"self":[{"href":"https:\/\/pfkeepers.com\/english\/wp-json\/wp\/v2\/product\/47907"}],"collection":[{"href":"https:\/\/pfkeepers.com\/english\/wp-json\/wp\/v2\/product"}],"about":[{"href":"https:\/\/pfkeepers.com\/english\/wp-json\/wp\/v2\/types\/product"}],"wp:featuredmedia":[{"embeddable":true,"href":"https:\/\/pfkeepers.com\/english\/wp-json\/wp\/v2\/media\/47908"}],"wp:attachment":[{"href":"https:\/\/pfkeepers.com\/english\/wp-json\/wp\/v2\/media?parent=47907"}],"wp:term":[{"taxonomy":"product_cat","embeddable":true,"href":"https:\/\/pfkeepers.com\/english\/wp-json\/wp\/v2\/product_cat?post=47907"},{"taxonomy":"product_tag","embeddable":true,"href":"https:\/\/pfkeepers.com\/english\/wp-json\/wp\/v2\/product_tag?post=47907"}],"curies":[{"name":"wp","href":"https:\/\/api.w.org\/{rel}","templated":true}]}}