{"id":47888,"date":"2024-03-04T12:48:08","date_gmt":"2024-03-04T12:48:08","guid":{"rendered":"https:\/\/pfkeepers.com\/produto\/air-stone-round-shape-2-cm-marina\/"},"modified":"2025-02-27T19:42:45","modified_gmt":"2025-02-27T19:42:45","slug":"air-stone-round-shape-2-cm-marina","status":"publish","type":"product","link":"https:\/\/pfkeepers.com\/english\/product\/air-stone-round-shape-2-cm-marina\/","title":{"rendered":"Air Stone Round Shape 2cm, Marina"},"content":{"rendered":"<p>A pedra do ar da Marina \u00e9 ideal para adicionar acentos em qualquer aqu\u00e1rio, a pedra do ar difunde o ar, criando o movimento da \u00e1gua. A pedra do ar tamb\u00e9m aumenta a agita\u00e7\u00e3o superficial, acelera o reabastecimento de oxig\u00eanio e ajuda a liberar a acumula\u00e7\u00e3o de di\u00f3xido de carbono.<\/p>\n<p>Basta conectar a pedra do ar \u00e0 tubula\u00e7\u00e3o da sua linha a\u00e9rea e coloc\u00e1-la na localiza\u00e7\u00e3o desejada. Forma esf\u00e9rica. Azul.<\/p>\n<p>Tamanho : 2,2 cm (0,8 pol.) De di\u00e2metro.<\/p>","protected":false},"excerpt":{"rendered":"<p>A pedra do ar da Marina \u00e9 ideal para adicionar acentos em qualquer aqu\u00e1rio, a pedra do ar difunde o ar, criando o movimento da \u00e1gua. A pedra do ar tamb\u00e9m aumenta a agita\u00e7\u00e3o superficial, acelera o reabastecimento de oxig\u00eanio e ajuda a liberar a acumula\u00e7\u00e3o de di\u00f3xido de carbono. Basta conectar a pedra do &hellip;<\/p>\n<p class=\"read-more\"> <a class=\"\" href=\"https:\/\/pfkeepers.com\/english\/product\/air-stone-round-shape-2-cm-marina\/\"> <span class=\"screen-reader-text\">Air Stone Round Shape 2cm, Marina<\/span> Read More &raquo;<\/a><\/p>","protected":false},"featured_media":357351,"template":"","meta":{"site-sidebar-layout":"default","site-content-layout":"","ast-site-content-layout":"","site-content-style":"default","site-sidebar-style":"default","ast-global-header-display":"","ast-banner-title-visibility":"","ast-main-header-display":"","ast-hfb-above-header-display":"","ast-hfb-below-header-display":"","ast-hfb-mobile-header-display":"","site-post-title":"","ast-breadcrumbs-content":"","ast-featured-img":"","footer-sml-layout":"","theme-transparent-header-meta":"","adv-header-id-meta":"","stick-header-meta":"","header-above-stick-meta":"","header-main-stick-meta":"","header-below-stick-meta":"","astra-migrate-meta-layouts":""},"product_cat":[1455],"product_tag":[941],"_links":{"self":[{"href":"https:\/\/pfkeepers.com\/english\/wp-json\/wp\/v2\/product\/47888"}],"collection":[{"href":"https:\/\/pfkeepers.com\/english\/wp-json\/wp\/v2\/product"}],"about":[{"href":"https:\/\/pfkeepers.com\/english\/wp-json\/wp\/v2\/types\/product"}],"wp:featuredmedia":[{"embeddable":true,"href":"https:\/\/pfkeepers.com\/english\/wp-json\/wp\/v2\/media\/357351"}],"wp:attachment":[{"href":"https:\/\/pfkeepers.com\/english\/wp-json\/wp\/v2\/media?parent=47888"}],"wp:term":[{"taxonomy":"product_cat","embeddable":true,"href":"https:\/\/pfkeepers.com\/english\/wp-json\/wp\/v2\/product_cat?post=47888"},{"taxonomy":"product_tag","embeddable":true,"href":"https:\/\/pfkeepers.com\/english\/wp-json\/wp\/v2\/product_tag?post=47888"}],"curies":[{"name":"wp","href":"https:\/\/api.w.org\/{rel}","templated":true}]}}