{"id":47873,"date":"2024-03-04T12:47:47","date_gmt":"2024-03-04T12:47:47","guid":{"rendered":"https:\/\/pfkeepers.com\/produto\/ramirezi-dourado-apistogramma-ramirezi\/"},"modified":"2026-04-18T02:25:26","modified_gmt":"2026-04-18T02:25:26","slug":"ramirezi-dourado-apistogramma-ramirezi","status":"publish","type":"product","link":"https:\/\/pfkeepers.com\/english\/product\/ramirezi-dourado-apistogramma-ramirezi\/","title":{"rendered":"Ramirezi Dourado &#8211; Apistogramma ramirezi"},"content":{"rendered":"<p>Sin\u00f3nimos: Papiliochromis ramirezi, Apistogramma ramirezi, Microgeophagus ramirezi, Papilochromis ramirezi<\/p>\n<p>Grupo Aqu\u00e1rio: Cicl\u00eddeos an\u00f5es, Cicl\u00eddeos Neotropicais<\/p>\n<p>Nomes comuns: Ramirezi<\/p>\n<p>Ingl\u00eas: Butterfly cichlid, Dwarf cichlid, Ram cichlid, Ram<\/p>\n<p>Distribui\u00e7\u00e3o &amp; habitat: Am\u00e9rica do Sul. bacia do rio Orinoco, na Venezuela e Col\u00f4mbia. H\u00e1 relatos de captura no rio Purus, Brasil, afluente do rio Amazonas.<\/p>\n<p>Pa\u00edses: Venezuela, Col\u00f4mbia e Brasil<\/p>\n<p>Encontrado em ambiente l\u00eantico, comumente com bastante vegeta\u00e7\u00e3o submersa e ra\u00edzes<\/p>\n<p>Ambiente &amp; par\u00e2metros da \u00e1gua: Bentopel\u00e1gico; \u00e1gua doce \u2022 pH: 4.5 \u2013 7.0 \u2022 Dureza: 5 \u2013 12 \u2022 Clima: Tropical; 24\u00b0C \u2013 30\u00b0C<\/p>\n<p>Tamanho adulto: 4 cm (comum 3 cm) \u2022 Estimativa de vida: 3 anos<\/p>\n<p>Manuten\u00e7\u00e3o em aqu\u00e1rio: Aqu\u00e1rio com dimens\u00f5es m\u00ednimas de 60 cm X 30 cm X 30 cm (54 litros) requerido. Substrato preferencialmente arenoso e macio, aqu\u00e1rio desej\u00e1vel possuir bastante ra\u00edzes e densa vegeta\u00e7\u00e3o.<\/p>\n<p>Esp\u00e9cie pac\u00edfica e t\u00edmida, podendo ser mantido em aqu\u00e1rio comunit\u00e1rio. Quando juvenis s\u00e3o greg\u00e1rios, uma vez que atingem a maturidade sexual tende a formar casal se tornando territoriais com indiv\u00edduos da mesma esp\u00e9cie. Evite inseri-los com peixes r\u00e1pidos ou agressivos.<\/p>\n<p>\u00c9 um peixe curioso que passa a maior parte de seu tempo abocanhando o substrato procurando algo para comer.<\/p>\n<p>Alimenta\u00e7\u00e3o: On\u00edvoro, h\u00e1bito alimentar bent\u00f3fago. Em cativeiro aceitar\u00e1 prontamente alimentos secos e vivos. Normalmente comem o substrato peneirando e selecionando itens comest\u00edveis de descartando o restante do material sendo expelido atrav\u00e9s das guelras e boca. Deve-se fornecer alimentos vivos periodicamente como art\u00eamias como complemento alimentar.<\/p>\n<p>Reprodu\u00e7\u00e3o e dimorfismo sexual: Ov\u00edparo. Desovam no substrato ou superf\u00edcies planas de plantas, rochas ou ra\u00edzes. Ap\u00f3s ritual de acasalamento a f\u00eamea ir\u00e1 liberar ovos adesivos que ser\u00e3o fertilizados imediatamente pelo macho. Ovos eclodem em 2 ou 3 dias nadando livremente ap\u00f3s cerca de 5 dias. Apresentam cuidado biparental.<\/p>\n<p>Machos s\u00e3o ligeiramente maiores e apresentam os primeiros raios da nadadeira dorsal ligeiramente mais longo do que as f\u00eameas, al\u00e9m de serem mais coloridos. F\u00eameas apresentam colora\u00e7\u00e3o avermelhada pr\u00f3ximo a regi\u00e3o p\u00e9lvica, principalmente em \u00e9poca de reprodu\u00e7\u00e3o, al\u00e9m de apresentar nadadeira anal levemente arredondada.<\/p>\n<p>Descri\u00e7\u00e3o: Cicl\u00eddeo an\u00e3o bastante popular no aquarismo. Apresenta colora\u00e7\u00e3o predominante azul com tonalidades de amarelo, laranja e uma mancha preta em ambos flancos. Existem variedades desenvolvidas em cativeiro como o German Blue, el\u00e9tric blue, bal\u00e3o, v\u00e9u, super p\u00e9rola e ouro.<\/p>\n<p>Infelizmente estas variedades artificiais tendem a ser inerentemente fracas e bastante suscet\u00edveis a doen\u00e7as devido o uso de horm\u00f4nios com grandes quantidades de carotenoides e prote\u00ednas para acelerar o crescimento e intensificar a colora\u00e7\u00e3o, diminuindo sua expectativa de vida, com exce\u00e7\u00e3o a variedade German Blue.<\/p>\n<p>Esp\u00e9cie bastante utilizada em estudos comportamentais. Etimologia: Mikrogeophagus: Grego, mikros = pequeno + grego, gea = terra + grego, phagein, para comer. Ramirezi \u00e9 em alus\u00e3o ao sobrenome de seu descobridor.<\/p>","protected":false},"excerpt":{"rendered":"<p>Sin\u00f3nimos: Papiliochromis ramirezi, Apistogramma ramirezi, Microgeophagus ramirezi, Papilochromis ramirezi Grupo Aqu\u00e1rio: Cicl\u00eddeos an\u00f5es, Cicl\u00eddeos Neotropicais Nomes comuns: Ramirezi Ingl\u00eas: Butterfly cichlid, Dwarf cichlid, Ram cichlid, Ram Distribui\u00e7\u00e3o &amp; habitat: Am\u00e9rica do Sul. bacia do rio Orinoco, na Venezuela e Col\u00f4mbia. H\u00e1 relatos de captura no rio Purus, Brasil, afluente do rio Amazonas. Pa\u00edses: Venezuela, Col\u00f4mbia &hellip;<\/p>\n<p class=\"read-more\"> <a class=\"\" href=\"https:\/\/pfkeepers.com\/english\/product\/ramirezi-dourado-apistogramma-ramirezi\/\"> <span class=\"screen-reader-text\">Ramirezi Dourado &#8211; Apistogramma ramirezi<\/span> Read More &raquo;<\/a><\/p>","protected":false},"featured_media":47874,"template":"","meta":{"site-sidebar-layout":"default","site-content-layout":"","ast-site-content-layout":"default","site-content-style":"default","site-sidebar-style":"default","ast-global-header-display":"","ast-banner-title-visibility":"","ast-main-header-display":"","ast-hfb-above-header-display":"","ast-hfb-below-header-display":"","ast-hfb-mobile-header-display":"","site-post-title":"","ast-breadcrumbs-content":"","ast-featured-img":"","footer-sml-layout":"","theme-transparent-header-meta":"default","adv-header-id-meta":"","stick-header-meta":"","header-above-stick-meta":"","header-main-stick-meta":"","header-below-stick-meta":"","astra-migrate-meta-layouts":"set"},"product_cat":[1354],"product_tag":[],"_links":{"self":[{"href":"https:\/\/pfkeepers.com\/english\/wp-json\/wp\/v2\/product\/47873"}],"collection":[{"href":"https:\/\/pfkeepers.com\/english\/wp-json\/wp\/v2\/product"}],"about":[{"href":"https:\/\/pfkeepers.com\/english\/wp-json\/wp\/v2\/types\/product"}],"wp:featuredmedia":[{"embeddable":true,"href":"https:\/\/pfkeepers.com\/english\/wp-json\/wp\/v2\/media\/47874"}],"wp:attachment":[{"href":"https:\/\/pfkeepers.com\/english\/wp-json\/wp\/v2\/media?parent=47873"}],"wp:term":[{"taxonomy":"product_cat","embeddable":true,"href":"https:\/\/pfkeepers.com\/english\/wp-json\/wp\/v2\/product_cat?post=47873"},{"taxonomy":"product_tag","embeddable":true,"href":"https:\/\/pfkeepers.com\/english\/wp-json\/wp\/v2\/product_tag?post=47873"}],"curies":[{"name":"wp","href":"https:\/\/api.w.org\/{rel}","templated":true}]}}