{"id":47854,"date":"2024-03-04T12:47:20","date_gmt":"2024-03-04T12:47:20","guid":{"rendered":"https:\/\/pfkeepers.com\/produto\/hikari-cichlid-excel-mini-57g\/"},"modified":"2026-04-18T23:39:41","modified_gmt":"2026-04-18T23:39:41","slug":"hikari-cichlid-excel-mini-57g","status":"publish","type":"product","link":"https:\/\/pfkeepers.com\/english\/product\/hikari-cichlid-excel-mini-57g\/","title":{"rendered":"Hikari Cichlid Excel Mini 57g"},"content":{"rendered":"<p>Uma dieta di\u00e1ria para cicl\u00eddeos herb\u00edvoros e peixes tropicais maiores<br \/>\nUma dieta di\u00e1ria especialmente formulada para cicl\u00eddeos herb\u00edvoros (comedores de plantas) e peixes tropicais maiores, oferecendo n\u00edveis mais altos de mat\u00e9ria vegetal.<\/p>\n<p>Um equil\u00edbrio perfeito de v\u00e1rios ingredientes naturais para atender \u00e0s demandas nutricionais da maioria dos peixes herb\u00edvoros. Oferece um sabor que at\u00e9 o comedor mais exigente vai adorar.<br \/>\nO uso da por\u00e7\u00e3o mais interna do gr\u00e3o de g\u00e9rmen de trigo oferece uma digest\u00e3o mais r\u00e1pida e nutrientes ben\u00e9ficos que seu herb\u00edvoro de \u00e1gua doce deseja.<br \/>\nCont\u00e9m Spirulina de cultura pura que pode melhorar a capacidade de melhorar a cor.<br \/>\nDesenvolvida ao longo de muitos anos de pesquisa cont\u00ednua, esta formula\u00e7\u00e3o exclusivamente equilibrada ajuda a apoiar a sa\u00fade do sistema imunol\u00f3gico.<br \/>\nQuando voc\u00ea est\u00e1 procurando o melhor, confie em Hikari\u00ae, o criador de dietas aqu\u00e1ticas premium!<\/p>\n<p>Alimente duas a tr\u00eas vezes ao dia a quantidade que seu peixe consumir\u00e1 completamente em poucos minutos. Deve-se ter cuidado para evitar o excesso de alimenta\u00e7\u00e3o. Por favor, remova os alimentos n\u00e3o consumidos ap\u00f3s o per\u00edodo de alimenta\u00e7\u00e3o.<\/p>","protected":false},"excerpt":{"rendered":"<p>Uma dieta di\u00e1ria para cicl\u00eddeos herb\u00edvoros e peixes tropicais maiores Uma dieta di\u00e1ria especialmente formulada para cicl\u00eddeos herb\u00edvoros (comedores de plantas) e peixes tropicais maiores, oferecendo n\u00edveis mais altos de mat\u00e9ria vegetal. Um equil\u00edbrio perfeito de v\u00e1rios ingredientes naturais para atender \u00e0s demandas nutricionais da maioria dos peixes herb\u00edvoros. Oferece um sabor que at\u00e9 o &hellip;<\/p>\n<p class=\"read-more\"> <a class=\"\" href=\"https:\/\/pfkeepers.com\/english\/product\/hikari-cichlid-excel-mini-57g\/\"> <span class=\"screen-reader-text\">Hikari Cichlid Excel Mini 57g<\/span> Read More &raquo;<\/a><\/p>","protected":false},"featured_media":201608,"template":"","meta":{"site-sidebar-layout":"default","site-content-layout":"","ast-site-content-layout":"","site-content-style":"default","site-sidebar-style":"default","ast-global-header-display":"","ast-banner-title-visibility":"","ast-main-header-display":"","ast-hfb-above-header-display":"","ast-hfb-below-header-display":"","ast-hfb-mobile-header-display":"","site-post-title":"","ast-breadcrumbs-content":"","ast-featured-img":"","footer-sml-layout":"","theme-transparent-header-meta":"","adv-header-id-meta":"","stick-header-meta":"","header-above-stick-meta":"","header-main-stick-meta":"","header-below-stick-meta":"","astra-migrate-meta-layouts":""},"product_cat":[1479],"product_tag":[893],"_links":{"self":[{"href":"https:\/\/pfkeepers.com\/english\/wp-json\/wp\/v2\/product\/47854"}],"collection":[{"href":"https:\/\/pfkeepers.com\/english\/wp-json\/wp\/v2\/product"}],"about":[{"href":"https:\/\/pfkeepers.com\/english\/wp-json\/wp\/v2\/types\/product"}],"wp:featuredmedia":[{"embeddable":true,"href":"https:\/\/pfkeepers.com\/english\/wp-json\/wp\/v2\/media\/201608"}],"wp:attachment":[{"href":"https:\/\/pfkeepers.com\/english\/wp-json\/wp\/v2\/media?parent=47854"}],"wp:term":[{"taxonomy":"product_cat","embeddable":true,"href":"https:\/\/pfkeepers.com\/english\/wp-json\/wp\/v2\/product_cat?post=47854"},{"taxonomy":"product_tag","embeddable":true,"href":"https:\/\/pfkeepers.com\/english\/wp-json\/wp\/v2\/product_tag?post=47854"}],"curies":[{"name":"wp","href":"https:\/\/api.w.org\/{rel}","templated":true}]}}