{"id":47853,"date":"2024-03-04T12:47:19","date_gmt":"2024-03-04T12:47:19","guid":{"rendered":"https:\/\/pfkeepers.com\/produto\/hikari-mini-algae-wafers-85g\/"},"modified":"2025-02-28T16:57:13","modified_gmt":"2025-02-28T16:57:13","slug":"hikari-mini-algae-wafers-85g","status":"publish","type":"product","link":"https:\/\/pfkeepers.com\/english\/product\/hikari-mini-algae-wafers-85g\/","title":{"rendered":"Hikari Mini Algae Wafers 85g"},"content":{"rendered":"<p>Um equil\u00edbrio perfeito de ingredientes selecionados de alta qualidade, desenvolvido para promover o crescimento adequado e a forma desej\u00e1vel na maioria das esp\u00e9cies herb\u00edvoras.<br \/>\nCont\u00e9m n\u00edveis mais elevados de prote\u00ednas vegetais que os plecostomus e outros comedores de algas exigem.<br \/>\n\u00d3timo para carac\u00f3is, crust\u00e1ceos e outros peixes vegetais com fome tamb\u00e9m.<br \/>\nO disco de formato \u00fanico que afunda rapidamente enquanto mant\u00e9m sua forma por mais tempo do que a concorr\u00eancia, permitindo que esp\u00e9cies menos agressivas tenham acesso imediato \u00e0 sua nutri\u00e7\u00e3o.<br \/>\nCont\u00e9m duas fontes de nutrientes naturais altamente utiliz\u00e1veis, a espirulina de cultura pura e as algas chlorella.<br \/>\nConfie no logotipo Hikari\u00ae, a sua garantia de que seus animais de estima\u00e7\u00e3o aqu\u00e1ticos receber\u00e3o a formula\u00e7\u00e3o original e balanceada de maneira \u00fanica!<\/p>\n<p>ALIMENTANDO<br \/>\nN\u00e3o alimente mais do que a quantidade que seus peixes consumir\u00e3o completamente em uma hora. Deve-se ter cuidado para evitar a alimenta\u00e7\u00e3o excessiva e sempre remover alimentos n\u00e3o consumidos ap\u00f3s o per\u00edodo de alimenta\u00e7\u00e3o.<br \/>\nDesenvolvido, produzido e embalado em nossas instala\u00e7\u00f5es para que possamos ter certeza de que voc\u00ea sempre obter\u00e1 a qualidade \u00aeHikari que espera!<\/p>\n<p>Recomendamos Hikari Tropical MINI ALGAE WAFERS como dieta di\u00e1ria para<br \/>\nUma dieta cient\u00edfica para plecostomus e outros peixes que comem algas, incluindo herb\u00edvoros marinhos.<\/p>","protected":false},"excerpt":{"rendered":"<p>Um equil\u00edbrio perfeito de ingredientes selecionados de alta qualidade, desenvolvido para promover o crescimento adequado e a forma desej\u00e1vel na maioria das esp\u00e9cies herb\u00edvoras. Cont\u00e9m n\u00edveis mais elevados de prote\u00ednas vegetais que os plecostomus e outros comedores de algas exigem. \u00d3timo para carac\u00f3is, crust\u00e1ceos e outros peixes vegetais com fome tamb\u00e9m. O disco de formato &hellip;<\/p>\n<p class=\"read-more\"> <a class=\"\" href=\"https:\/\/pfkeepers.com\/english\/product\/hikari-mini-algae-wafers-85g\/\"> <span class=\"screen-reader-text\">Hikari Mini Algae Wafers 85g<\/span> Read More &raquo;<\/a><\/p>","protected":false},"featured_media":357320,"template":"","meta":{"site-sidebar-layout":"default","site-content-layout":"","ast-site-content-layout":"","site-content-style":"default","site-sidebar-style":"default","ast-global-header-display":"","ast-banner-title-visibility":"","ast-main-header-display":"","ast-hfb-above-header-display":"","ast-hfb-below-header-display":"","ast-hfb-mobile-header-display":"","site-post-title":"","ast-breadcrumbs-content":"","ast-featured-img":"","footer-sml-layout":"","theme-transparent-header-meta":"","adv-header-id-meta":"","stick-header-meta":"","header-above-stick-meta":"","header-main-stick-meta":"","header-below-stick-meta":"","astra-migrate-meta-layouts":""},"product_cat":[1479],"product_tag":[893],"_links":{"self":[{"href":"https:\/\/pfkeepers.com\/english\/wp-json\/wp\/v2\/product\/47853"}],"collection":[{"href":"https:\/\/pfkeepers.com\/english\/wp-json\/wp\/v2\/product"}],"about":[{"href":"https:\/\/pfkeepers.com\/english\/wp-json\/wp\/v2\/types\/product"}],"wp:featuredmedia":[{"embeddable":true,"href":"https:\/\/pfkeepers.com\/english\/wp-json\/wp\/v2\/media\/357320"}],"wp:attachment":[{"href":"https:\/\/pfkeepers.com\/english\/wp-json\/wp\/v2\/media?parent=47853"}],"wp:term":[{"taxonomy":"product_cat","embeddable":true,"href":"https:\/\/pfkeepers.com\/english\/wp-json\/wp\/v2\/product_cat?post=47853"},{"taxonomy":"product_tag","embeddable":true,"href":"https:\/\/pfkeepers.com\/english\/wp-json\/wp\/v2\/product_tag?post=47853"}],"curies":[{"name":"wp","href":"https:\/\/api.w.org\/{rel}","templated":true}]}}