{"id":47850,"date":"2024-03-04T12:47:15","date_gmt":"2024-03-04T12:47:15","guid":{"rendered":"https:\/\/pfkeepers.com\/produto\/hikari-cichlid-staple-mini-floating-pellet-57g\/"},"modified":"2026-04-18T23:39:35","modified_gmt":"2026-04-18T23:39:35","slug":"hikari-cichlid-staple-mini-floating-pellet-57g","status":"publish","type":"product","link":"https:\/\/pfkeepers.com\/english\/product\/hikari-cichlid-staple-mini-floating-pellet-57g\/","title":{"rendered":"Hikari Cichlid Staple Mini 57g"},"content":{"rendered":"<p>Tamanho da mini pelota: 3,0-3,4 mm<\/p>\n<p>A formula\u00e7\u00e3o \u00fanica, que oferece ingredientes naturais de forma extremamente diger\u00edvel, oferece excelente aproveitamento de nutrientes. Desenvolvido para ajudar seu animal de estima\u00e7\u00e3o a ter uma vida longa e cheia de sa\u00fade, ao mesmo tempo que promove excelente crescimento e forma superior. Oferece sabor e textura que seu animal de estima\u00e7\u00e3o aceitar\u00e1 com entusiasmo. Confie no criador das dietas peletizadas para cicl\u00eddeos, em outras dietas aqu\u00e1ticas premium e em nossos mais de 135 anos de experi\u00eancia quando estiver procurando as melhores op\u00e7\u00f5es para seus animais de estima\u00e7\u00e3o aqu\u00e1ticos!<\/p>\n<p>Alimente duas a tr\u00eas vezes ao dia a quantidade que seu peixe consumir\u00e1 completamente em poucos minutos. Deve-se ter cuidado para evitar alimenta\u00e7\u00e3o excessiva. Remova os alimentos n\u00e3o consumidos ap\u00f3s o per\u00edodo de alimenta\u00e7\u00e3o. Recomendamos Hikari Cichlid Cichlid Staple como dieta di\u00e1ria para todos os tipos de cicl\u00eddeos e peixes tropicais maiores<\/p>\n<p>Ingredientes: Prote\u00edna Bruta min. 35%, gordura bruta min. 3%, fibra bruta 5%, umidade m\u00e1x.10%, cinzas m\u00e1x. 15%, F\u00f3sforo m\u00edn. 1%<\/p>","protected":false},"excerpt":{"rendered":"<p>Tamanho da mini pelota: 3,0-3,4 mm A formula\u00e7\u00e3o \u00fanica, que oferece ingredientes naturais de forma extremamente diger\u00edvel, oferece excelente aproveitamento de nutrientes. Desenvolvido para ajudar seu animal de estima\u00e7\u00e3o a ter uma vida longa e cheia de sa\u00fade, ao mesmo tempo que promove excelente crescimento e forma superior. Oferece sabor e textura que seu animal &hellip;<\/p>\n<p class=\"read-more\"> <a class=\"\" href=\"https:\/\/pfkeepers.com\/english\/product\/hikari-cichlid-staple-mini-floating-pellet-57g\/\"> <span class=\"screen-reader-text\">Hikari Cichlid Staple Mini 57g<\/span> Read More &raquo;<\/a><\/p>","protected":false},"featured_media":47851,"template":"","meta":{"site-sidebar-layout":"default","site-content-layout":"","ast-site-content-layout":"","site-content-style":"default","site-sidebar-style":"default","ast-global-header-display":"","ast-banner-title-visibility":"","ast-main-header-display":"","ast-hfb-above-header-display":"","ast-hfb-below-header-display":"","ast-hfb-mobile-header-display":"","site-post-title":"","ast-breadcrumbs-content":"","ast-featured-img":"","footer-sml-layout":"","theme-transparent-header-meta":"","adv-header-id-meta":"","stick-header-meta":"","header-above-stick-meta":"","header-main-stick-meta":"","header-below-stick-meta":"","astra-migrate-meta-layouts":""},"product_cat":[1479],"product_tag":[893],"_links":{"self":[{"href":"https:\/\/pfkeepers.com\/english\/wp-json\/wp\/v2\/product\/47850"}],"collection":[{"href":"https:\/\/pfkeepers.com\/english\/wp-json\/wp\/v2\/product"}],"about":[{"href":"https:\/\/pfkeepers.com\/english\/wp-json\/wp\/v2\/types\/product"}],"wp:featuredmedia":[{"embeddable":true,"href":"https:\/\/pfkeepers.com\/english\/wp-json\/wp\/v2\/media\/47851"}],"wp:attachment":[{"href":"https:\/\/pfkeepers.com\/english\/wp-json\/wp\/v2\/media?parent=47850"}],"wp:term":[{"taxonomy":"product_cat","embeddable":true,"href":"https:\/\/pfkeepers.com\/english\/wp-json\/wp\/v2\/product_cat?post=47850"},{"taxonomy":"product_tag","embeddable":true,"href":"https:\/\/pfkeepers.com\/english\/wp-json\/wp\/v2\/product_tag?post=47850"}],"curies":[{"name":"wp","href":"https:\/\/api.w.org\/{rel}","templated":true}]}}