{"id":47849,"date":"2024-03-04T12:47:14","date_gmt":"2024-03-04T12:47:14","guid":{"rendered":"https:\/\/pfkeepers.com\/produto\/hikari-cichlid-excel-medium-250g\/"},"modified":"2026-04-18T23:39:29","modified_gmt":"2026-04-18T23:39:29","slug":"hikari-cichlid-excel-medium-250g","status":"publish","type":"product","link":"https:\/\/pfkeepers.com\/english\/product\/hikari-cichlid-excel-medium-250g\/","title":{"rendered":"Hikari Cichlid Excel MEDIUM 250g"},"content":{"rendered":"<p>Um equil\u00edbrio perfeito entre v\u00e1rios ingredientes naturais destinados a atender as necessidades nutricionais da maioria dos peixes herb\u00edvoros. Oferece um sabor que at\u00e9 o comedor mais esquisito vai adorar.<br \/>\nO uso da parte mais interna do germe do gr\u00e3o de trigo oferece uma digest\u00e3o mais r\u00e1pida e nutrientes ben\u00e9ficos que o seu herb\u00edvoro de \u00e1gua doce anseia.<br \/>\nCont\u00e9m Spirulina de cultura pura, que permite melhorar a capacidade de real\u00e7ar as cores naturais.<br \/>\nDesenvolvida ao longo de muitos anos de pesquisa cont\u00ednua, esta formula\u00e7\u00e3o balanceada ajuda a apoiar a sa\u00fade do sistema imunit\u00e1rio.<br \/>\nQuando procurar o melhor, confie na Hikari\u00ae, os criadores de dietas aqu\u00e1ticas premium!<\/p>\n<p>HIKARI \u00e9 uma marca Japonesa reconhecida mundialmente pela alt\u00edssima qualidade dos seus produtos, pelas d\u00e9cadas de experi\u00eancia e I&amp;D. As suas dietas exclusivas para peixes e outros seres aqu\u00e1ticos, produzem resultados visualmente not\u00e1veis: maior vitalidade e energia, cores mais vivas, crescimento natural e um melhorado estado de sa\u00fade geral dos habitantes do seu ecosistema aqu\u00e1tico. <\/p>\n<p>Crude Protein Crude Fat Crude Fiber Moisture Ash<br \/>\nmin. 35.0% min. 4.0% max. 3.0% max. 10.0% max. 13.0%<br \/>\nPhosphorus Vitamin A Vitamin D3 Vitamin E Ascorbic Acid<br \/>\nmin. 0.8% min. 19,000 IU\/kg min. 2,800 IU\/kg min. 590 IU\/kg min. 420 mg\/kg<\/p>","protected":false},"excerpt":{"rendered":"<p>Um equil\u00edbrio perfeito entre v\u00e1rios ingredientes naturais destinados a atender as necessidades nutricionais da maioria dos peixes herb\u00edvoros. Oferece um sabor que at\u00e9 o comedor mais esquisito vai adorar. O uso da parte mais interna do germe do gr\u00e3o de trigo oferece uma digest\u00e3o mais r\u00e1pida e nutrientes ben\u00e9ficos que o seu herb\u00edvoro de \u00e1gua &hellip;<\/p>\n<p class=\"read-more\"> <a class=\"\" href=\"https:\/\/pfkeepers.com\/english\/product\/hikari-cichlid-excel-medium-250g\/\"> <span class=\"screen-reader-text\">Hikari Cichlid Excel MEDIUM 250g<\/span> Read More &raquo;<\/a><\/p>","protected":false},"featured_media":183576,"template":"","meta":{"site-sidebar-layout":"default","site-content-layout":"","ast-site-content-layout":"","site-content-style":"default","site-sidebar-style":"default","ast-global-header-display":"","ast-banner-title-visibility":"","ast-main-header-display":"","ast-hfb-above-header-display":"","ast-hfb-below-header-display":"","ast-hfb-mobile-header-display":"","site-post-title":"","ast-breadcrumbs-content":"","ast-featured-img":"","footer-sml-layout":"","theme-transparent-header-meta":"","adv-header-id-meta":"","stick-header-meta":"","header-above-stick-meta":"","header-main-stick-meta":"","header-below-stick-meta":"","astra-migrate-meta-layouts":""},"product_cat":[1479],"product_tag":[893],"_links":{"self":[{"href":"https:\/\/pfkeepers.com\/english\/wp-json\/wp\/v2\/product\/47849"}],"collection":[{"href":"https:\/\/pfkeepers.com\/english\/wp-json\/wp\/v2\/product"}],"about":[{"href":"https:\/\/pfkeepers.com\/english\/wp-json\/wp\/v2\/types\/product"}],"wp:featuredmedia":[{"embeddable":true,"href":"https:\/\/pfkeepers.com\/english\/wp-json\/wp\/v2\/media\/183576"}],"wp:attachment":[{"href":"https:\/\/pfkeepers.com\/english\/wp-json\/wp\/v2\/media?parent=47849"}],"wp:term":[{"taxonomy":"product_cat","embeddable":true,"href":"https:\/\/pfkeepers.com\/english\/wp-json\/wp\/v2\/product_cat?post=47849"},{"taxonomy":"product_tag","embeddable":true,"href":"https:\/\/pfkeepers.com\/english\/wp-json\/wp\/v2\/product_tag?post=47849"}],"curies":[{"name":"wp","href":"https:\/\/api.w.org\/{rel}","templated":true}]}}