{"id":47828,"date":"2024-03-04T12:46:46","date_gmt":"2024-03-04T12:46:46","guid":{"rendered":"https:\/\/pfkeepers.com\/produto\/tropic-marin-all-for-reef-250ml\/"},"modified":"2026-04-18T23:39:23","modified_gmt":"2026-04-18T23:39:23","slug":"tropic-marin-all-for-reef-250ml","status":"publish","type":"product","link":"https:\/\/pfkeepers.com\/english\/product\/tropic-marin-all-for-reef-250ml\/","title":{"rendered":"Tropic Marin  All for Reef 250ml"},"content":{"rendered":"<p>Tropic Marin All for Reef \u00e9 um suprimento mineral geral para aqu\u00e1rios de recife. Tropic Marin All for Reef \u00e9 uma solu\u00e7\u00e3o f\u00e1cil de usar e altamente concentrada para o fornecimento de TODOS os minerais essenciais e oligoelementos em aqu\u00e1rios de recife novos ou moderadamente abastecidos. Os minerais s\u00e3o consumidos atrav\u00e9s do crescimento de organismos e outros processos no aqu\u00e1rio e, portanto, devem ser suplementados regularmente. Estes incluem principalmente os elementos necess\u00e1rios c\u00e1lcio, magn\u00e9sio e estr\u00f4ncio e elementos de dureza carbonato para o crescimento dos esqueletos calc\u00e1rios de corais rochosos, algas coralinas vermelhas e outros organismos de recife. Tropic Marin All for Reef cont\u00e9m todos esses componentes em forma altamente concentrada e tamb\u00e9m cont\u00e9m os oligoelementos mais importantes: Iodo, bromo e fl\u00faor para o crescimento e estabiliza\u00e7\u00e3o dos esqueletos de corais rochosos, esponjas e crust\u00e1ceos. Sel\u00eanio para eliminar os radicais livres, bem como molibd\u00eanio e van\u00e1dio para o estabelecimento de importantes complexos enzim\u00e1ticos.<br \/>\nCom esses componentes, coordenados em sua propor\u00e7\u00e3o de concentra\u00e7\u00e3o, Tropic Marin All for Reef cria condi\u00e7\u00f5es de tratamento excelentes em apenas uma solu\u00e7\u00e3o. Nenhum composto adicional \u00e9 criado (por exemplo, cloreto de s\u00f3dio) que altere a salinidade ou o equil\u00edbrio de \u00edons.<\/p>\n<p>Tropic Marin All for Reef:<br \/>\n+ suprimento mineral completo em apenas uma solu\u00e7\u00e3o<br \/>\n+ os oligoelementos mais importantes j\u00e1 est\u00e3o inclu\u00eddos (todos os elementos do Tropic Marin A- ELEMENTS)<br \/>\n+ nenhuma forma\u00e7\u00e3o de subprodutos (por exemplo, cloreto de s\u00f3dio)<br \/>\n+ a salinidade e o equil\u00edbrio i\u00f4nico n\u00e3o s\u00e3o alterados<br \/>\n+ sem forma\u00e7\u00e3o de excesso de di\u00f3xido de carbono<br \/>\n+ adequado para um aqu\u00e1rio abastecido com corais moles, LPS, SPS, outros alimentadores de filtro e \/ ou crust\u00e1ceos<br \/>\n+ f\u00e1cil de aplicar &#8211; adequado tanto para dosagem manual quanto para bombas doseadoras<\/p>\n<p>Uso de Tropic Marin All for Reef:<br \/>\nComece com uma dose di\u00e1ria de 5 ml por 100 litros (26 US-gal) de volume do sistema de aqu\u00e1rio. Aumente a dosagem di\u00e1ria &#8211; por controle cont\u00ednuo da alcalinidade &#8211; semanalmente em 2,5 ml por 100 litros (26 US-gal) de volume do sistema do aqu\u00e1rio, at\u00e9 que uma dureza carbon\u00e1tica constante de 7 a 9 \u00b0 dH seja alcan\u00e7ada. N\u00e3o exceda a dose di\u00e1ria m\u00e1xima de 25 ml por 100 litros (26 US-gal) de volume do sistema de aqu\u00e1rio.<\/p>\n<p>500 ml Tropic Marin All for Reef cont\u00e9m 20.000 mg de c\u00e1lcio, 950 mg de magn\u00e9sio, 390 mg de estr\u00f4ncio, 2.800 \u00b0 de dureza de carbonato e 17 mg de iodo.<\/p>","protected":false},"excerpt":{"rendered":"<p>Tropic Marin All for Reef \u00e9 um suprimento mineral geral para aqu\u00e1rios de recife. Tropic Marin All for Reef \u00e9 uma solu\u00e7\u00e3o f\u00e1cil de usar e altamente concentrada para o fornecimento de TODOS os minerais essenciais e oligoelementos em aqu\u00e1rios de recife novos ou moderadamente abastecidos. Os minerais s\u00e3o consumidos atrav\u00e9s do crescimento de organismos &hellip;<\/p>\n<p class=\"read-more\"> <a class=\"\" href=\"https:\/\/pfkeepers.com\/english\/product\/tropic-marin-all-for-reef-250ml\/\"> <span class=\"screen-reader-text\">Tropic Marin  All for Reef 250ml<\/span> Read More &raquo;<\/a><\/p>","protected":false},"featured_media":183568,"template":"","meta":{"site-sidebar-layout":"default","site-content-layout":"","ast-site-content-layout":"default","site-content-style":"default","site-sidebar-style":"default","ast-global-header-display":"","ast-banner-title-visibility":"","ast-main-header-display":"","ast-hfb-above-header-display":"","ast-hfb-below-header-display":"","ast-hfb-mobile-header-display":"","site-post-title":"","ast-breadcrumbs-content":"","ast-featured-img":"","footer-sml-layout":"","theme-transparent-header-meta":"default","adv-header-id-meta":"","stick-header-meta":"","header-above-stick-meta":"","header-main-stick-meta":"","header-below-stick-meta":"","astra-migrate-meta-layouts":"set"},"product_cat":[1485],"product_tag":[1062],"_links":{"self":[{"href":"https:\/\/pfkeepers.com\/english\/wp-json\/wp\/v2\/product\/47828"}],"collection":[{"href":"https:\/\/pfkeepers.com\/english\/wp-json\/wp\/v2\/product"}],"about":[{"href":"https:\/\/pfkeepers.com\/english\/wp-json\/wp\/v2\/types\/product"}],"wp:featuredmedia":[{"embeddable":true,"href":"https:\/\/pfkeepers.com\/english\/wp-json\/wp\/v2\/media\/183568"}],"wp:attachment":[{"href":"https:\/\/pfkeepers.com\/english\/wp-json\/wp\/v2\/media?parent=47828"}],"wp:term":[{"taxonomy":"product_cat","embeddable":true,"href":"https:\/\/pfkeepers.com\/english\/wp-json\/wp\/v2\/product_cat?post=47828"},{"taxonomy":"product_tag","embeddable":true,"href":"https:\/\/pfkeepers.com\/english\/wp-json\/wp\/v2\/product_tag?post=47828"}],"curies":[{"name":"wp","href":"https:\/\/api.w.org\/{rel}","templated":true}]}}