{"id":47812,"date":"2024-03-04T12:46:18","date_gmt":"2024-03-04T12:46:18","guid":{"rendered":"https:\/\/pfkeepers.com\/produto\/cleaning-syphon-with-filter-aquaprime\/"},"modified":"2026-04-18T23:39:11","modified_gmt":"2026-04-18T23:39:11","slug":"cleaning-syphon-with-filter-aquaprime","status":"publish","type":"product","link":"https:\/\/pfkeepers.com\/english\/product\/cleaning-syphon-with-filter-aquaprime\/","title":{"rendered":"Aqua Medic Membrana 190\/50 GPD"},"content":{"rendered":"<p>Membrana Aqua Medic 190\/50 GPD para linha f\u00e1cil 190, linha premium 190 (U711.050)<\/p>\n<p>Esta membrana tamb\u00e9m pode ser utilizada para outros sistemas de osmose com produ\u00e7\u00e3o de 190 litros por dia ou 50 gal\u00f5es por dia.<\/p>","protected":false},"excerpt":{"rendered":"<p>Membrana Aqua Medic 190\/50 GPD para linha f\u00e1cil 190, linha premium 190 (U711.050) Esta membrana tamb\u00e9m pode ser utilizada para outros sistemas de osmose com produ\u00e7\u00e3o de 190 litros por dia ou 50 gal\u00f5es por dia.<\/p>","protected":false},"featured_media":310882,"template":"","meta":{"site-sidebar-layout":"default","site-content-layout":"","ast-site-content-layout":"","site-content-style":"default","site-sidebar-style":"default","ast-global-header-display":"","ast-banner-title-visibility":"","ast-main-header-display":"","ast-hfb-above-header-display":"","ast-hfb-below-header-display":"","ast-hfb-mobile-header-display":"","site-post-title":"","ast-breadcrumbs-content":"","ast-featured-img":"","footer-sml-layout":"","theme-transparent-header-meta":"","adv-header-id-meta":"","stick-header-meta":"","header-above-stick-meta":"","header-main-stick-meta":"","header-below-stick-meta":"","astra-migrate-meta-layouts":""},"product_cat":[1397],"product_tag":[762],"_links":{"self":[{"href":"https:\/\/pfkeepers.com\/english\/wp-json\/wp\/v2\/product\/47812"}],"collection":[{"href":"https:\/\/pfkeepers.com\/english\/wp-json\/wp\/v2\/product"}],"about":[{"href":"https:\/\/pfkeepers.com\/english\/wp-json\/wp\/v2\/types\/product"}],"wp:featuredmedia":[{"embeddable":true,"href":"https:\/\/pfkeepers.com\/english\/wp-json\/wp\/v2\/media\/310882"}],"wp:attachment":[{"href":"https:\/\/pfkeepers.com\/english\/wp-json\/wp\/v2\/media?parent=47812"}],"wp:term":[{"taxonomy":"product_cat","embeddable":true,"href":"https:\/\/pfkeepers.com\/english\/wp-json\/wp\/v2\/product_cat?post=47812"},{"taxonomy":"product_tag","embeddable":true,"href":"https:\/\/pfkeepers.com\/english\/wp-json\/wp\/v2\/product_tag?post=47812"}],"curies":[{"name":"wp","href":"https:\/\/api.w.org\/{rel}","templated":true}]}}