{"id":47770,"date":"2024-03-04T12:45:24","date_gmt":"2024-03-04T12:45:24","guid":{"rendered":"https:\/\/pfkeepers.com\/produto\/ciano-aqua-20-c-filtro-interno-led-preto\/"},"modified":"2026-04-18T23:38:59","modified_gmt":"2026-04-18T23:38:59","slug":"ciano-aqua-20-c-filtro-interno-led-preto","status":"publish","type":"product","link":"https:\/\/pfkeepers.com\/english\/product\/ciano-aqua-20-c-filtro-interno-led-preto\/","title":{"rendered":"Ciano Aqua 20 c\/Filtro Interno &amp; Led (Preto)"},"content":{"rendered":"<p>O AQUA 20 da marca Ciano \u00e9 um pequeno aqu\u00e1rio em vidro de f\u00e1cil utiliza\u00e7\u00e3o.<\/p>\n<p>Equipado de uma tampa com dobradi\u00e7as e com um sistema de ilumina\u00e7\u00e3o de baixa tens\u00e3o, para uma seguran\u00e7a total. Dotado de um sistema de filtra\u00e7\u00e3o Ciano de alta performance para conservar uma \u00e1gua cristalina o mais tempo poss\u00edvel e com um m\u00ednimo de esfor\u00e7o. Inclui filtro interior, dose Water Clear, esponja e guia de instala\u00e7\u00e3o. <\/p>\n<p>1 Sistema de ilumina\u00e7\u00e3o LED CLA20 Ciano\u00ae (1,5W \u2013 12VDC);<br \/>\n1 Conversor LED (12VDC);<br \/>\n1 Filtro interior CF40 Ciano\u00ae;<br \/>\n1 Dose WATER CLEAR \u201cS\u201d Ciano\u00ae;<br \/>\n1 FOAM \u201cS\u201d (esponja) 30PPI Ciano\u00ae<br \/>\nCores dispon\u00edveis: preto e branco.<\/p>\n<p>Capacidade: 17 litros<\/p>","protected":false},"excerpt":{"rendered":"<p>O AQUA 20 da marca Ciano \u00e9 um pequeno aqu\u00e1rio em vidro de f\u00e1cil utiliza\u00e7\u00e3o. Equipado de uma tampa com dobradi\u00e7as e com um sistema de ilumina\u00e7\u00e3o de baixa tens\u00e3o, para uma seguran\u00e7a total. Dotado de um sistema de filtra\u00e7\u00e3o Ciano de alta performance para conservar uma \u00e1gua cristalina o mais tempo poss\u00edvel e com &hellip;<\/p>\n<p class=\"read-more\"> <a class=\"\" href=\"https:\/\/pfkeepers.com\/english\/product\/ciano-aqua-20-c-filtro-interno-led-preto\/\"> <span class=\"screen-reader-text\">Ciano Aqua 20 c\/Filtro Interno &amp; Led (Preto)<\/span> Read More &raquo;<\/a><\/p>","protected":false},"featured_media":47771,"template":"","meta":{"site-sidebar-layout":"default","site-content-layout":"","ast-site-content-layout":"","site-content-style":"default","site-sidebar-style":"default","ast-global-header-display":"","ast-banner-title-visibility":"","ast-main-header-display":"","ast-hfb-above-header-display":"","ast-hfb-below-header-display":"","ast-hfb-mobile-header-display":"","site-post-title":"","ast-breadcrumbs-content":"","ast-featured-img":"","footer-sml-layout":"","theme-transparent-header-meta":"","adv-header-id-meta":"","stick-header-meta":"","header-above-stick-meta":"","header-main-stick-meta":"","header-below-stick-meta":"","astra-migrate-meta-layouts":""},"product_cat":[1389],"product_tag":[825],"_links":{"self":[{"href":"https:\/\/pfkeepers.com\/english\/wp-json\/wp\/v2\/product\/47770"}],"collection":[{"href":"https:\/\/pfkeepers.com\/english\/wp-json\/wp\/v2\/product"}],"about":[{"href":"https:\/\/pfkeepers.com\/english\/wp-json\/wp\/v2\/types\/product"}],"wp:featuredmedia":[{"embeddable":true,"href":"https:\/\/pfkeepers.com\/english\/wp-json\/wp\/v2\/media\/47771"}],"wp:attachment":[{"href":"https:\/\/pfkeepers.com\/english\/wp-json\/wp\/v2\/media?parent=47770"}],"wp:term":[{"taxonomy":"product_cat","embeddable":true,"href":"https:\/\/pfkeepers.com\/english\/wp-json\/wp\/v2\/product_cat?post=47770"},{"taxonomy":"product_tag","embeddable":true,"href":"https:\/\/pfkeepers.com\/english\/wp-json\/wp\/v2\/product_tag?post=47770"}],"curies":[{"name":"wp","href":"https:\/\/api.w.org\/{rel}","templated":true}]}}