{"id":47769,"date":"2024-03-04T12:45:23","date_gmt":"2024-03-04T12:45:23","guid":{"rendered":"https:\/\/pfkeepers.com\/produto\/nexus-pure-diamond-14l-black\/"},"modified":"2026-04-18T02:23:54","modified_gmt":"2026-04-18T02:23:54","slug":"nexus-pure-diamond-14l-black","status":"publish","type":"product","link":"https:\/\/pfkeepers.com\/english\/product\/nexus-pure-diamond-14l-black\/","title":{"rendered":"Ciano Nexus Pure Diamond 14L (Black)"},"content":{"rendered":"<p>Equipamentos Inclu\u00eddos<br \/>\nTampa de Prote\u00e7\u00e3o preparada para o LED CLN5 RGB Ciano\u00ae;<\/p>\n<p>Suporte filtro CF20 Ciano\u00ae;<\/p>\n<p>1 Filtro interno CF20 Ciano\u00ae;<\/p>\n<p>1 WATER CLEAR \u201cS\u201d Ciano\u00ae;<\/p>\n<p>1 FOAM \u201cS\u201d (esponja) 30PPI Ciano\u00ae.<\/p>\n<p>O Nexus Pure 14C destaca-se pelo seu design exclusivo, arrojado e moderno em forma de diamante. A sua forma e tamanho, permitem que se adapte a qualquer divis\u00e3o de sua casa ou local de trabalho, tornando-a mais atrativa e relaxante. O Nexus Pure 14C inclui um suporte para o filtro CF20 Ciano Filter\u00ae e uma tampa de prote\u00e7\u00e3o com dobradi\u00e7as, preparada para o sistema de ilumina\u00e7\u00e3o t\u00e1til, CLN5 RGB Ciano\u00ae.<\/p>","protected":false},"excerpt":{"rendered":"<p>Equipamentos Inclu\u00eddos Tampa de Prote\u00e7\u00e3o preparada para o LED CLN5 RGB Ciano\u00ae; Suporte filtro CF20 Ciano\u00ae; 1 Filtro interno CF20 Ciano\u00ae; 1 WATER CLEAR \u201cS\u201d Ciano\u00ae; 1 FOAM \u201cS\u201d (esponja) 30PPI Ciano\u00ae. O Nexus Pure 14C destaca-se pelo seu design exclusivo, arrojado e moderno em forma de diamante. A sua forma e tamanho, permitem que &hellip;<\/p>\n<p class=\"read-more\"> <a class=\"\" href=\"https:\/\/pfkeepers.com\/english\/product\/nexus-pure-diamond-14l-black\/\"> <span class=\"screen-reader-text\">Ciano Nexus Pure Diamond 14L (Black)<\/span> Read More &raquo;<\/a><\/p>","protected":false},"featured_media":358296,"template":"","meta":{"site-sidebar-layout":"default","site-content-layout":"","ast-site-content-layout":"default","site-content-style":"default","site-sidebar-style":"default","ast-global-header-display":"","ast-banner-title-visibility":"","ast-main-header-display":"","ast-hfb-above-header-display":"","ast-hfb-below-header-display":"","ast-hfb-mobile-header-display":"","site-post-title":"","ast-breadcrumbs-content":"","ast-featured-img":"","footer-sml-layout":"","theme-transparent-header-meta":"default","adv-header-id-meta":"","stick-header-meta":"","header-above-stick-meta":"","header-main-stick-meta":"","header-below-stick-meta":"","astra-migrate-meta-layouts":"set"},"product_cat":[1389],"product_tag":[825],"_links":{"self":[{"href":"https:\/\/pfkeepers.com\/english\/wp-json\/wp\/v2\/product\/47769"}],"collection":[{"href":"https:\/\/pfkeepers.com\/english\/wp-json\/wp\/v2\/product"}],"about":[{"href":"https:\/\/pfkeepers.com\/english\/wp-json\/wp\/v2\/types\/product"}],"wp:featuredmedia":[{"embeddable":true,"href":"https:\/\/pfkeepers.com\/english\/wp-json\/wp\/v2\/media\/358296"}],"wp:attachment":[{"href":"https:\/\/pfkeepers.com\/english\/wp-json\/wp\/v2\/media?parent=47769"}],"wp:term":[{"taxonomy":"product_cat","embeddable":true,"href":"https:\/\/pfkeepers.com\/english\/wp-json\/wp\/v2\/product_cat?post=47769"},{"taxonomy":"product_tag","embeddable":true,"href":"https:\/\/pfkeepers.com\/english\/wp-json\/wp\/v2\/product_tag?post=47769"}],"curies":[{"name":"wp","href":"https:\/\/api.w.org\/{rel}","templated":true}]}}