{"id":47759,"date":"2024-03-04T12:45:09","date_gmt":"2024-03-04T12:45:09","guid":{"rendered":"https:\/\/pfkeepers.com\/produto\/eheim-thermocontrol-e150-w-200-300l\/"},"modified":"2026-04-18T23:38:11","modified_gmt":"2026-04-18T23:38:11","slug":"eheim-thermocontrol-e150-w-200-300l","status":"publish","type":"product","link":"https:\/\/pfkeepers.com\/english\/product\/eheim-thermocontrol-e150-w-200-300l\/","title":{"rendered":"Eheim Thermocontrol E150 W (200-300L)"},"content":{"rendered":"<p>Com o elemento de aquecimento EHEIM thermocontrol-e seus peixes conseguem a temperatura certa com ainda mais precis\u00e3o &#8211; em todos os aqu\u00e1rios.<\/p>\n<p>As id\u00e9ias \u00f3bvias costumam ser as melhores. Isso tamb\u00e9m se aplica ao elemento de aquecimento do aqu\u00e1rio. \u00c9 simplesmente pendurado na \u00e1gua e aquecido. O princ\u00edpio \u00e9 o mesmo de d\u00e9cadas atr\u00e1s. Mas, entretanto, o aquecedor do controlador EHEIM tornou-se um dispositivo t\u00e9rmico ultramoderno. A temperatura pode ser definida com precis\u00e3o e \u00e9 medida com ainda mais precis\u00e3o e mantida mais constante pela eletr\u00f4nica. O revestimento feito de vidro especial de laborat\u00f3rio aumenta a superf\u00edcie de aquecimento, serve como um escudo t\u00e9rmico e garante uma emiss\u00e3o de calor uniforme. E se voc\u00ea deseja aquecer um aqu\u00e1rio de 20 ou 1200 litros &#8211; voc\u00ea pode escolher entre 10 tamanhos.<\/p>\n<p>Vantagens do aquecedor de controle EHEIM thermocontrol-e<\/p>\n<p>Ajuste preciso da temperatura de 20 a 32 \u00b0 C<br \/>\nNenhum reajuste necess\u00e1rio<br \/>\nPrecis\u00e3o de controle \u00b1 0,5 \u00b0 C<br \/>\nO calor \u00e9 mantido constante<br \/>\nA l\u00e2mpada de controle indica a fun\u00e7\u00e3o de aquecimento (vermelho: aquecimento; verde: temperatura atingida)<br \/>\nTotalmente submers\u00edvel (\u00e0 prova d&#8217;\u00e1gua)<br \/>\nCom prote\u00e7\u00e3o contra funcionamento a seco (controle de seguran\u00e7a t\u00e9rmica)<br \/>\nO revestimento de vidro aumenta a superf\u00edcie de aquecimento e garante uma sa\u00edda de calor ideal e uniforme<br \/>\nComprimento do cabo conveniente aprox. 170 cm<br \/>\nInclui suporte de suc\u00e7\u00e3o duplo<br \/>\n10 tamanhos para aqu\u00e1rios de 20 a 1200 litros<br \/>\nAdequado para \u00e1gua doce e salgada<br \/>\nMaior seguran\u00e7a e confiabilidade &#8211; garantia de 3 anos<br \/>\nFeito na Alemanha<br \/>\nPrecis\u00e3o, conforto, qualidade e seguran\u00e7a &#8220;Made in Germany&#8221;.<\/p>\n<p>Como voc\u00ea sabe, peixes de \u00e1guas tropicais e subtropicais precisam de uma certa temperatura de \u00e1gua constante. Antes de o engenheiro Eugen J\u00e4ger inventar o aquecedor de aqu\u00e1rio d\u00e9cadas atr\u00e1s, n\u00e3o havia uma solu\u00e7\u00e3o realmente satisfat\u00f3ria para produzir a temperatura adequada da \u00e1gua. Eles lidavam com m\u00e9todos complicados e \u00e0s vezes curiosos. Alguns colocam o aqu\u00e1rio ao sol ou perto do aquecedor ou fog\u00e3o.<br \/>\nO aquecedor de controle de aqu\u00e1rio termocontrol EHEIM \u00e9 um desenvolvimento adicional do lend\u00e1rio elemento de aquecimento e o thermocontrol-e \u00e9 a mais recente variante controlada eletronicamente.<br \/>\nA temperatura pode ser ajustada com precis\u00e3o de 20 a 32 \u00b0 C. A precis\u00e3o do controle \u00e9 de \u00b1 0,5 \u00b0 C.<br \/>\nO calor \u00e9 mantido constante. Uma l\u00e2mpada de controle indica a fun\u00e7\u00e3o de aquecimento.<br \/>\nO aquecedor \u00e9 totalmente \u00e0 prova d&#8217;\u00e1gua, pode ser totalmente imerso, possui prote\u00e7\u00e3o contra funcionamento a seco (Thermo Safety Control) e \u00e9 adequado para \u00e1gua doce e salgada. Uma das inova\u00e7\u00f5es mais importantes \u00e9 o revestimento de vidro:<br \/>\n\u2022 Aumenta a superf\u00edcie de aquecimento,<br \/>\n\u2022 comprime o calor, garante uma sa\u00edda de calor ideal e uniforme e<br \/>\n\u2022 forma um escudo t\u00e9rmico (os habitantes do aqu\u00e1rio n\u00e3o se importam em toc\u00e1-lo).<\/p>\n<p>O revestimento \u00e9 feito de vidro especial de laborat\u00f3rio. Isso foi criado para fins de pesquisa. Portanto, \u00e9 livre de poluentes que podem ser lan\u00e7ados na \u00e1gua. As subst\u00e2ncias qu\u00edmicas e biol\u00f3gicas n\u00e3o o atacam. N\u00e3o h\u00e1 rachaduras ou rachaduras finas atrav\u00e9s das quais a \u00e1gua condensada possa passar. \u00c9 resistente a impactos. E mesmo flutua\u00e7\u00f5es extremas de temperatura, como as que podem ocorrer durante as mudan\u00e7as de \u00e1gua, n\u00e3o afetam este vidro.<\/p>","protected":false},"excerpt":{"rendered":"<p>Com o elemento de aquecimento EHEIM thermocontrol-e seus peixes conseguem a temperatura certa com ainda mais precis\u00e3o &#8211; em todos os aqu\u00e1rios. As id\u00e9ias \u00f3bvias costumam ser as melhores. Isso tamb\u00e9m se aplica ao elemento de aquecimento do aqu\u00e1rio. \u00c9 simplesmente pendurado na \u00e1gua e aquecido. O princ\u00edpio \u00e9 o mesmo de d\u00e9cadas atr\u00e1s. Mas, &hellip;<\/p>\n<p class=\"read-more\"> <a class=\"\" href=\"https:\/\/pfkeepers.com\/english\/product\/eheim-thermocontrol-e150-w-200-300l\/\"> <span class=\"screen-reader-text\">Eheim Thermocontrol E150 W (200-300L)<\/span> Read More &raquo;<\/a><\/p>","protected":false},"featured_media":250222,"template":"","meta":{"site-sidebar-layout":"default","site-content-layout":"","ast-site-content-layout":"","site-content-style":"default","site-sidebar-style":"default","ast-global-header-display":"","ast-banner-title-visibility":"","ast-main-header-display":"","ast-hfb-above-header-display":"","ast-hfb-below-header-display":"","ast-hfb-mobile-header-display":"","site-post-title":"","ast-breadcrumbs-content":"","ast-featured-img":"","footer-sml-layout":"","theme-transparent-header-meta":"","adv-header-id-meta":"","stick-header-meta":"","header-above-stick-meta":"","header-main-stick-meta":"","header-below-stick-meta":"","astra-migrate-meta-layouts":""},"product_cat":[1386],"product_tag":[852],"_links":{"self":[{"href":"https:\/\/pfkeepers.com\/english\/wp-json\/wp\/v2\/product\/47759"}],"collection":[{"href":"https:\/\/pfkeepers.com\/english\/wp-json\/wp\/v2\/product"}],"about":[{"href":"https:\/\/pfkeepers.com\/english\/wp-json\/wp\/v2\/types\/product"}],"wp:featuredmedia":[{"embeddable":true,"href":"https:\/\/pfkeepers.com\/english\/wp-json\/wp\/v2\/media\/250222"}],"wp:attachment":[{"href":"https:\/\/pfkeepers.com\/english\/wp-json\/wp\/v2\/media?parent=47759"}],"wp:term":[{"taxonomy":"product_cat","embeddable":true,"href":"https:\/\/pfkeepers.com\/english\/wp-json\/wp\/v2\/product_cat?post=47759"},{"taxonomy":"product_tag","embeddable":true,"href":"https:\/\/pfkeepers.com\/english\/wp-json\/wp\/v2\/product_tag?post=47759"}],"curies":[{"name":"wp","href":"https:\/\/api.w.org\/{rel}","templated":true}]}}