{"id":47758,"date":"2024-03-04T12:45:08","date_gmt":"2024-03-04T12:45:08","guid":{"rendered":"https:\/\/pfkeepers.com\/produto\/eheim-thermocontrol-e-75w-60-100l\/"},"modified":"2026-04-18T23:38:05","modified_gmt":"2026-04-18T23:38:05","slug":"eheim-thermocontrol-e-75w-60-100l","status":"publish","type":"product","link":"https:\/\/pfkeepers.com\/english\/product\/eheim-thermocontrol-e-75w-60-100l\/","title":{"rendered":"Eheim Thermocontrol E 75W (60-100L)"},"content":{"rendered":"<p>Com o elemento de aquecimento EHEIM thermocontrol-e seus peixes conseguem a temperatura certa com ainda mais precis\u00e3o &#8211; em todos os aqu\u00e1rios.<\/p>\n<p>As id\u00e9ias \u00f3bvias costumam ser as melhores. Isso tamb\u00e9m se aplica ao elemento de aquecimento do aqu\u00e1rio. \u00c9 simplesmente pendurado na \u00e1gua e aquecido. O princ\u00edpio \u00e9 o mesmo de d\u00e9cadas atr\u00e1s. Mas, entretanto, o aquecedor do controlador EHEIM tornou-se um dispositivo t\u00e9rmico ultramoderno. A temperatura pode ser definida com precis\u00e3o e \u00e9 medida com ainda mais precis\u00e3o e mantida mais constante pela eletr\u00f4nica. O revestimento feito de vidro especial de laborat\u00f3rio aumenta a superf\u00edcie de aquecimento, serve como um escudo t\u00e9rmico e garante uma emiss\u00e3o de calor uniforme. E se voc\u00ea deseja aquecer um aqu\u00e1rio de 20 ou 1200 litros &#8211; voc\u00ea pode escolher entre 10 tamanhos.<\/p>\n<p>Vantagens do aquecedor de controle EHEIM thermocontrol-e<\/p>\n<p>Ajuste preciso da temperatura de 20 a 32 \u00b0 C<br \/>\nNenhum reajuste necess\u00e1rio<br \/>\nPrecis\u00e3o de controle \u00b1 0,5 \u00b0 C<br \/>\nO calor \u00e9 mantido constante<br \/>\nA l\u00e2mpada de controle indica a fun\u00e7\u00e3o de aquecimento (vermelho: aquecimento; verde: temperatura atingida)<br \/>\nTotalmente submers\u00edvel (\u00e0 prova d&#8217;\u00e1gua)<br \/>\nCom prote\u00e7\u00e3o contra funcionamento a seco (controle de seguran\u00e7a t\u00e9rmica)<br \/>\nO revestimento de vidro aumenta a superf\u00edcie de aquecimento e garante uma sa\u00edda de calor ideal e uniforme<br \/>\nComprimento do cabo conveniente aprox. 170 cm<br \/>\nInclui suporte de suc\u00e7\u00e3o duplo<br \/>\n10 tamanhos para aqu\u00e1rios de 20 a 1200 litros<br \/>\nAdequado para \u00e1gua doce e salgada<br \/>\nMaior seguran\u00e7a e confiabilidade &#8211; garantia de 3 anos<br \/>\nFeito na Alemanha<\/p>","protected":false},"excerpt":{"rendered":"<p>Com o elemento de aquecimento EHEIM thermocontrol-e seus peixes conseguem a temperatura certa com ainda mais precis\u00e3o &#8211; em todos os aqu\u00e1rios. As id\u00e9ias \u00f3bvias costumam ser as melhores. Isso tamb\u00e9m se aplica ao elemento de aquecimento do aqu\u00e1rio. \u00c9 simplesmente pendurado na \u00e1gua e aquecido. O princ\u00edpio \u00e9 o mesmo de d\u00e9cadas atr\u00e1s. Mas, &hellip;<\/p>\n<p class=\"read-more\"> <a class=\"\" href=\"https:\/\/pfkeepers.com\/english\/product\/eheim-thermocontrol-e-75w-60-100l\/\"> <span class=\"screen-reader-text\">Eheim Thermocontrol E 75W (60-100L)<\/span> Read More &raquo;<\/a><\/p>","protected":false},"featured_media":250220,"template":"","meta":{"site-sidebar-layout":"default","site-content-layout":"","ast-site-content-layout":"","site-content-style":"default","site-sidebar-style":"default","ast-global-header-display":"","ast-banner-title-visibility":"","ast-main-header-display":"","ast-hfb-above-header-display":"","ast-hfb-below-header-display":"","ast-hfb-mobile-header-display":"","site-post-title":"","ast-breadcrumbs-content":"","ast-featured-img":"","footer-sml-layout":"","theme-transparent-header-meta":"","adv-header-id-meta":"","stick-header-meta":"","header-above-stick-meta":"","header-main-stick-meta":"","header-below-stick-meta":"","astra-migrate-meta-layouts":""},"product_cat":[1386],"product_tag":[852],"_links":{"self":[{"href":"https:\/\/pfkeepers.com\/english\/wp-json\/wp\/v2\/product\/47758"}],"collection":[{"href":"https:\/\/pfkeepers.com\/english\/wp-json\/wp\/v2\/product"}],"about":[{"href":"https:\/\/pfkeepers.com\/english\/wp-json\/wp\/v2\/types\/product"}],"wp:featuredmedia":[{"embeddable":true,"href":"https:\/\/pfkeepers.com\/english\/wp-json\/wp\/v2\/media\/250220"}],"wp:attachment":[{"href":"https:\/\/pfkeepers.com\/english\/wp-json\/wp\/v2\/media?parent=47758"}],"wp:term":[{"taxonomy":"product_cat","embeddable":true,"href":"https:\/\/pfkeepers.com\/english\/wp-json\/wp\/v2\/product_cat?post=47758"},{"taxonomy":"product_tag","embeddable":true,"href":"https:\/\/pfkeepers.com\/english\/wp-json\/wp\/v2\/product_tag?post=47758"}],"curies":[{"name":"wp","href":"https:\/\/api.w.org\/{rel}","templated":true}]}}