{"id":47755,"date":"2024-03-04T12:45:03","date_gmt":"2024-03-04T12:45:03","guid":{"rendered":"https:\/\/pfkeepers.com\/produto\/eheim-autofeeder-batteries-included\/"},"modified":"2026-04-12T16:12:29","modified_gmt":"2026-04-12T16:12:29","slug":"eheim-autofeeder-batteries-included","status":"publish","type":"product","link":"https:\/\/pfkeepers.com\/english\/product\/eheim-autofeeder-batteries-included\/","title":{"rendered":"Eheim AutoFeeder (Batteries Included)"},"content":{"rendered":"<p>EHEIM autofeeder  If you don\u2019t always have time an automatic fish feeder is ideal. Also when on holiday. You can easily programme the feeding times as well as the amount of food and the fish feeder ventilates the food at precisely the    correct doing time into the water. With a simple press of a button \u201csnacks\u201d are also possible at any time.   The function keys are splash proof . A warning system quickly shows low battery level. And of course the feeders fit feeder openings on the  VARILUX aquarium hoods; they are also equipped with a bracket for    open-top aquariums and terrariums \u2013 also for nano aquariums.   EHEIM automatic fish feeder   Compact equipment with a feeding chamber; mainly for flake food      Easy to understand programming An additional programme for double feeding  Actively aerated food chamber Capacity ca. 100 ml  Additional \u201csnacks\u201c possible at the touch of a button  Function keys are splash resistant Warning system quickly indicates low battery level  Including bracket for mounting on an open-top aquarium or terrarium  Includes batteries<\/p>","protected":false},"excerpt":{"rendered":"<p>Este alimentador compacto \u00e9 operado por baterias (inclu\u00eddas). A c\u00e2mara de alimenta\u00e7\u00e3o tem ventila\u00e7\u00e3o activa e conserva o alimento seco e em \u00f3ptimas condi\u00e7\u00f5es. Com programa\u00e7\u00e3o simples de usar, o usu\u00e1rio decide quando os peixes devem ser alimentados. Uma dose dupla de alimento tamb\u00e9m est\u00e1 prevista na programa\u00e7\u00e3o. Petiscos entre as refei\u00e7\u00f5es s\u00e3o poss\u00edveis com &hellip;<\/p>\n<p class=\"read-more\"> <a class=\"\" href=\"https:\/\/pfkeepers.com\/english\/product\/eheim-autofeeder-batteries-included\/\"> <span class=\"screen-reader-text\">Eheim AutoFeeder (Batteries Included)<\/span> Read More &raquo;<\/a><\/p>","protected":false},"featured_media":47756,"template":"","meta":{"site-sidebar-layout":"default","site-content-layout":"","ast-site-content-layout":"default","site-content-style":"default","site-sidebar-style":"default","ast-global-header-display":"","ast-banner-title-visibility":"","ast-main-header-display":"","ast-hfb-above-header-display":"","ast-hfb-below-header-display":"","ast-hfb-mobile-header-display":"","site-post-title":"","ast-breadcrumbs-content":"","ast-featured-img":"","footer-sml-layout":"","theme-transparent-header-meta":"default","adv-header-id-meta":"","stick-header-meta":"","header-above-stick-meta":"","header-main-stick-meta":"","header-below-stick-meta":"","astra-migrate-meta-layouts":"set"},"product_cat":[1478],"product_tag":[852],"_links":{"self":[{"href":"https:\/\/pfkeepers.com\/english\/wp-json\/wp\/v2\/product\/47755"}],"collection":[{"href":"https:\/\/pfkeepers.com\/english\/wp-json\/wp\/v2\/product"}],"about":[{"href":"https:\/\/pfkeepers.com\/english\/wp-json\/wp\/v2\/types\/product"}],"wp:featuredmedia":[{"embeddable":true,"href":"https:\/\/pfkeepers.com\/english\/wp-json\/wp\/v2\/media\/47756"}],"wp:attachment":[{"href":"https:\/\/pfkeepers.com\/english\/wp-json\/wp\/v2\/media?parent=47755"}],"wp:term":[{"taxonomy":"product_cat","embeddable":true,"href":"https:\/\/pfkeepers.com\/english\/wp-json\/wp\/v2\/product_cat?post=47755"},{"taxonomy":"product_tag","embeddable":true,"href":"https:\/\/pfkeepers.com\/english\/wp-json\/wp\/v2\/product_tag?post=47755"}],"curies":[{"name":"wp","href":"https:\/\/api.w.org\/{rel}","templated":true}]}}