{"id":359105,"date":"2026-04-16T14:10:19","date_gmt":"2026-04-16T14:10:19","guid":{"rendered":"https:\/\/pfkeepers.com\/produto\/apistogramma-viejita\/"},"modified":"2026-04-19T01:26:30","modified_gmt":"2026-04-19T01:26:30","slug":"apistogramma-viejita","status":"publish","type":"product","link":"https:\/\/pfkeepers.com\/english\/product\/apistogramma-viejita\/","title":{"rendered":"Apistogramma viejita"},"content":{"rendered":"<p>NOME COMUM<br \/>\nViejita<\/p>\n<p>NOME CIENT\u00cdFICO<br \/>\nApistogramma viejita<\/p>\n<p>FAM\u00cdLIA<br \/>\nCichlidae<\/p>\n<p>ORDEM<br \/>\nPerciformes<\/p>\n<p>PAR\u00c2METROS QU\u00cdMICOS<br \/>\nTemperatura: 25\u00baC- 30\u00baC PH: 5,5 a 6,5 GH: 1 \u00bad a 6 \u00ba d.<\/p>\n<p>AQU\u00c1RIO<br \/>\n&gt; 60 l. Bem plantado, com plantas flutuantes, substrato de areia de rio, s\u00edlica ou cascalho pequeno, decora\u00e7\u00e3o, folhas, rochas e ra\u00edzes, a modo de cavernas, para ref\u00fagio.<\/p>\n<p>BIOTIPO<br \/>\nZonas pr\u00f3ximas \u00e0 margem, onde h\u00e1 grande quantidade de plantas de superf\u00edcie, a profundidade n\u00e3o costuma ser superior a 10 cm e o substrato do fundo costuma ser de cascalho fino.<\/p>\n<p>ORIGEM GEOGR\u00c1FICA<br \/>\nCol\u00f4mbia e Venezuela<\/p>\n<p>MORFOLOGIA<br \/>\nTamanho: 5 cm. Colora\u00e7\u00e3o: Variedade crom\u00e1tica. Base prateada, escamas com iridesc\u00eancias azuis e vermelhas, uma faixa preta atravessa o corpo. Dimorfismo sexual: Sim<\/p>\n<p>Feeding<br \/>\nOmn\u00edvoro<\/p>\n<p>COMPORTAMENTO<br \/>\nT\u00edmido, pac\u00edfico, n\u00e3o muito territorial, exceto na \u00e9poca de reprodu\u00e7\u00e3o.<\/p>\n<p>TEMPO DE VIDA<br \/>\n3 anos<\/p>\n<p>REPRODU\u00c7\u00c3O<br \/>\nOv\u00edparo<\/p>","protected":false},"excerpt":{"rendered":"<p>NOME COMUM Viejita NOME CIENT\u00cdFICO Apistogramma viejita FAM\u00cdLIA Cichlidae ORDEM Perciformes PAR\u00c2METROS QU\u00cdMICOS Temperatura: 25\u00baC- 30\u00baC PH: 5,5 a 6,5 GH: 1 \u00bad a 6 \u00ba d. AQU\u00c1RIO &gt; 60 l. Bem plantado, com plantas flutuantes, substrato de areia de rio, s\u00edlica ou cascalho pequeno, decora\u00e7\u00e3o, folhas, rochas e ra\u00edzes, a modo de cavernas, para &hellip;<\/p>\n<p class=\"read-more\"> <a class=\"\" href=\"https:\/\/pfkeepers.com\/english\/product\/apistogramma-viejita\/\"> <span class=\"screen-reader-text\">Apistogramma viejita<\/span> Read More &raquo;<\/a><\/p>","protected":false},"featured_media":359106,"template":"","meta":{"site-sidebar-layout":"default","site-content-layout":"","ast-site-content-layout":"","site-content-style":"default","site-sidebar-style":"default","ast-global-header-display":"","ast-banner-title-visibility":"","ast-main-header-display":"","ast-hfb-above-header-display":"","ast-hfb-below-header-display":"","ast-hfb-mobile-header-display":"","site-post-title":"","ast-breadcrumbs-content":"","ast-featured-img":"","footer-sml-layout":"","theme-transparent-header-meta":"","adv-header-id-meta":"","stick-header-meta":"","header-above-stick-meta":"","header-main-stick-meta":"","header-below-stick-meta":"","astra-migrate-meta-layouts":""},"product_cat":[1510],"product_tag":[],"_links":{"self":[{"href":"https:\/\/pfkeepers.com\/english\/wp-json\/wp\/v2\/product\/359105"}],"collection":[{"href":"https:\/\/pfkeepers.com\/english\/wp-json\/wp\/v2\/product"}],"about":[{"href":"https:\/\/pfkeepers.com\/english\/wp-json\/wp\/v2\/types\/product"}],"wp:featuredmedia":[{"embeddable":true,"href":"https:\/\/pfkeepers.com\/english\/wp-json\/wp\/v2\/media\/359106"}],"wp:attachment":[{"href":"https:\/\/pfkeepers.com\/english\/wp-json\/wp\/v2\/media?parent=359105"}],"wp:term":[{"taxonomy":"product_cat","embeddable":true,"href":"https:\/\/pfkeepers.com\/english\/wp-json\/wp\/v2\/product_cat?post=359105"},{"taxonomy":"product_tag","embeddable":true,"href":"https:\/\/pfkeepers.com\/english\/wp-json\/wp\/v2\/product_tag?post=359105"}],"curies":[{"name":"wp","href":"https:\/\/api.w.org\/{rel}","templated":true}]}}