{"id":359093,"date":"2026-04-03T18:00:11","date_gmt":"2026-04-03T18:00:11","guid":{"rendered":"https:\/\/pfkeepers.com\/produto\/najas-guadalupensis-guppy-grass\/"},"modified":"2026-04-19T01:28:09","modified_gmt":"2026-04-19T01:28:09","slug":"najas-guadalupensis-guppy-grass","status":"publish","type":"product","link":"https:\/\/pfkeepers.com\/english\/product\/najas-guadalupensis-guppy-grass\/","title":{"rendered":"Najas guadalupensis &#8216;Guppy Grass&#8217;"},"content":{"rendered":"<p>Origin\u00e1ria dos EUA e da Am\u00e9rica do Sul, a Najas guadalupensis \u00e9 uma planta aqu\u00e1tica excepcionalmente f\u00e1cil de cuidar, que se desenvolve bem em praticamente quaisquer condi\u00e7\u00f5es. Cresce rapidamente e propaga-se sem esfor\u00e7o, tornando-a ideal tanto para principiantes como para aquaristas experientes.<br \/>\nEmbora seja normalmente mantida como planta flutuante, pode fixar-se no substrato com ra\u00edzes longas e delicadas. A sua estrutura fina e porosa proporciona um excelente abrigo para alevins de peixes e camar\u00f5es, ao mesmo tempo que ajuda a absorver o excesso de nutrientes e a produzir oxig\u00e9nio.<br \/>\nPerfeita tanto para aqu\u00e1rios como para lagos, a Najas guadalupensis promove um ambiente saud\u00e1vel e equilibrado e oferece um esconderijo natural para a vida aqu\u00e1tica.<\/p>","protected":false},"excerpt":{"rendered":"<p>Origin\u00e1ria dos EUA e da Am\u00e9rica do Sul, a Najas guadalupensis \u00e9 uma planta aqu\u00e1tica excepcionalmente f\u00e1cil de cuidar, que se desenvolve bem em praticamente quaisquer condi\u00e7\u00f5es. Cresce rapidamente e propaga-se sem esfor\u00e7o, tornando-a ideal tanto para principiantes como para aquaristas experientes. Embora seja normalmente mantida como planta flutuante, pode fixar-se no substrato com ra\u00edzes &hellip;<\/p>\n<p class=\"read-more\"> <a class=\"\" href=\"https:\/\/pfkeepers.com\/english\/product\/najas-guadalupensis-guppy-grass\/\"> <span class=\"screen-reader-text\">Najas guadalupensis &#8216;Guppy Grass&#8217;<\/span> Read More &raquo;<\/a><\/p>","protected":false},"featured_media":359094,"template":"","meta":{"site-sidebar-layout":"default","site-content-layout":"","ast-site-content-layout":"","site-content-style":"default","site-sidebar-style":"default","ast-global-header-display":"","ast-banner-title-visibility":"","ast-main-header-display":"","ast-hfb-above-header-display":"","ast-hfb-below-header-display":"","ast-hfb-mobile-header-display":"","site-post-title":"","ast-breadcrumbs-content":"","ast-featured-img":"","footer-sml-layout":"","theme-transparent-header-meta":"","adv-header-id-meta":"","stick-header-meta":"","header-above-stick-meta":"","header-main-stick-meta":"","header-below-stick-meta":"","astra-migrate-meta-layouts":""},"product_cat":[1513],"product_tag":[],"_links":{"self":[{"href":"https:\/\/pfkeepers.com\/english\/wp-json\/wp\/v2\/product\/359093"}],"collection":[{"href":"https:\/\/pfkeepers.com\/english\/wp-json\/wp\/v2\/product"}],"about":[{"href":"https:\/\/pfkeepers.com\/english\/wp-json\/wp\/v2\/types\/product"}],"wp:featuredmedia":[{"embeddable":true,"href":"https:\/\/pfkeepers.com\/english\/wp-json\/wp\/v2\/media\/359094"}],"wp:attachment":[{"href":"https:\/\/pfkeepers.com\/english\/wp-json\/wp\/v2\/media?parent=359093"}],"wp:term":[{"taxonomy":"product_cat","embeddable":true,"href":"https:\/\/pfkeepers.com\/english\/wp-json\/wp\/v2\/product_cat?post=359093"},{"taxonomy":"product_tag","embeddable":true,"href":"https:\/\/pfkeepers.com\/english\/wp-json\/wp\/v2\/product_tag?post=359093"}],"curies":[{"name":"wp","href":"https:\/\/api.w.org\/{rel}","templated":true}]}}